{"id":2791,"date":"2022-06-14T11:41:45","date_gmt":"2022-06-14T09:41:45","guid":{"rendered":"https:\/\/yesilcember.eu\/?page_id=2791"},"modified":"2023-09-27T10:32:46","modified_gmt":"2023-09-27T08:32:46","slug":"partnerler","status":"publish","type":"page","link":"https:\/\/yesilcember.eu\/tr\/partnerler\/","title":{"rendered":"Partnerler"},"content":{"rendered":"\t\t<div data-elementor-type=\"wp-page\" data-elementor-id=\"2791\" class=\"elementor elementor-2791 elementor-411\">\n\t\t\t\t\t\t<section class=\"elementor-section elementor-top-section elementor-element elementor-element-e8019f8 elementor-section-full_width qode_elementor_container_inner elementor-section-height-default elementor-section-height-default parallax_section_no\" data-id=\"e8019f8\" data-element_type=\"section\" data-e-type=\"section\">\n\t\t\t\t\t\t<div class=\"elementor-container elementor-column-gap-default\">\n\t\t\t\t\t<div class=\"elementor-column elementor-col-100 elementor-top-column elementor-element elementor-element-ecb24a2\" data-id=\"ecb24a2\" data-element_type=\"column\" data-e-type=\"column\">\n\t\t\t<div class=\"elementor-widget-wrap elementor-element-populated\">\n\t\t\t\t\t\t<div class=\"elementor-element elementor-element-c417ab4 elementor-widget elementor-widget-heading\" data-id=\"c417ab4\" data-element_type=\"widget\" data-e-type=\"widget\" data-widget_type=\"heading.default\">\n\t\t\t\t<div class=\"elementor-widget-container\">\n\t\t\t\t\t<h1 class=\"elementor-heading-title elementor-size-default\">\u0130\u015f Ortaklar\u0131m\u0131z &amp; Sponsorlar\u0131m\u0131z<\/h1>\t\t\t\t<\/div>\n\t\t\t\t<\/div>\n\t\t\t\t<div class=\"elementor-element elementor-element-4cc5b41 elementor-widget elementor-widget-spacer\" data-id=\"4cc5b41\" data-element_type=\"widget\" data-e-type=\"widget\" data-widget_type=\"spacer.default\">\n\t\t\t\t<div class=\"elementor-widget-container\">\n\t\t\t\t\t\t\t<div class=\"elementor-spacer\">\n\t\t\t<div class=\"elementor-spacer-inner\"><\/div>\n\t\t<\/div>\n\t\t\t\t\t\t<\/div>\n\t\t\t\t<\/div>\n\t\t\t\t<div class=\"elementor-element elementor-element-692c38e elementor-widget elementor-widget-heading\" data-id=\"692c38e\" data-element_type=\"widget\" data-e-type=\"widget\" data-widget_type=\"heading.default\">\n\t\t\t\t<div class=\"elementor-widget-container\">\n\t\t\t\t\t<h5 class=\"elementor-heading-title elementor-size-default\">Ye\u015fil \u00c7ember bug\u00fcne kadar sivil toplum, i\u015f d\u00fcnyas\u0131, medya ve siyasetten 100'\u00fcn \u00fczerinde akt\u00f6rle \u00e7al\u0131\u015ft\u0131. \u0130\u015fte i\u015fbirliklerimizden baz\u0131 \u00f6rnekler:<\/h5>\t\t\t\t<\/div>\n\t\t\t\t<\/div>\n\t\t\t\t\t<\/div>\n\t\t<\/div>\n\t\t\t\t\t<\/div>\n\t\t<\/section>\n\t\t\t\t<section class=\"elementor-section elementor-top-section elementor-element elementor-element-edd0c1b elementor-section-boxed elementor-section-height-default elementor-section-height-default parallax_section_no qode_elementor_container_no\" data-id=\"edd0c1b\" data-element_type=\"section\" data-e-type=\"section\">\n\t\t\t\t\t\t<div class=\"elementor-container elementor-column-gap-default\">\n\t\t\t\t\t<div class=\"elementor-column elementor-col-100 elementor-top-column elementor-element elementor-element-abb0f2c\" data-id=\"abb0f2c\" data-element_type=\"column\" data-e-type=\"column\">\n\t\t\t<div class=\"elementor-widget-wrap\">\n\t\t\t\t\t\t\t<\/div>\n\t\t<\/div>\n\t\t\t\t\t<\/div>\n\t\t<\/section>\n\t\t\t\t<section class=\"elementor-section elementor-top-section elementor-element elementor-element-4ae80e1 elementor-section-boxed elementor-section-height-default elementor-section-height-default parallax_section_no qode_elementor_container_no\" data-id=\"4ae80e1\" data-element_type=\"section\" data-e-type=\"section\">\n\t\t\t\t\t\t<div class=\"elementor-container elementor-column-gap-default\">\n\t\t\t\t\t<div class=\"elementor-column elementor-col-100 elementor-top-column elementor-element elementor-element-a3ae7cc\" data-id=\"a3ae7cc\" data-element_type=\"column\" data-e-type=\"column\">\n\t\t\t<div class=\"elementor-widget-wrap elementor-element-populated\">\n\t\t\t\t\t\t<div class=\"elementor-element elementor-element-75507ce elementor-widget elementor-widget-spacer\" data-id=\"75507ce\" data-element_type=\"widget\" data-e-type=\"widget\" data-widget_type=\"spacer.default\">\n\t\t\t\t<div class=\"elementor-widget-container\">\n\t\t\t\t\t\t\t<div class=\"elementor-spacer\">\n\t\t\t<div class=\"elementor-spacer-inner\"><\/div>\n\t\t<\/div>\n\t\t\t\t\t\t<\/div>\n\t\t\t\t<\/div>\n\t\t\t\t\t<\/div>\n\t\t<\/div>\n\t\t\t\t\t<\/div>\n\t\t<\/section>\n\t\t\t\t<\/div>\n\t\t","protected":false},"excerpt":{"rendered":"<p>\u0130\u015f Ortaklar\u0131m\u0131z &#038; Sponsorlar\u0131m\u0131z Ye\u015fil \u00c7ember bug\u00fcne kadar sivil toplum, i\u015f d\u00fcnyas\u0131, medya ve siyasetten 100&#8217;\u00fcn \u00fczerinde akt\u00f6rle \u00e7al\u0131\u015ft\u0131. \u0130\u015fte i\u015fbirliklerimizden baz\u0131 \u00f6rnekler: AGA e. V. &quot;Deniz Kaplumba\u011falar\u0131&quot; sergisinin T\u00fcrk\u00e7e \u00e7evirisi i\u00e7in i\u015fbirli\u011fi orta\u011f\u0131 (2015) Ashoka gGmbH G\u00fclcan Nitsch, Fellow olarak bursla (2011-14) ve pro&#8230;<\/p>\n","protected":false},"author":1,"featured_media":0,"parent":0,"menu_order":0,"comment_status":"closed","ping_status":"closed","template":"full_width.php","meta":{"footnotes":""},"class_list":["post-2791","page","type-page","status-publish","hentry"],"_links":{"self":[{"href":"https:\/\/yesilcember.eu\/tr\/wp-json\/wp\/v2\/pages\/2791","targetHints":{"allow":["GET"]}}],"collection":[{"href":"https:\/\/yesilcember.eu\/tr\/wp-json\/wp\/v2\/pages"}],"about":[{"href":"https:\/\/yesilcember.eu\/tr\/wp-json\/wp\/v2\/types\/page"}],"author":[{"embeddable":true,"href":"https:\/\/yesilcember.eu\/tr\/wp-json\/wp\/v2\/users\/1"}],"replies":[{"embeddable":true,"href":"https:\/\/yesilcember.eu\/tr\/wp-json\/wp\/v2\/comments?post=2791"}],"version-history":[{"count":0,"href":"https:\/\/yesilcember.eu\/tr\/wp-json\/wp\/v2\/pages\/2791\/revisions"}],"wp:attachment":[{"href":"https:\/\/yesilcember.eu\/tr\/wp-json\/wp\/v2\/media?parent=2791"}],"curies":[{"name":"wp","href":"https:\/\/api.w.org\/{rel}","templated":true}]}}