{"id":2793,"date":"2022-06-14T11:43:18","date_gmt":"2022-06-14T09:43:18","guid":{"rendered":"https:\/\/yesilcember.eu\/?page_id=2793"},"modified":"2022-09-15T16:34:16","modified_gmt":"2022-09-15T14:34:16","slug":"bagis","status":"publish","type":"page","link":"https:\/\/yesilcember.eu\/tr\/bagis\/","title":{"rendered":"Ba\u011f\u0131\u015f"},"content":{"rendered":"\t\t<div data-elementor-type=\"wp-page\" data-elementor-id=\"2793\" class=\"elementor elementor-2793 elementor-415\">\n\t\t\t\t\t\t<section class=\"elementor-section elementor-top-section elementor-element elementor-element-55f8e9d8 qode_elementor_container_inner elementor-section-boxed elementor-section-height-default elementor-section-height-default parallax_section_no\" data-id=\"55f8e9d8\" data-element_type=\"section\">\n\t\t\t\t\t\t<div class=\"elementor-container elementor-column-gap-default\">\n\t\t\t\t\t<div class=\"elementor-column elementor-col-100 elementor-top-column elementor-element elementor-element-6113f158\" data-id=\"6113f158\" data-element_type=\"column\">\n\t\t\t<div class=\"elementor-widget-wrap elementor-element-populated\">\n\t\t\t\t\t\t<div class=\"elementor-element elementor-element-3b7a1513 elementor-widget elementor-widget-heading\" data-id=\"3b7a1513\" data-element_type=\"widget\" data-widget_type=\"heading.default\">\n\t\t\t\t<div class=\"elementor-widget-container\">\n\t\t\t\t\t<h1 class=\"elementor-heading-title elementor-size-default\">Ba\u011f\u0131\u015flar\u0131n\u0131z ve sponsorluk katk\u0131lar\u0131n\u0131zla Ye\u015fil \u00c7ember'i kolay, g\u00fcvenli ve etkili bir \u015fekilde destekleyin!<\/h1>\t\t\t\t<\/div>\n\t\t\t\t<\/div>\n\t\t\t\t<div class=\"elementor-element elementor-element-710f62f8 elementor-widget elementor-widget-spacer\" data-id=\"710f62f8\" data-element_type=\"widget\" data-widget_type=\"spacer.default\">\n\t\t\t\t<div class=\"elementor-widget-container\">\n\t\t\t\t\t\t\t<div class=\"elementor-spacer\">\n\t\t\t<div class=\"elementor-spacer-inner\"><\/div>\n\t\t<\/div>\n\t\t\t\t\t\t<\/div>\n\t\t\t\t<\/div>\n\t\t\t\t\t<\/div>\n\t\t<\/div>\n\t\t\t\t\t<\/div>\n\t\t<\/section>\n\t\t\t\t<section class=\"elementor-section elementor-top-section elementor-element elementor-element-b11c4f3 elementor-section-boxed elementor-section-height-default elementor-section-height-default parallax_section_no qode_elementor_container_no\" data-id=\"b11c4f3\" data-element_type=\"section\">\n\t\t\t\t\t\t<div class=\"elementor-container elementor-column-gap-default\">\n\t\t\t\t\t<div class=\"elementor-column elementor-col-100 elementor-top-column elementor-element elementor-element-b6de82b\" data-id=\"b6de82b\" data-element_type=\"column\">\n\t\t\t<div class=\"elementor-widget-wrap elementor-element-populated\">\n\t\t\t\t\t\t<div class=\"elementor-element elementor-element-c10b219 elementor-widget elementor-widget-shortcode\" data-id=\"c10b219\" data-element_type=\"widget\" data-widget_type=\"shortcode.default\">\n\t\t\t\t<div class=\"elementor-widget-container\">\n\t\t\t\t\t\t\t<div class=\"elementor-shortcode\"><!-- twingle -->\n<iframe src=\"https:\/\/spenden.twingle.de\/yesil-cember\/interkulturelle-umweltbildung\/tw62d66d6006d7b\/form\" style=\"width: 100%; border: none; overflow: hidden; height: 450px; position: relative; z-index: 2;\"><\/iframe>\n<script src=\"https:\/\/spenden.twingle.de\/embed\/generic\"><\/script>\n<!-- twingle --><\/div>\n\t\t\t\t\t\t<\/div>\n\t\t\t\t<\/div>\n\t\t\t\t\t<\/div>\n\t\t<\/div>\n\t\t\t\t\t<\/div>\n\t\t<\/section>\n\t\t\t\t<section class=\"elementor-section elementor-top-section elementor-element elementor-element-0897f65 qode_elementor_container_inner elementor-section-boxed elementor-section-height-default elementor-section-height-default parallax_section_no\" data-id=\"0897f65\" data-element_type=\"section\">\n\t\t\t\t\t\t<div class=\"elementor-container elementor-column-gap-default\">\n\t\t\t\t\t<div class=\"elementor-column elementor-col-100 elementor-top-column elementor-element elementor-element-cfde8ad\" data-id=\"cfde8ad\" data-element_type=\"column\">\n\t\t\t<div class=\"elementor-widget-wrap elementor-element-populated\">\n\t\t\t\t\t\t<div class=\"elementor-element elementor-element-fa68360 elementor-widget elementor-widget-heading\" data-id=\"fa68360\" data-element_type=\"widget\" data-widget_type=\"heading.default\">\n\t\t\t\t<div class=\"elementor-widget-container\">\n\t\t\t\t\t<h2 class=\"elementor-heading-title elementor-size-default\">Ba\u011f\u0131\u015flar\u0131n\u0131z\u0131 \u00f6rne\u011fin \u015fu ama\u00e7larla kullan\u0131yoruz:<\/h2>\t\t\t\t<\/div>\n\t\t\t\t<\/div>\n\t\t\t\t<div class=\"elementor-element elementor-element-b9e3ddb elementor-widget elementor-widget-spacer\" data-id=\"b9e3ddb\" data-element_type=\"widget\" data-widget_type=\"spacer.default\">\n\t\t\t\t<div class=\"elementor-widget-container\">\n\t\t\t\t\t\t\t<div class=\"elementor-spacer\">\n\t\t\t<div class=\"elementor-spacer-inner\"><\/div>\n\t\t<\/div>\n\t\t\t\t\t\t<\/div>\n\t\t\t\t<\/div>\n\t\t\t\t\t<\/div>\n\t\t<\/div>\n\t\t\t\t\t<\/div>\n\t\t<\/section>\n\t\t\t\t<section class=\"elementor-section elementor-top-section elementor-element elementor-element-afc5d18 elementor-section-boxed elementor-section-height-default elementor-section-height-default parallax_section_no qode_elementor_container_no\" data-id=\"afc5d18\" data-element_type=\"section\">\n\t\t\t\t\t\t<div class=\"elementor-container elementor-column-gap-default\">\n\t\t\t\t\t<div class=\"elementor-column elementor-col-33 elementor-top-column elementor-element elementor-element-7cebdb7\" data-id=\"7cebdb7\" data-element_type=\"column\">\n\t\t\t<div class=\"elementor-widget-wrap elementor-element-populated\">\n\t\t\t\t\t\t<div class=\"elementor-element elementor-element-b8c6416 elementor-position-top elementor-widget elementor-widget-image-box\" data-id=\"b8c6416\" data-element_type=\"widget\" data-widget_type=\"image-box.default\">\n\t\t\t\t<div class=\"elementor-widget-container\">\n\t\t\t\t\t<div class=\"elementor-image-box-wrapper\"><figure class=\"elementor-image-box-img\"><img fetchpriority=\"high\" decoding=\"async\" width=\"900\" height=\"632\" src=\"https:\/\/yesilcember.eu\/wp-content\/uploads\/2022\/07\/yesil-cember-projekte2_workshops.jpg\" class=\"attachment-full size-full wp-image-2019\" alt=\"\" srcset=\"https:\/\/yesilcember.eu\/wp-content\/uploads\/2022\/07\/yesil-cember-projekte2_workshops.jpg 900w, https:\/\/yesilcember.eu\/wp-content\/uploads\/2022\/07\/yesil-cember-projekte2_workshops-300x211.jpg 300w, https:\/\/yesilcember.eu\/wp-content\/uploads\/2022\/07\/yesil-cember-projekte2_workshops-768x539.jpg 768w, https:\/\/yesilcember.eu\/wp-content\/uploads\/2022\/07\/yesil-cember-projekte2_workshops-700x492.jpg 700w\" sizes=\"(max-width: 900px) 100vw, 900px\" \/><\/figure><div class=\"elementor-image-box-content\"><h3 class=\"elementor-image-box-title\">\u00e7evre el\u00e7ileri e\u011fitmek<\/h3><\/div><\/div>\t\t\t\t<\/div>\n\t\t\t\t<\/div>\n\t\t\t\t\t<\/div>\n\t\t<\/div>\n\t\t\t\t<div class=\"elementor-column elementor-col-33 elementor-top-column elementor-element elementor-element-10602e8\" data-id=\"10602e8\" data-element_type=\"column\">\n\t\t\t<div class=\"elementor-widget-wrap elementor-element-populated\">\n\t\t\t\t\t\t<div class=\"elementor-element elementor-element-019b905 elementor-position-top elementor-widget elementor-widget-image-box\" data-id=\"019b905\" data-element_type=\"widget\" data-widget_type=\"image-box.default\">\n\t\t\t\t<div class=\"elementor-widget-container\">\n\t\t\t\t\t<div class=\"elementor-image-box-wrapper\"><figure class=\"elementor-image-box-img\"><img decoding=\"async\" width=\"900\" height=\"632\" src=\"https:\/\/yesilcember.eu\/wp-content\/uploads\/2022\/07\/yesil-cember-projekte2_publikationen.jpg\" class=\"attachment-full size-full wp-image-2018\" alt=\"\" srcset=\"https:\/\/yesilcember.eu\/wp-content\/uploads\/2022\/07\/yesil-cember-projekte2_publikationen.jpg 900w, https:\/\/yesilcember.eu\/wp-content\/uploads\/2022\/07\/yesil-cember-projekte2_publikationen-300x211.jpg 300w, https:\/\/yesilcember.eu\/wp-content\/uploads\/2022\/07\/yesil-cember-projekte2_publikationen-768x539.jpg 768w, https:\/\/yesilcember.eu\/wp-content\/uploads\/2022\/07\/yesil-cember-projekte2_publikationen-700x492.jpg 700w\" sizes=\"(max-width: 900px) 100vw, 900px\" \/><\/figure><div class=\"elementor-image-box-content\"><h3 class=\"elementor-image-box-title\">k\u00fclt\u00fcre \u00f6zg\u00fc e\u011fitim materyalleri geli\u015ftirmek<\/h3><\/div><\/div>\t\t\t\t<\/div>\n\t\t\t\t<\/div>\n\t\t\t\t\t<\/div>\n\t\t<\/div>\n\t\t\t\t<div class=\"elementor-column elementor-col-33 elementor-top-column elementor-element elementor-element-bdac996\" data-id=\"bdac996\" data-element_type=\"column\">\n\t\t\t<div class=\"elementor-widget-wrap elementor-element-populated\">\n\t\t\t\t\t\t<div class=\"elementor-element elementor-element-db36041 elementor-position-top elementor-widget elementor-widget-image-box\" data-id=\"db36041\" data-element_type=\"widget\" data-widget_type=\"image-box.default\">\n\t\t\t\t<div class=\"elementor-widget-container\">\n\t\t\t\t\t<div class=\"elementor-image-box-wrapper\"><figure class=\"elementor-image-box-img\"><img decoding=\"async\" width=\"900\" height=\"632\" src=\"https:\/\/yesilcember.eu\/wp-content\/uploads\/2022\/07\/yesil-cember-projekte2_events.jpg\" class=\"attachment-full size-full wp-image-2020\" alt=\"\" srcset=\"https:\/\/yesilcember.eu\/wp-content\/uploads\/2022\/07\/yesil-cember-projekte2_events.jpg 900w, https:\/\/yesilcember.eu\/wp-content\/uploads\/2022\/07\/yesil-cember-projekte2_events-300x211.jpg 300w, https:\/\/yesilcember.eu\/wp-content\/uploads\/2022\/07\/yesil-cember-projekte2_events-768x539.jpg 768w, https:\/\/yesilcember.eu\/wp-content\/uploads\/2022\/07\/yesil-cember-projekte2_events-700x492.jpg 700w\" sizes=\"(max-width: 900px) 100vw, 900px\" \/><\/figure><div class=\"elementor-image-box-content\"><h3 class=\"elementor-image-box-title\">k\u00fclt\u00fcrleraras\u0131 etkinlikler d\u00fczenlemek<\/h3><\/div><\/div>\t\t\t\t<\/div>\n\t\t\t\t<\/div>\n\t\t\t\t\t<\/div>\n\t\t<\/div>\n\t\t\t\t\t<\/div>\n\t\t<\/section>\n\t\t\t\t<\/div>\n\t\t","protected":false},"excerpt":{"rendered":"<p>Ba\u011f\u0131\u015flar\u0131n\u0131z ve sponsorluk katk\u0131lar\u0131n\u0131zla Ye\u015fil \u00c7ember&#8217;i kolay, g\u00fcvenli ve etkili bir \u015fekilde destekleyin! Ba\u011f\u0131\u015flar\u0131n\u0131z\u0131 \u00f6rne\u011fin \u015fu ama\u00e7larla kullan\u0131yoruz: \u00e7evre el\u00e7ileri e\u011fitmek k\u00fclt\u00fcre \u00f6zg\u00fc e\u011fitim materyalleri geli\u015ftirmek k\u00fclt\u00fcrleraras\u0131 etkinlikler d\u00fczenlemek<\/p>\n","protected":false},"author":1,"featured_media":0,"parent":0,"menu_order":0,"comment_status":"closed","ping_status":"closed","template":"full_width.php","meta":{"footnotes":""},"class_list":["post-2793","page","type-page","status-publish","hentry"],"_links":{"self":[{"href":"https:\/\/yesilcember.eu\/tr\/wp-json\/wp\/v2\/pages\/2793","targetHints":{"allow":["GET"]}}],"collection":[{"href":"https:\/\/yesilcember.eu\/tr\/wp-json\/wp\/v2\/pages"}],"about":[{"href":"https:\/\/yesilcember.eu\/tr\/wp-json\/wp\/v2\/types\/page"}],"author":[{"embeddable":true,"href":"https:\/\/yesilcember.eu\/tr\/wp-json\/wp\/v2\/users\/1"}],"replies":[{"embeddable":true,"href":"https:\/\/yesilcember.eu\/tr\/wp-json\/wp\/v2\/comments?post=2793"}],"version-history":[{"count":0,"href":"https:\/\/yesilcember.eu\/tr\/wp-json\/wp\/v2\/pages\/2793\/revisions"}],"wp:attachment":[{"href":"https:\/\/yesilcember.eu\/tr\/wp-json\/wp\/v2\/media?parent=2793"}],"curies":[{"name":"wp","href":"https:\/\/api.w.org\/{rel}","templated":true}]}}