{"id":2803,"date":"2022-06-14T11:30:59","date_gmt":"2022-06-14T09:30:59","guid":{"rendered":"https:\/\/yesilcember.eu\/?page_id=2803"},"modified":"2023-10-13T11:19:58","modified_gmt":"2023-10-13T09:19:58","slug":"gecmis-vizyon","status":"publish","type":"page","link":"https:\/\/yesilcember.eu\/tr\/gecmis-vizyon\/","title":{"rendered":"Ge\u00e7mi\u015f &#038; Vizyon"},"content":{"rendered":"\t\t<div data-elementor-type=\"wp-page\" data-elementor-id=\"2803\" class=\"elementor elementor-2803 elementor-374\">\n\t\t\t\t\t\t<section class=\"elementor-section elementor-top-section elementor-element elementor-element-91a84ae elementor-section-boxed elementor-section-height-default elementor-section-height-default parallax_section_no qode_elementor_container_no\" data-id=\"91a84ae\" data-element_type=\"section\" data-e-type=\"section\">\n\t\t\t\t\t\t<div class=\"elementor-container elementor-column-gap-default\">\n\t\t\t\t\t<div class=\"elementor-column elementor-col-100 elementor-top-column elementor-element elementor-element-bafe398\" data-id=\"bafe398\" data-element_type=\"column\" data-e-type=\"column\">\n\t\t\t<div class=\"elementor-widget-wrap elementor-element-populated\">\n\t\t\t\t\t\t<div class=\"elementor-element elementor-element-0cfc07a elementor-widget elementor-widget-image\" data-id=\"0cfc07a\" data-element_type=\"widget\" data-e-type=\"widget\" data-widget_type=\"image.default\">\n\t\t\t\t<div class=\"elementor-widget-container\">\n\t\t\t\t\t\t\t\t\t\t\t\t\t\t\t<img decoding=\"async\" src=\"https:\/\/yesilcember.eu\/wp-content\/uploads\/2022\/06\/david-vig-qwHHOC2z5Xs-unsplash-1300x650.jpg\" title=\"david-vig-qwHHOC2z5Xs-unsplash\" alt=\"david-vig-qwHHOC2z5Xs-unsplash\" loading=\"lazy\" \/>\t\t\t\t\t\t\t\t\t\t\t\t\t\t\t<\/div>\n\t\t\t\t<\/div>\n\t\t\t\t\t<\/div>\n\t\t<\/div>\n\t\t\t\t\t<\/div>\n\t\t<\/section>\n\t\t\t\t<section class=\"elementor-section elementor-top-section elementor-element elementor-element-3e7fd362 elementor-section-full_width qode_elementor_container_inner elementor-section-height-default elementor-section-height-default parallax_section_no\" data-id=\"3e7fd362\" data-element_type=\"section\" data-e-type=\"section\">\n\t\t\t\t\t\t<div class=\"elementor-container elementor-column-gap-default\">\n\t\t\t\t\t<div class=\"elementor-column elementor-col-100 elementor-top-column elementor-element elementor-element-2b6ad0fd\" data-id=\"2b6ad0fd\" data-element_type=\"column\" data-e-type=\"column\">\n\t\t\t<div class=\"elementor-widget-wrap elementor-element-populated\">\n\t\t\t\t\t\t<div class=\"elementor-element elementor-element-3f019b51 elementor-widget elementor-widget-heading\" data-id=\"3f019b51\" data-element_type=\"widget\" data-e-type=\"widget\" data-widget_type=\"heading.default\">\n\t\t\t\t<div class=\"elementor-widget-container\">\n\t\t\t\t\t<h1 class=\"elementor-heading-title elementor-size-default\">Biz Kimiz<\/h1>\t\t\t\t<\/div>\n\t\t\t\t<\/div>\n\t\t\t\t<div class=\"elementor-element elementor-element-58ade62 elementor-widget elementor-widget-spacer\" data-id=\"58ade62\" data-element_type=\"widget\" data-e-type=\"widget\" data-widget_type=\"spacer.default\">\n\t\t\t\t<div class=\"elementor-widget-container\">\n\t\t\t\t\t\t\t<div class=\"elementor-spacer\">\n\t\t\t<div class=\"elementor-spacer-inner\"><\/div>\n\t\t<\/div>\n\t\t\t\t\t\t<\/div>\n\t\t\t\t<\/div>\n\t\t\t\t\t<\/div>\n\t\t<\/div>\n\t\t\t\t\t<\/div>\n\t\t<\/section>\n\t\t\t\t<section class=\"elementor-section elementor-top-section elementor-element elementor-element-2db3200 elementor-section-boxed elementor-section-height-default elementor-section-height-default parallax_section_no qode_elementor_container_no\" data-id=\"2db3200\" data-element_type=\"section\" data-e-type=\"section\">\n\t\t\t\t\t\t<div class=\"elementor-container elementor-column-gap-default\">\n\t\t\t\t\t<div class=\"elementor-column elementor-col-100 elementor-top-column elementor-element elementor-element-389f9ea\" data-id=\"389f9ea\" data-element_type=\"column\" data-e-type=\"column\">\n\t\t\t<div class=\"elementor-widget-wrap elementor-element-populated\">\n\t\t\t\t\t\t<div class=\"elementor-element elementor-element-0cfdfd6 elementor-widget elementor-widget-text-editor\" data-id=\"0cfdfd6\" data-element_type=\"widget\" data-e-type=\"widget\" data-widget_type=\"text-editor.default\">\n\t\t\t\t<div class=\"elementor-widget-container\">\n\t\t\t\t\t\t\t\t\t<h3><b>Ye\u015fil \u00c7ember Ne Yapar?<\/b><\/h3><p><span style=\"font-weight: 400;\">2007 y\u0131l\u0131ndan beri, Almanya\u2018da, \u00f6zellikle T\u00fcrk\u00e7e konu\u015fan insanlar\u0131, do\u011fay\u0131 korumalar\u0131 i\u00e7in bilin\u00e7lendiriyor ve harekete ge\u00e7iriyoruz. Yapt\u0131\u011f\u0131m\u0131z \u00e7al\u0131\u015fmalarla d\u00fcnyaya zarar vermeden, \u00e7evre dostu ve s\u00fcrd\u00fcr\u00fclebilir bir ya\u015fam\u0131n pekala m\u00fcmk\u00fcn oldu\u011funu g\u00f6steriyoruz. \u00c7e\u015fitli \u00e7evre konular\u0131 hakk\u0131nda T\u00fcrk\u00e7e-Almanca ve Arap\u00e7a-Almanca <\/span><a href=\"http:\/\/yesilcember.eu\/tr\/yayinlar\/\"><b>bilgilendirme bro\u015f\u00fcrleri<\/b><\/a><span style=\"font-weight: 400;\"> yay\u0131nl\u0131yor ve \u00f6zellikle g\u00f6\u00e7men k\u00f6kenli dernekler, i\u015fyerleri ve di\u011fer bulu\u015fma merkezlerinde e\u011fitimler ve seminerler sunuyoruz. Bunun yan\u0131 s\u0131ra do\u011fa gezileri d\u00fczenliyor, g\u00f6n\u00fcll\u00fc \u00e7evre el\u00e7ileri yeti\u015ftiriyor ve farkl\u0131 \u00e7evre konular\u0131nda <\/span><span style=\"font-weight: 400;\">projeler<\/span><span style=\"font-weight: 400;\"> y\u00fcr\u00fct\u00fcyoruz.<\/span><\/p><p><span style=\"font-weight: 400;\">Ayr\u0131ca \u00e7evre alan\u0131nda \u00e7al\u0131\u0219an bir\u00e7ok akt\u00f6re dan\u0131\u015fmanl\u0131k sunup, k\u00fclt\u00fcrleraras\u0131 bir k\u00f6pr\u00fc olu\u015fturuyoruz.<\/span><\/p><h3><b>T\u00fcrk-Alman \u00c7evre G\u00fcnleri<\/b><\/h3><p><span style=\"font-weight: 400;\">Ye\u015fil \u00c7ember, g\u00f6\u00e7men dernekleri, Alman \u00e7evre organizasyonlar\u0131 ve yerel politikayla birlikte \u015fimdiye kadar Almanya\u2019n\u0131n 8 \u015fehrinde toplam 20 \u00c7evre G\u00fcn\u00fc ger\u00e7ekle\u015ftirerek binlerce insana ula\u0219t\u0131.<\/span><\/p><h3><b>\u00c7evre E\u011fitimi &amp; G\u00fc\u00e7lendirme<\/b><\/h3><p><span style=\"font-weight: 400;\">E\u011fitim d\u00fczeyi fazla y\u00fcksek olmayan &#8211; hatta okuma yazma bilmeyen &#8211; insanlara da ula\u015fabilmek i\u00e7in etkili ve kolay anla\u015f\u0131l\u0131r bir e\u011fitim program\u0131 geli\u015ftirdik. E\u011fitimlere kat\u0131lan \u201c\u00c7evre El\u00e7ileri\u201d, \u00f6\u011frendiklerini \u00f6nce kendi hayatlar\u0131nda uyguluyorlar, sonra etraflar\u0131ndaki insanlara anlat\u0131yorlar. Dortmund Y\u00fcksekokulu, yapt\u0131\u011f\u0131 ara\u0219t\u0131rma sonucu, bu e\u011fitimlere kat\u0131lan ki\u015filerin, iklimi ve do\u011fay\u0131 koruma kat\u0131l\u0131mlar\u0131n\u0131n artt\u0131\u011f\u0131n\u0131 ortaya \u00e7\u0131karm\u0131\u015ft\u0131r.\u00a0<\/span><\/p><h3><b>K\u00fclt\u00fcrleraras\u0131 Ekolojik A\u011f<\/b><\/h3><p><span style=\"font-weight: 400;\">Ye\u015fil \u00c7ember k\u00fclt\u00fcrleraras\u0131 ekolojik bir a\u011f kuruyor. Bu a\u011fda sivil toplum, ekonomi, medya ve politika alanlar\u0131nda y\u00fczden fazla akt\u00f6r yer al\u0131yor. Bu a\u011f sayesinde hem Alman \u00e7evre kurumlar\u0131, hem de ekolojik \u015firketler k\u00fclt\u00fcrleraras\u0131 a\u00e7\u0131l\u0131mlar\u0131nda destek buluyor.\u00a0<\/span><\/p><h3><b>A\u011f Kurma &amp; Sinerji<\/b><\/h3><p><span style=\"font-weight: 400;\">Ye\u015fil \u00c7ember\u2019 in hedefi, tekerle\u011fi yeniden icat etmek de\u011fil, var olan yap\u0131 ve imkanlar\u0131 ak\u0131ll\u0131 kullanmakt\u0131r. S\u00fcrd\u00fcr\u00fclebilir Aksiyon G\u00fcnleri\u2019ne, Berlin \u00c7evre Festivali\u2019ne, Berlin \u0130klim G\u00fcn\u00fc\u2018ne veya Duisburg \u00c7evre G\u00fcnlerine aktif kat\u0131lmak buna sadece birka\u00e7 \u00f6rnek. Ayr\u0131ca mitinglere, halk oylamalar\u0131na veya imza kampanyalar\u0131na kat\u0131lmak da faaliyetlerimiz aras\u0131ndad\u0131r.<\/span><\/p><h3><b>Almanya T\u00fcrkiye Aras\u0131nda K\u00f6pr\u00fc<\/b><\/h3><p><span style=\"font-weight: 400;\">Ye\u015fil \u00c7ember, sadece Almanya\u2019da k\u00fclt\u00fcrleraras\u0131 bir k\u00f6pr\u00fc de\u011fil, ayn\u0131 zamanda Almanya ve T\u00fcrkiye aras\u0131nda da ileti\u015fim sa\u011flamaktad\u0131r. 2010`da Berlin ve \u0130stanbul karde\u015f \u015fehirler etkinliklerinde, 2011`de Berlin \u00c7evre Senat\u00f6r\u00fc Katrin Lompscher`in delegasyon seyahatinin organizasyonunda yer alm\u0131\u015ft\u0131r. Ayr\u0131ca \u00d6ko \u0130nstitut kurumuna \u0130stanbul\u2019da d\u00fczenlenen Mavi Melek Konferans\u0131 i\u00e7in dan\u0131\u015fmanl\u0131k yapm\u0131\u015ft\u0131r (2013).<\/span><\/p><h3><b>Organizasyonun Tarih\u00e7esi<\/b><\/h3><p><span style=\"font-weight: 400;\">Aral\u0131k 2006: G. Nitsch ve 10 G\u00f6n\u00fcll\u00fc, BUND Berlin \u00e7at\u0131s\u0131 alt\u0131nda Ye\u015fil \u00c7ember\u2019 i bir \u00e7al\u0131\u015fma grubu olarak kurdu.<\/span><\/p><p><span style=\"font-weight: 400;\">Temmuz 2012: G. Nitsch Ye\u015fil \u00c7ember \u2013 \u00f6kologisch interkulturell gemeinn\u00fctzige GmbH` y\u0131 bir sosyal \u0219irket olarak kurdu.\u00a0<\/span><\/p>\t\t\t\t\t\t\t\t<\/div>\n\t\t\t\t<\/div>\n\t\t\t\t\t<\/div>\n\t\t<\/div>\n\t\t\t\t\t<\/div>\n\t\t<\/section>\n\t\t\t\t<\/div>\n\t\t","protected":false},"excerpt":{"rendered":"<p>Biz Kimiz Ye\u015fil \u00c7ember Ne Yapar? 2007 y\u0131l\u0131ndan beri, Almanya\u2018da, \u00f6zellikle T\u00fcrk\u00e7e konu\u015fan insanlar\u0131, do\u011fay\u0131 korumalar\u0131 i\u00e7in bilin\u00e7lendiriyor ve harekete ge\u00e7iriyoruz. Yapt\u0131\u011f\u0131m\u0131z \u00e7al\u0131\u015fmalarla d\u00fcnyaya zarar vermeden, \u00e7evre dostu ve s\u00fcrd\u00fcr\u00fclebilir bir ya\u015fam\u0131n pekala m\u00fcmk\u00fcn oldu\u011funu g\u00f6steriyoruz. \u00c7e\u015fitli \u00e7evre konular\u0131 hakk\u0131nda T\u00fcrk\u00e7e-Almanca ve Arap\u00e7a-Almanca bilgilendirme bro\u015f\u00fcrleri&#8230;<\/p>\n","protected":false},"author":1,"featured_media":0,"parent":0,"menu_order":0,"comment_status":"closed","ping_status":"closed","template":"full_width.php","meta":{"footnotes":""},"class_list":["post-2803","page","type-page","status-publish","hentry"],"_links":{"self":[{"href":"https:\/\/yesilcember.eu\/tr\/wp-json\/wp\/v2\/pages\/2803","targetHints":{"allow":["GET"]}}],"collection":[{"href":"https:\/\/yesilcember.eu\/tr\/wp-json\/wp\/v2\/pages"}],"about":[{"href":"https:\/\/yesilcember.eu\/tr\/wp-json\/wp\/v2\/types\/page"}],"author":[{"embeddable":true,"href":"https:\/\/yesilcember.eu\/tr\/wp-json\/wp\/v2\/users\/1"}],"replies":[{"embeddable":true,"href":"https:\/\/yesilcember.eu\/tr\/wp-json\/wp\/v2\/comments?post=2803"}],"version-history":[{"count":0,"href":"https:\/\/yesilcember.eu\/tr\/wp-json\/wp\/v2\/pages\/2803\/revisions"}],"wp:attachment":[{"href":"https:\/\/yesilcember.eu\/tr\/wp-json\/wp\/v2\/media?parent=2803"}],"curies":[{"name":"wp","href":"https:\/\/api.w.org\/{rel}","templated":true}]}}