{"id":3151,"date":"2022-07-05T13:08:37","date_gmt":"2022-07-05T11:08:37","guid":{"rendered":"https:\/\/yesilcember.eu\/?page_id=3151"},"modified":"2022-10-06T13:49:53","modified_gmt":"2022-10-06T11:49:53","slug":"birlikte-adil-kuresel","status":"publish","type":"page","link":"https:\/\/yesilcember.eu\/tr\/bitmis-projeler\/birlikte-adil-kuresel\/","title":{"rendered":"Birlikte.Adil.K\u00fcresel"},"content":{"rendered":"\t\t<div data-elementor-type=\"wp-page\" data-elementor-id=\"3151\" class=\"elementor elementor-3151 elementor-1354\">\n\t\t\t\t\t\t<section class=\"elementor-section elementor-top-section elementor-element elementor-element-3e7fd362 elementor-section-full_width qode_elementor_container_inner elementor-section-height-default elementor-section-height-default parallax_section_no\" data-id=\"3e7fd362\" data-element_type=\"section\">\n\t\t\t\t\t\t<div class=\"elementor-container elementor-column-gap-default\">\n\t\t\t\t\t<div class=\"elementor-column elementor-col-100 elementor-top-column elementor-element elementor-element-2b6ad0fd\" data-id=\"2b6ad0fd\" data-element_type=\"column\">\n\t\t\t<div class=\"elementor-widget-wrap elementor-element-populated\">\n\t\t\t\t\t\t<div class=\"elementor-element elementor-element-3f019b51 elementor-widget elementor-widget-heading\" data-id=\"3f019b51\" data-element_type=\"widget\" data-widget_type=\"heading.default\">\n\t\t\t\t<div class=\"elementor-widget-container\">\n\t\t\t\t\t<h1 class=\"elementor-heading-title elementor-size-default\">Birlikte. Adil. K\u00fcresel<\/h1>\t\t\t\t<\/div>\n\t\t\t\t<\/div>\n\t\t\t\t<div class=\"elementor-element elementor-element-aecc636 elementor-widget elementor-widget-heading\" data-id=\"aecc636\" data-element_type=\"widget\" data-widget_type=\"heading.default\">\n\t\t\t\t<div class=\"elementor-widget-container\">\n\t\t\t\t\t<h4 class=\"elementor-heading-title elementor-size-default\">Pek \u00e7ok insan k\u00fcresel \u00f6\u011frenmeye ve \"herkes i\u00e7in iyi bir ya\u015fam\" konusundaki tart\u0131\u015fmalara dahil olmaz. Hatta \u00e7o\u011funlukla bu tart\u0131\u015fmalardan \u00e7e\u015fitli sebeplerle d\u0131\u015flan\u0131rlar; mesela bu konular\u0131n onlar\u0131 ilgilendirmedi\u011fi d\u00fc\u015f\u00fcn\u00fcl\u00fcr, g\u00f6r\u00fc\u015flerinin \u00f6nemli olmad\u0131\u011f\u0131 varsay\u0131l\u0131r ya da bu tarz tart\u0131\u015fmalara girebilecek ortamlardan haberdar de\u011fillerdir. Di\u011fer taraftan kimileri de umutlar\u0131 olmad\u0131\u011f\u0131ndan ya da sorunlar\u0131 \u00e7ok karma\u015f\u0131k bulduklar\u0131ndan bu konulara s\u0131rt \u00e7evirmeyi tercih ederler. Bu d\u0131\u015flamalar haks\u0131z, tart\u0131\u015fmalar\u0131 ise dar ve sonu\u00e7lar\u0131 \u00e7o\u011fu insan\u0131n i\u015fine yaramayacak \u00e7\u00f6z\u00fcmler \u00fcretmeye y\u00f6neliktir. Bu alanda da g\u00fc\u00e7 ili\u015fkileri i\u015f ba\u015f\u0131nda ve  toplumun genelinde oldu\u011fu gibi temsil a\u00e7\u0131klar\u0131 bulunmaktad\u0131r. Biz bunu de\u011fi\u015ftirmek istiyoruz!\n<\/h4>\t\t\t\t<\/div>\n\t\t\t\t<\/div>\n\t\t\t\t<div class=\"elementor-element elementor-element-58ade62 elementor-widget elementor-widget-spacer\" data-id=\"58ade62\" data-element_type=\"widget\" data-widget_type=\"spacer.default\">\n\t\t\t\t<div class=\"elementor-widget-container\">\n\t\t\t\t\t\t\t<div class=\"elementor-spacer\">\n\t\t\t<div class=\"elementor-spacer-inner\"><\/div>\n\t\t<\/div>\n\t\t\t\t\t\t<\/div>\n\t\t\t\t<\/div>\n\t\t\t\t\t<\/div>\n\t\t<\/div>\n\t\t\t\t\t<\/div>\n\t\t<\/section>\n\t\t\t\t<section class=\"elementor-section elementor-top-section elementor-element elementor-element-1eeb0d4b elementor-section-full_width elementor-section-content-middle qode_elementor_container_inner elementor-section-height-default elementor-section-height-default parallax_section_no\" data-id=\"1eeb0d4b\" data-element_type=\"section\">\n\t\t\t\t\t\t<div class=\"elementor-container elementor-column-gap-default\">\n\t\t\t\t\t<div class=\"elementor-column elementor-col-50 elementor-top-column elementor-element elementor-element-76986e26\" data-id=\"76986e26\" data-element_type=\"column\">\n\t\t\t<div class=\"elementor-widget-wrap elementor-element-populated\">\n\t\t\t\t\t\t<div class=\"elementor-element elementor-element-ca2b1b1 elementor-widget elementor-widget-bridge_image_slider_no_space\" data-id=\"ca2b1b1\" data-element_type=\"widget\" data-widget_type=\"bridge_image_slider_no_space.default\">\n\t\t\t\t<div class=\"elementor-widget-container\">\n\t\t\t\t\t<div class='qode_image_gallery_no_space light'>\n            <div class='qode_image_gallery_holder' style='height: 498px;'>\n                <ul ><li >\n                    <div style=\"height: 498px; width:374px;\"><img decoding=\"async\" itemprop=\"image\" src=\"https:\/\/yesilcember.eu\/wp-content\/uploads\/2022\/07\/WhatsApp-Image-2022-05-31-at-11.28.131.jpeg\" alt=\"\" \/><\/div><\/li><li >\n                    <div style=\"height: 498px; width:664px;\"><img decoding=\"async\" itemprop=\"image\" src=\"https:\/\/yesilcember.eu\/wp-content\/uploads\/2022\/07\/WhatsApp-Image-2022-05-31-at-11.28.125.jpeg\" alt=\"\" \/><\/div><\/li><li >\n                    <div style=\"height: 498px; width:374px;\"><img decoding=\"async\" itemprop=\"image\" src=\"https:\/\/yesilcember.eu\/wp-content\/uploads\/2022\/07\/WhatsApp-Image-2022-05-31-at-11.28.135.jpeg\" alt=\"\" \/><\/div><\/li><\/ul>\n          <\/div>\n          <div class='controls'>\n              <a class='prev-slide' href='#'><span><i class='fa fa-angle-left'><\/i><\/span><\/a>\n              <a class='next-slide' href='#'><span><i class='fa fa-angle-right'><\/i><\/span><\/a>\n          <\/div>\n      <\/div>\t\t\t\t<\/div>\n\t\t\t\t<\/div>\n\t\t\t\t\t<\/div>\n\t\t<\/div>\n\t\t\t\t<div class=\"elementor-column elementor-col-50 elementor-top-column elementor-element elementor-element-745c312a\" data-id=\"745c312a\" data-element_type=\"column\">\n\t\t\t<div class=\"elementor-widget-wrap elementor-element-populated\">\n\t\t\t\t\t\t<div class=\"elementor-element elementor-element-2c9d03de elementor-widget elementor-widget-spacer\" data-id=\"2c9d03de\" data-element_type=\"widget\" data-widget_type=\"spacer.default\">\n\t\t\t\t<div class=\"elementor-widget-container\">\n\t\t\t\t\t\t\t<div class=\"elementor-spacer\">\n\t\t\t<div class=\"elementor-spacer-inner\"><\/div>\n\t\t<\/div>\n\t\t\t\t\t\t<\/div>\n\t\t\t\t<\/div>\n\t\t\t\t<div class=\"elementor-element elementor-element-7e5e2a7f elementor-widget elementor-widget-heading\" data-id=\"7e5e2a7f\" data-element_type=\"widget\" data-widget_type=\"heading.default\">\n\t\t\t\t<div class=\"elementor-widget-container\">\n\t\t\t\t\t<h5 class=\"elementor-heading-title elementor-size-default\">\u0130\u015fbirli\u011fi projemizde farkl\u0131 konular\u0131 birbiriyle ili\u015fkilendiriyor ve \u00e7e\u015fitli akt\u00f6rlerin bak\u0131\u015f a\u00e7\u0131lar\u0131n\u0131 birbirine ba\u011fl\u0131yoruz. A\u015fa\u011f\u0131daki sorular tematik oda\u011f\u0131 olu\u015fturmaktad\u0131r:\nIrk\u00e7\u0131l\u0131k ve iklim de\u011fi\u015fikli\u011fi aras\u0131nda nas\u0131l bir ba\u011flant\u0131 var? Almanya'daki bak\u0131m i\u015fi krizinin k\u00fcresel e\u015fitsizlikle ne ilgisi var? Bir yandan kolonyal s\u00fcrekliliklere, di\u011fer yandan da g\u00f6\u00e7men sonras\u0131 toplum tart\u0131\u015fmalar\u0131na ne gibi referanslar var? K\u00fcresel \u00d6\u011frenimde bu hususlar\u0131 dikkate almak ne \u00f6l\u00e7\u00fcde \u00f6nemlidir?<\/h5>\t\t\t\t<\/div>\n\t\t\t\t<\/div>\n\t\t\t\t\t<\/div>\n\t\t<\/div>\n\t\t\t\t\t<\/div>\n\t\t<\/section>\n\t\t\t\t<section class=\"elementor-section elementor-top-section elementor-element elementor-element-cd7b1bc elementor-section-full_width elementor-section-content-middle qode_elementor_container_inner elementor-section-height-default elementor-section-height-default parallax_section_no\" data-id=\"cd7b1bc\" data-element_type=\"section\">\n\t\t\t\t\t\t<div class=\"elementor-container elementor-column-gap-default\">\n\t\t\t\t\t<div class=\"elementor-column elementor-col-50 elementor-top-column elementor-element elementor-element-341012d\" data-id=\"341012d\" data-element_type=\"column\">\n\t\t\t<div class=\"elementor-widget-wrap elementor-element-populated\">\n\t\t\t\t\t\t<div class=\"elementor-element elementor-element-d5d7f25 elementor-widget elementor-widget-heading\" data-id=\"d5d7f25\" data-element_type=\"widget\" data-widget_type=\"heading.default\">\n\t\t\t\t<div class=\"elementor-widget-container\">\n\t\t\t\t\t<h5 class=\"elementor-heading-title elementor-size-default\">Projede, birbirleriyle nadiren kar\u015f\u0131la\u015fan insanlar\u0131n ve onlar\u0131n bak\u0131\u015f a\u00e7\u0131lar\u0131n\u0131n bulu\u015fmas\u0131 \u00f6zellikle \u00f6nem ta\u015f\u0131maktad\u0131r. \u0130nsanlar\u0131n g\u00fc\u00e7lendirilmesi ve onlar\u0131n ihtiya\u00e7lar\u0131n\u0131n g\u00f6r\u00fclmesi ile ilgileniyoruz. Ayn\u0131 zamanda k\u00fcresel \u00f6\u011frenme ve sosyo-ekolojik d\u00f6n\u00fc\u015f\u00fcm hakk\u0131ndaki tart\u0131\u015fmay\u0131 perspektiflerle zenginle\u015ftirmek de hedeflerimiz aras\u0131nda bulunuyor. Ayr\u0131ca bu konular\u0131 korona pandemisi ile de ili\u015fkilendiriyoruz. Bir\u00e7ok y\u00f6nden bu, yukar\u0131da bahsedilen sosyal fenomenlerin olumsuz etkilerini artt\u0131rmaktad\u0131r.\nProjenin yap\u0131s\u0131 ger\u00e7ek laboratuvarlarda \u00f6\u011frenmeye y\u00f6neliktir. Bu, sivil toplum ve bilimsel akt\u00f6rlerin bir sosyal sorunu tan\u0131mlamak ve bir \u00e7\u00f6z\u00fcm \u00fcretmek, denemek, ele\u015ftirel bir \u015fekilde g\u00f6zlemlemek, uyarlamak ve gerekirse tekrar uygulamak i\u00e7in i\u015fbirli\u011fi yapmas\u0131 anlam\u0131na gelir.<\/h5>\t\t\t\t<\/div>\n\t\t\t\t<\/div>\n\t\t\t\t<div class=\"elementor-element elementor-element-22188b0 elementor-widget elementor-widget-spacer\" data-id=\"22188b0\" data-element_type=\"widget\" data-widget_type=\"spacer.default\">\n\t\t\t\t<div class=\"elementor-widget-container\">\n\t\t\t\t\t\t\t<div class=\"elementor-spacer\">\n\t\t\t<div class=\"elementor-spacer-inner\"><\/div>\n\t\t<\/div>\n\t\t\t\t\t\t<\/div>\n\t\t\t\t<\/div>\n\t\t\t\t\t<\/div>\n\t\t<\/div>\n\t\t\t\t<div class=\"elementor-column elementor-col-50 elementor-top-column elementor-element elementor-element-f062b3f\" data-id=\"f062b3f\" data-element_type=\"column\">\n\t\t\t<div class=\"elementor-widget-wrap elementor-element-populated\">\n\t\t\t\t\t\t<div class=\"elementor-element elementor-element-e0934ab elementor-widget elementor-widget-bridge_image_slider_no_space\" data-id=\"e0934ab\" data-element_type=\"widget\" data-widget_type=\"bridge_image_slider_no_space.default\">\n\t\t\t\t<div class=\"elementor-widget-container\">\n\t\t\t\t\t<div class='qode_image_gallery_no_space light'>\n            <div class='qode_image_gallery_holder' style='height: 498px;'>\n                <ul ><li >\n                    <div style=\"height: 498px; width:664px;\"><img decoding=\"async\" itemprop=\"image\" src=\"https:\/\/yesilcember.eu\/wp-content\/uploads\/2022\/07\/WhatsApp-Image-2022-05-31-at-11.28.136-1.jpeg\" alt=\"\" \/><\/div><\/li><li >\n                    <div style=\"height: 498px; width:374px;\"><img decoding=\"async\" itemprop=\"image\" src=\"https:\/\/yesilcember.eu\/wp-content\/uploads\/2022\/07\/WhatsApp-Image-2022-05-31-at-11.28.141.jpeg\" alt=\"\" \/><\/div><\/li><li >\n                    <div style=\"height: 498px; width:374px;\"><img decoding=\"async\" itemprop=\"image\" src=\"https:\/\/yesilcember.eu\/wp-content\/uploads\/2022\/07\/WhatsApp-Image-2022-05-31-at-11.28.14.jpeg\" alt=\"\" \/><\/div><\/li><\/ul>\n          <\/div>\n          <div class='controls'>\n              <a class='prev-slide' href='#'><span><i class='fa fa-angle-left'><\/i><\/span><\/a>\n              <a class='next-slide' href='#'><span><i class='fa fa-angle-right'><\/i><\/span><\/a>\n          <\/div>\n      <\/div>\t\t\t\t<\/div>\n\t\t\t\t<\/div>\n\t\t\t\t\t<\/div>\n\t\t<\/div>\n\t\t\t\t\t<\/div>\n\t\t<\/section>\n\t\t\t\t<section class=\"elementor-section elementor-top-section elementor-element elementor-element-498430f elementor-section-full_width elementor-section-content-middle qode_elementor_container_inner elementor-section-height-default elementor-section-height-default parallax_section_no\" data-id=\"498430f\" data-element_type=\"section\">\n\t\t\t\t\t\t<div class=\"elementor-container elementor-column-gap-default\">\n\t\t\t\t\t<div class=\"elementor-column elementor-col-50 elementor-top-column elementor-element elementor-element-a2d8761\" data-id=\"a2d8761\" data-element_type=\"column\">\n\t\t\t<div class=\"elementor-widget-wrap elementor-element-populated\">\n\t\t\t\t\t\t<div class=\"elementor-element elementor-element-d43f802 elementor-widget elementor-widget-image\" data-id=\"d43f802\" data-element_type=\"widget\" data-widget_type=\"image.default\">\n\t\t\t\t<div class=\"elementor-widget-container\">\n\t\t\t\t\t\t\t\t\t\t\t\t\t\t\t<img fetchpriority=\"high\" decoding=\"async\" width=\"1024\" height=\"427\" src=\"https:\/\/yesilcember.eu\/wp-content\/uploads\/2022\/07\/titelbild_gemeinsam_gerecht_global-1024x427.jpg\" class=\"attachment-large size-large wp-image-2706\" alt=\"\" srcset=\"https:\/\/yesilcember.eu\/wp-content\/uploads\/2022\/07\/titelbild_gemeinsam_gerecht_global-1024x427.jpg 1024w, https:\/\/yesilcember.eu\/wp-content\/uploads\/2022\/07\/titelbild_gemeinsam_gerecht_global-768x320.jpg 768w, https:\/\/yesilcember.eu\/wp-content\/uploads\/2022\/07\/titelbild_gemeinsam_gerecht_global-700x292.jpg 700w\" sizes=\"(max-width: 1024px) 100vw, 1024px\" \/>\t\t\t\t\t\t\t\t\t\t\t\t\t\t\t<\/div>\n\t\t\t\t<\/div>\n\t\t\t\t\t<\/div>\n\t\t<\/div>\n\t\t\t\t<div class=\"elementor-column elementor-col-50 elementor-top-column elementor-element elementor-element-d787d74\" data-id=\"d787d74\" data-element_type=\"column\">\n\t\t\t<div class=\"elementor-widget-wrap elementor-element-populated\">\n\t\t\t\t\t\t<div class=\"elementor-element elementor-element-31e5909 elementor-widget elementor-widget-heading\" data-id=\"31e5909\" data-element_type=\"widget\" data-widget_type=\"heading.default\">\n\t\t\t\t<div class=\"elementor-widget-container\">\n\t\t\t\t\t<h5 class=\"elementor-heading-title elementor-size-default\">\"Birlikte. Sadece. Global.\" Ye\u015fil \u00c7ember, DaMigra, Entwicklungspolitisches Netzwerk Sachsen e.V., Zentrum f\u00fcr Europ\u00e4ische und Orientalische Kultur e.V., Forschungszentrum Entwicklungskommunikation Universit\u00e4t Leipzig ve Konzeptwerk Neue \u00d6konomie'nin bir i\u015fbirli\u011fi projesidir.<\/h5>\t\t\t\t<\/div>\n\t\t\t\t<\/div>\n\t\t\t\t<div class=\"elementor-element elementor-element-069882b elementor-widget elementor-widget-spacer\" data-id=\"069882b\" data-element_type=\"widget\" data-widget_type=\"spacer.default\">\n\t\t\t\t<div class=\"elementor-widget-container\">\n\t\t\t\t\t\t\t<div class=\"elementor-spacer\">\n\t\t\t<div class=\"elementor-spacer-inner\"><\/div>\n\t\t<\/div>\n\t\t\t\t\t\t<\/div>\n\t\t\t\t<\/div>\n\t\t\t\t<div class=\"elementor-element elementor-element-c571813 elementor-widget elementor-widget-heading\" data-id=\"c571813\" data-element_type=\"widget\" data-widget_type=\"heading.default\">\n\t\t\t\t<div class=\"elementor-widget-container\">\n\t\t\t\t\t<h5 class=\"elementor-heading-title elementor-size-default\"><a href=\"https:\/\/konzeptwerk-neue-oekonomie.org\/themen\/bildung\/gemeinsam-gerecht-global\/\" target=\"_blank\">Proje hakk\u0131nda daha fazla bilgi proje sayfas\u0131nda.<\/a><\/h5>\t\t\t\t<\/div>\n\t\t\t\t<\/div>\n\t\t\t\t\t<\/div>\n\t\t<\/div>\n\t\t\t\t\t<\/div>\n\t\t<\/section>\n\t\t\t\t<section class=\"elementor-section elementor-top-section elementor-element elementor-element-ed26863 qode_elementor_container_inner elementor-section-full_width elementor-section-height-default elementor-section-height-default parallax_section_no\" data-id=\"ed26863\" data-element_type=\"section\">\n\t\t\t\t\t\t<div class=\"elementor-container elementor-column-gap-default\">\n\t\t\t\t\t<div class=\"elementor-column elementor-col-100 elementor-top-column elementor-element elementor-element-69c63a2\" data-id=\"69c63a2\" data-element_type=\"column\">\n\t\t\t<div class=\"elementor-widget-wrap elementor-element-populated\">\n\t\t\t\t\t\t<div class=\"elementor-element elementor-element-3fffff9a elementor-widget elementor-widget-spacer\" data-id=\"3fffff9a\" data-element_type=\"widget\" data-widget_type=\"spacer.default\">\n\t\t\t\t<div class=\"elementor-widget-container\">\n\t\t\t\t\t\t\t<div class=\"elementor-spacer\">\n\t\t\t<div class=\"elementor-spacer-inner\"><\/div>\n\t\t<\/div>\n\t\t\t\t\t\t<\/div>\n\t\t\t\t<\/div>\n\t\t\t\t<div class=\"elementor-element elementor-element-71e62be0 elementor-widget elementor-widget-spacer\" data-id=\"71e62be0\" data-element_type=\"widget\" data-widget_type=\"spacer.default\">\n\t\t\t\t<div class=\"elementor-widget-container\">\n\t\t\t\t\t\t\t<div class=\"elementor-spacer\">\n\t\t\t<div class=\"elementor-spacer-inner\"><\/div>\n\t\t<\/div>\n\t\t\t\t\t\t<\/div>\n\t\t\t\t<\/div>\n\t\t\t\t<div class=\"elementor-element elementor-element-5917de94 elementor-widget elementor-widget-bridge_button\" data-id=\"5917de94\" data-element_type=\"widget\" data-widget_type=\"bridge_button.default\">\n\t\t\t\t<div class=\"elementor-widget-container\">\n\t\t\t\t\t<a  itemprop=\"url\" href=\"\/tr\/projeler\/\" target=\"_self\"  class=\"qbutton  default\" style=\"\">Genel bak\u0131\u015fa geri d\u00f6n<\/a>\t\t\t\t<\/div>\n\t\t\t\t<\/div>\n\t\t\t\t\t<\/div>\n\t\t<\/div>\n\t\t\t\t\t<\/div>\n\t\t<\/section>\n\t\t\t\t<section class=\"elementor-section elementor-top-section elementor-element elementor-element-a4a7aac elementor-section-boxed elementor-section-height-default elementor-section-height-default parallax_section_no qode_elementor_container_no\" data-id=\"a4a7aac\" data-element_type=\"section\">\n\t\t\t\t\t\t<div class=\"elementor-container elementor-column-gap-default\">\n\t\t\t\t\t<div class=\"elementor-column elementor-col-100 elementor-top-column elementor-element elementor-element-6163339\" data-id=\"6163339\" data-element_type=\"column\">\n\t\t\t<div class=\"elementor-widget-wrap elementor-element-populated\">\n\t\t\t\t\t\t<div class=\"elementor-element elementor-element-ab48783 elementor-widget elementor-widget-spacer\" data-id=\"ab48783\" data-element_type=\"widget\" data-widget_type=\"spacer.default\">\n\t\t\t\t<div class=\"elementor-widget-container\">\n\t\t\t\t\t\t\t<div class=\"elementor-spacer\">\n\t\t\t<div class=\"elementor-spacer-inner\"><\/div>\n\t\t<\/div>\n\t\t\t\t\t\t<\/div>\n\t\t\t\t<\/div>\n\t\t\t\t\t<\/div>\n\t\t<\/div>\n\t\t\t\t\t<\/div>\n\t\t<\/section>\n\t\t\t\t<\/div>\n\t\t","protected":false},"excerpt":{"rendered":"<p>Birlikte. Adil. K\u00fcresel Pek \u00e7ok insan k\u00fcresel \u00f6\u011frenmeye ve &#8220;herkes i\u00e7in iyi bir ya\u015fam&#8221; konusundaki tart\u0131\u015fmalara dahil olmaz. Hatta \u00e7o\u011funlukla bu tart\u0131\u015fmalardan \u00e7e\u015fitli sebeplerle d\u0131\u015flan\u0131rlar; mesela bu konular\u0131n onlar\u0131 ilgilendirmedi\u011fi d\u00fc\u015f\u00fcn\u00fcl\u00fcr, g\u00f6r\u00fc\u015flerinin \u00f6nemli olmad\u0131\u011f\u0131 varsay\u0131l\u0131r ya da bu tarz tart\u0131\u015fmalara girebilecek ortamlardan haberdar de\u011fillerdir. Di\u011fer&#8230;<\/p>\n","protected":false},"author":7,"featured_media":0,"parent":6595,"menu_order":0,"comment_status":"closed","ping_status":"closed","template":"full_width.php","meta":{"footnotes":""},"class_list":["post-3151","page","type-page","status-publish","hentry"],"_links":{"self":[{"href":"https:\/\/yesilcember.eu\/tr\/wp-json\/wp\/v2\/pages\/3151","targetHints":{"allow":["GET"]}}],"collection":[{"href":"https:\/\/yesilcember.eu\/tr\/wp-json\/wp\/v2\/pages"}],"about":[{"href":"https:\/\/yesilcember.eu\/tr\/wp-json\/wp\/v2\/types\/page"}],"author":[{"embeddable":true,"href":"https:\/\/yesilcember.eu\/tr\/wp-json\/wp\/v2\/users\/7"}],"replies":[{"embeddable":true,"href":"https:\/\/yesilcember.eu\/tr\/wp-json\/wp\/v2\/comments?post=3151"}],"version-history":[{"count":0,"href":"https:\/\/yesilcember.eu\/tr\/wp-json\/wp\/v2\/pages\/3151\/revisions"}],"up":[{"embeddable":true,"href":"https:\/\/yesilcember.eu\/tr\/wp-json\/wp\/v2\/pages\/6595"}],"wp:attachment":[{"href":"https:\/\/yesilcember.eu\/tr\/wp-json\/wp\/v2\/media?parent=3151"}],"curies":[{"name":"wp","href":"https:\/\/api.w.org\/{rel}","templated":true}]}}