{"id":3164,"date":"2022-07-21T15:00:22","date_gmt":"2022-07-21T13:00:22","guid":{"rendered":"https:\/\/yesilcember.eu\/?page_id=3164"},"modified":"2022-10-06T13:38:22","modified_gmt":"2022-10-06T11:38:22","slug":"ozel-haneler-icin-iklim-koclugu","status":"publish","type":"page","link":"https:\/\/yesilcember.eu\/tr\/bitmis-projeler\/ozel-haneler-icin-iklim-koclugu\/","title":{"rendered":"\u00d6zel Haneler i\u00e7in \u0130klim Ko\u00e7lu\u011fu"},"content":{"rendered":"\t\t<div data-elementor-type=\"wp-page\" data-elementor-id=\"3164\" class=\"elementor elementor-3164 elementor-2115\">\n\t\t\t\t\t\t<section class=\"elementor-section elementor-top-section elementor-element elementor-element-3e7fd362 elementor-section-full_width qode_elementor_container_inner elementor-section-height-default elementor-section-height-default parallax_section_no\" data-id=\"3e7fd362\" data-element_type=\"section\">\n\t\t\t\t\t\t<div class=\"elementor-container elementor-column-gap-default\">\n\t\t\t\t\t<div class=\"elementor-column elementor-col-100 elementor-top-column elementor-element elementor-element-2b6ad0fd\" data-id=\"2b6ad0fd\" data-element_type=\"column\">\n\t\t\t<div class=\"elementor-widget-wrap elementor-element-populated\">\n\t\t\t\t\t\t<div class=\"elementor-element elementor-element-3f019b51 elementor-widget elementor-widget-heading\" data-id=\"3f019b51\" data-element_type=\"widget\" data-widget_type=\"heading.default\">\n\t\t\t\t<div class=\"elementor-widget-container\">\n\t\t\t\t\t<h1 class=\"elementor-heading-title elementor-size-default\">\u00d6zel Haneler i\u00e7in \u0130klim Ko\u00e7lu\u011fu<\/h1>\t\t\t\t<\/div>\n\t\t\t\t<\/div>\n\t\t\t\t<div class=\"elementor-element elementor-element-aecc636 elementor-widget elementor-widget-heading\" data-id=\"aecc636\" data-element_type=\"widget\" data-widget_type=\"heading.default\">\n\t\t\t\t<div class=\"elementor-widget-container\">\n\t\t\t\t\t<h4 class=\"elementor-heading-title elementor-size-default\"> \u0130klim dostu bir \u015fekilde ya\u015famak illa ki zor olmak ya da b\u00fcy\u00fck bir yoksunluk anlam\u0131na gelmek zorunda de\u011fildir. Asl\u0131nda, iklim dostu davran\u0131\u015flar genellikle faydalarla ili\u015fkilendirilir. <\/h4>\t\t\t\t<\/div>\n\t\t\t\t<\/div>\n\t\t\t\t<div class=\"elementor-element elementor-element-58ade62 elementor-widget elementor-widget-spacer\" data-id=\"58ade62\" data-element_type=\"widget\" data-widget_type=\"spacer.default\">\n\t\t\t\t<div class=\"elementor-widget-container\">\n\t\t\t\t\t\t\t<div class=\"elementor-spacer\">\n\t\t\t<div class=\"elementor-spacer-inner\"><\/div>\n\t\t<\/div>\n\t\t\t\t\t\t<\/div>\n\t\t\t\t<\/div>\n\t\t\t\t\t<\/div>\n\t\t<\/div>\n\t\t\t\t\t<\/div>\n\t\t<\/section>\n\t\t\t\t<section class=\"elementor-section elementor-top-section elementor-element elementor-element-1eeb0d4b elementor-section-full_width elementor-section-content-middle qode_elementor_container_inner elementor-section-height-default elementor-section-height-default parallax_section_no\" data-id=\"1eeb0d4b\" data-element_type=\"section\">\n\t\t\t\t\t\t<div class=\"elementor-container elementor-column-gap-default\">\n\t\t\t\t\t<div class=\"elementor-column elementor-col-50 elementor-top-column elementor-element elementor-element-76986e26\" data-id=\"76986e26\" data-element_type=\"column\">\n\t\t\t<div class=\"elementor-widget-wrap elementor-element-populated\">\n\t\t\t\t\t\t<div class=\"elementor-element elementor-element-e3796c7 elementor-widget elementor-widget-image\" data-id=\"e3796c7\" data-element_type=\"widget\" data-widget_type=\"image.default\">\n\t\t\t\t<div class=\"elementor-widget-container\">\n\t\t\t\t\t\t\t\t\t\t\t\t\t\t\t<img fetchpriority=\"high\" decoding=\"async\" width=\"900\" height=\"632\" src=\"https:\/\/yesilcember.eu\/wp-content\/uploads\/2022\/07\/yesil-cember-projekte001-1.jpg\" class=\"attachment-large size-large wp-image-2720\" alt=\"\" srcset=\"https:\/\/yesilcember.eu\/wp-content\/uploads\/2022\/07\/yesil-cember-projekte001-1.jpg 900w, https:\/\/yesilcember.eu\/wp-content\/uploads\/2022\/07\/yesil-cember-projekte001-1-300x211.jpg 300w, https:\/\/yesilcember.eu\/wp-content\/uploads\/2022\/07\/yesil-cember-projekte001-1-768x539.jpg 768w, https:\/\/yesilcember.eu\/wp-content\/uploads\/2022\/07\/yesil-cember-projekte001-1-700x492.jpg 700w\" sizes=\"(max-width: 900px) 100vw, 900px\" \/>\t\t\t\t\t\t\t\t\t\t\t\t\t\t\t<\/div>\n\t\t\t\t<\/div>\n\t\t\t\t\t<\/div>\n\t\t<\/div>\n\t\t\t\t<div class=\"elementor-column elementor-col-50 elementor-top-column elementor-element elementor-element-745c312a\" data-id=\"745c312a\" data-element_type=\"column\">\n\t\t\t<div class=\"elementor-widget-wrap elementor-element-populated\">\n\t\t\t\t\t\t<div class=\"elementor-element elementor-element-2c9d03de elementor-widget elementor-widget-spacer\" data-id=\"2c9d03de\" data-element_type=\"widget\" data-widget_type=\"spacer.default\">\n\t\t\t\t<div class=\"elementor-widget-container\">\n\t\t\t\t\t\t\t<div class=\"elementor-spacer\">\n\t\t\t<div class=\"elementor-spacer-inner\"><\/div>\n\t\t<\/div>\n\t\t\t\t\t\t<\/div>\n\t\t\t\t<\/div>\n\t\t\t\t<div class=\"elementor-element elementor-element-7e5e2a7f elementor-widget elementor-widget-heading\" data-id=\"7e5e2a7f\" data-element_type=\"widget\" data-widget_type=\"heading.default\">\n\t\t\t\t<div class=\"elementor-widget-container\">\n\t\t\t\t\t<h5 class=\"elementor-heading-title elementor-size-default\"><a href=\"https:\/\/www.schoen-wie-wir.de\/machen\/kiez-aktionen\/aktion\/klimacoaching-im-rollberg-kiez-929\">Rollbergkiez'de k\u00fclt\u00fcrel ve sosyal \u00e7e\u015fitlili\u011fe sahip 10 hane iklim koruma konusunda duyarl\u0131 hale getirildi ve iklim dostu bir ya\u015fama y\u00f6nelik bireysel ad\u0131mlar konusunda alt\u0131 ay boyunca yo\u011fun tavsiye ve destek verildi. Bu \u015fekilde proje, engellerin tam olarak nerede oldu\u011funu ve potansiyelin nerede yatt\u0131\u011f\u0131n\u0131 g\u00f6stermi\u015ftir. Bulgular, daha fazla \u00f6zel hanehalk\u0131n\u0131 iklim dostu davran\u0131\u015flar\u0131 benimsemeye te\u015fvik etmek ve b\u00f6ylece daha fazla iklim korumas\u0131 i\u00e7in \u00f6nemli bir viday\u0131 \u00e7evirmek i\u00e7in kullan\u0131lacakt\u0131r.<\/a><\/h5>\t\t\t\t<\/div>\n\t\t\t\t<\/div>\n\t\t\t\t<div class=\"elementor-element elementor-element-2db6bde elementor-widget elementor-widget-heading\" data-id=\"2db6bde\" data-element_type=\"widget\" data-widget_type=\"heading.default\">\n\t\t\t\t<div class=\"elementor-widget-container\">\n\t\t\t\t\t<h5 class=\"elementor-heading-title elementor-size-default\"><a href=\"https:\/\/www.schoen-wie-wir.de\/machen\/kiez-aktionen\/aktion\/klimacoaching-im-rollberg-kiez-929\" target=\"_blank\">Daha fazla bilgi i\u00e7in buraya t\u0131klay\u0131n\u0131z.<\/a><\/h5>\t\t\t\t<\/div>\n\t\t\t\t<\/div>\n\t\t\t\t\t<\/div>\n\t\t<\/div>\n\t\t\t\t\t<\/div>\n\t\t<\/section>\n\t\t\t\t<section class=\"elementor-section elementor-top-section elementor-element elementor-element-ed26863 qode_elementor_container_inner elementor-section-full_width elementor-section-height-default elementor-section-height-default parallax_section_no\" data-id=\"ed26863\" data-element_type=\"section\">\n\t\t\t\t\t\t<div class=\"elementor-container elementor-column-gap-default\">\n\t\t\t\t\t<div class=\"elementor-column elementor-col-100 elementor-top-column elementor-element elementor-element-69c63a2\" data-id=\"69c63a2\" data-element_type=\"column\">\n\t\t\t<div class=\"elementor-widget-wrap elementor-element-populated\">\n\t\t\t\t\t\t<div class=\"elementor-element elementor-element-3fffff9a elementor-widget elementor-widget-spacer\" data-id=\"3fffff9a\" data-element_type=\"widget\" data-widget_type=\"spacer.default\">\n\t\t\t\t<div class=\"elementor-widget-container\">\n\t\t\t\t\t\t\t<div class=\"elementor-spacer\">\n\t\t\t<div class=\"elementor-spacer-inner\"><\/div>\n\t\t<\/div>\n\t\t\t\t\t\t<\/div>\n\t\t\t\t<\/div>\n\t\t\t\t<div class=\"elementor-element elementor-element-71e62be0 elementor-widget elementor-widget-spacer\" data-id=\"71e62be0\" data-element_type=\"widget\" data-widget_type=\"spacer.default\">\n\t\t\t\t<div class=\"elementor-widget-container\">\n\t\t\t\t\t\t\t<div class=\"elementor-spacer\">\n\t\t\t<div class=\"elementor-spacer-inner\"><\/div>\n\t\t<\/div>\n\t\t\t\t\t\t<\/div>\n\t\t\t\t<\/div>\n\t\t\t\t<div class=\"elementor-element elementor-element-5917de94 elementor-widget elementor-widget-bridge_button\" data-id=\"5917de94\" data-element_type=\"widget\" data-widget_type=\"bridge_button.default\">\n\t\t\t\t<div class=\"elementor-widget-container\">\n\t\t\t\t\t<a  itemprop=\"url\" href=\"\/tr\/projeler\/\" target=\"_self\"  class=\"qbutton  default\" style=\"\">Genel bak\u0131\u015fa geri d\u00f6n<\/a>\t\t\t\t<\/div>\n\t\t\t\t<\/div>\n\t\t\t\t\t<\/div>\n\t\t<\/div>\n\t\t\t\t\t<\/div>\n\t\t<\/section>\n\t\t\t\t<section class=\"elementor-section elementor-top-section elementor-element elementor-element-a4a7aac elementor-section-boxed elementor-section-height-default elementor-section-height-default parallax_section_no qode_elementor_container_no\" data-id=\"a4a7aac\" data-element_type=\"section\">\n\t\t\t\t\t\t<div class=\"elementor-container elementor-column-gap-default\">\n\t\t\t\t\t<div class=\"elementor-column elementor-col-100 elementor-top-column elementor-element elementor-element-6163339\" data-id=\"6163339\" data-element_type=\"column\">\n\t\t\t<div class=\"elementor-widget-wrap elementor-element-populated\">\n\t\t\t\t\t\t<div class=\"elementor-element elementor-element-ab48783 elementor-widget elementor-widget-spacer\" data-id=\"ab48783\" data-element_type=\"widget\" data-widget_type=\"spacer.default\">\n\t\t\t\t<div class=\"elementor-widget-container\">\n\t\t\t\t\t\t\t<div class=\"elementor-spacer\">\n\t\t\t<div class=\"elementor-spacer-inner\"><\/div>\n\t\t<\/div>\n\t\t\t\t\t\t<\/div>\n\t\t\t\t<\/div>\n\t\t\t\t\t<\/div>\n\t\t<\/div>\n\t\t\t\t\t<\/div>\n\t\t<\/section>\n\t\t\t\t<\/div>\n\t\t","protected":false},"excerpt":{"rendered":"<p>\u00d6zel Haneler i\u00e7in \u0130klim Ko\u00e7lu\u011fu \u0130klim dostu bir \u015fekilde ya\u015famak illa ki zor olmak ya da b\u00fcy\u00fck bir yoksunluk anlam\u0131na gelmek zorunda de\u011fildir. Asl\u0131nda, iklim dostu davran\u0131\u015flar genellikle faydalarla ili\u015fkilendirilir. Rollbergkiez&#8217;de k\u00fclt\u00fcrel ve sosyal \u00e7e\u015fitlili\u011fe sahip 10 hane iklim koruma konusunda duyarl\u0131 hale getirildi ve&#8230;<\/p>\n","protected":false},"author":7,"featured_media":2720,"parent":6595,"menu_order":0,"comment_status":"closed","ping_status":"closed","template":"full_width.php","meta":{"footnotes":""},"class_list":["post-3164","page","type-page","status-publish","has-post-thumbnail","hentry"],"_links":{"self":[{"href":"https:\/\/yesilcember.eu\/tr\/wp-json\/wp\/v2\/pages\/3164","targetHints":{"allow":["GET"]}}],"collection":[{"href":"https:\/\/yesilcember.eu\/tr\/wp-json\/wp\/v2\/pages"}],"about":[{"href":"https:\/\/yesilcember.eu\/tr\/wp-json\/wp\/v2\/types\/page"}],"author":[{"embeddable":true,"href":"https:\/\/yesilcember.eu\/tr\/wp-json\/wp\/v2\/users\/7"}],"replies":[{"embeddable":true,"href":"https:\/\/yesilcember.eu\/tr\/wp-json\/wp\/v2\/comments?post=3164"}],"version-history":[{"count":0,"href":"https:\/\/yesilcember.eu\/tr\/wp-json\/wp\/v2\/pages\/3164\/revisions"}],"up":[{"embeddable":true,"href":"https:\/\/yesilcember.eu\/tr\/wp-json\/wp\/v2\/pages\/6595"}],"wp:featuredmedia":[{"embeddable":true,"href":"https:\/\/yesilcember.eu\/tr\/wp-json\/wp\/v2\/media\/2720"}],"wp:attachment":[{"href":"https:\/\/yesilcember.eu\/tr\/wp-json\/wp\/v2\/media?parent=3164"}],"curies":[{"name":"wp","href":"https:\/\/api.w.org\/{rel}","templated":true}]}}