{"id":3209,"date":"2022-07-05T13:10:33","date_gmt":"2022-07-05T11:10:33","guid":{"rendered":"https:\/\/yesilcember.eu\/?page_id=3209"},"modified":"2022-10-07T09:41:35","modified_gmt":"2022-10-07T07:41:35","slug":"bizim-gibi-guzel","status":"publish","type":"page","link":"https:\/\/yesilcember.eu\/tr\/bitmis-projeler\/bizim-gibi-guzel\/","title":{"rendered":"Bizim Gibi G\u00fczel"},"content":{"rendered":"\t\t<div data-elementor-type=\"wp-page\" data-elementor-id=\"3209\" class=\"elementor elementor-3209 elementor-1361\">\n\t\t\t\t\t\t<section class=\"elementor-section elementor-top-section elementor-element elementor-element-3e7fd362 elementor-section-full_width qode_elementor_container_inner elementor-section-height-default elementor-section-height-default parallax_section_no\" data-id=\"3e7fd362\" data-element_type=\"section\" data-e-type=\"section\">\n\t\t\t\t\t\t<div class=\"elementor-container elementor-column-gap-default\">\n\t\t\t\t\t<div class=\"elementor-column elementor-col-100 elementor-top-column elementor-element elementor-element-2b6ad0fd\" data-id=\"2b6ad0fd\" data-element_type=\"column\" data-e-type=\"column\">\n\t\t\t<div class=\"elementor-widget-wrap elementor-element-populated\">\n\t\t\t\t\t\t<div class=\"elementor-element elementor-element-3f019b51 elementor-widget elementor-widget-heading\" data-id=\"3f019b51\" data-element_type=\"widget\" data-e-type=\"widget\" data-widget_type=\"heading.default\">\n\t\t\t\t<div class=\"elementor-widget-container\">\n\t\t\t\t\t<h1 class=\"elementor-heading-title elementor-size-default\">Neuk\u00f6lln'deki haftal\u0131k pazarlarda yeniden kullan\u0131labilir sistemler hakk\u0131nda dan\u0131\u015fmanl\u0131k ve ileti\u015fim<\/h1>\t\t\t\t<\/div>\n\t\t\t\t<\/div>\n\t\t\t\t<div class=\"elementor-element elementor-element-aecc636 elementor-widget elementor-widget-heading\" data-id=\"aecc636\" data-element_type=\"widget\" data-e-type=\"widget\" data-widget_type=\"heading.default\">\n\t\t\t\t<div class=\"elementor-widget-container\">\n\t\t\t\t\t<h4 class=\"elementor-heading-title elementor-size-default\">Federal \u00c7evre Ajans\u0131'na (UBA) g\u00f6re, 2018 y\u0131l\u0131nda Almanya'da 18,9 milyon ton ambalaj at\u0131\u011f\u0131 \u00fcretildi. \u015eimdiye kadarki en y\u00fcksek de\u011fere ula\u015fan bu art\u0131\u015f, temel olarak de\u011fi\u015fen ya\u015fam ko\u015fullar\u0131 ve buna ba\u011fl\u0131 t\u00fcketim al\u0131\u015fkanl\u0131klar\u0131ndan kaynaklanmaktad\u0131r. \"Sch\u00f6n wie wir - f\u00fcr ein lebenswertes Neuk\u00f6lln\" (Bizim gibi g\u00fczel - ya\u015fanabilir bir Neuk\u00f6lln i\u00e7in) giri\u015fimi 2018 y\u0131l\u0131ndan bu yana Neuk\u00f6lln'\u00fcn mahallelerinde at\u0131klar\u0131n \u00f6nlenmesini te\u015fvik etmekte ve KOB\u0130'lere dan\u0131\u015fmanl\u0131k yapmaktad\u0131r.<\/h4>\t\t\t\t<\/div>\n\t\t\t\t<\/div>\n\t\t\t\t<div class=\"elementor-element elementor-element-58ade62 elementor-widget elementor-widget-spacer\" data-id=\"58ade62\" data-element_type=\"widget\" data-e-type=\"widget\" data-widget_type=\"spacer.default\">\n\t\t\t\t<div class=\"elementor-widget-container\">\n\t\t\t\t\t\t\t<div class=\"elementor-spacer\">\n\t\t\t<div class=\"elementor-spacer-inner\"><\/div>\n\t\t<\/div>\n\t\t\t\t\t\t<\/div>\n\t\t\t\t<\/div>\n\t\t\t\t\t<\/div>\n\t\t<\/div>\n\t\t\t\t\t<\/div>\n\t\t<\/section>\n\t\t\t\t<section class=\"elementor-section elementor-top-section elementor-element elementor-element-1eeb0d4b elementor-section-full_width elementor-section-content-middle qode_elementor_container_inner elementor-section-height-default elementor-section-height-default parallax_section_no\" data-id=\"1eeb0d4b\" data-element_type=\"section\" data-e-type=\"section\">\n\t\t\t\t\t\t<div class=\"elementor-container elementor-column-gap-default\">\n\t\t\t\t\t<div class=\"elementor-column elementor-col-50 elementor-top-column elementor-element elementor-element-76986e26\" data-id=\"76986e26\" data-element_type=\"column\" data-e-type=\"column\">\n\t\t\t<div class=\"elementor-widget-wrap elementor-element-populated\">\n\t\t\t\t\t\t<div class=\"elementor-element elementor-element-ca2b1b1 elementor-widget elementor-widget-bridge_image_slider_no_space\" data-id=\"ca2b1b1\" data-element_type=\"widget\" data-e-type=\"widget\" data-widget_type=\"bridge_image_slider_no_space.default\">\n\t\t\t\t<div class=\"elementor-widget-container\">\n\t\t\t\t\t<div class='qode_image_gallery_no_space light'>\n            <div class='qode_image_gallery_holder' style='height: 498px;'>\n                <ul ><li >\n                    <div style=\"height: 498px; width:710px;\"><img decoding=\"async\" itemprop=\"image\" src=\"https:\/\/yesilcember.eu\/wp-content\/uploads\/2022\/07\/yesil-cember-projekte2_events.jpg\" alt=\"\" \/><\/div><\/li><li >\n                    <div style=\"height: 498px; width:710px;\"><img decoding=\"async\" itemprop=\"image\" src=\"https:\/\/yesilcember.eu\/wp-content\/uploads\/2022\/07\/yesil-cember-projekte2_publikationen.jpg\" alt=\"\" \/><\/div><\/li><\/ul>\n          <\/div>\n          <div class='controls'>\n              <a class='prev-slide' href='#'><span><i class='fa fa-angle-left'><\/i><\/span><\/a>\n              <a class='next-slide' href='#'><span><i class='fa fa-angle-right'><\/i><\/span><\/a>\n          <\/div>\n      <\/div>\t\t\t\t<\/div>\n\t\t\t\t<\/div>\n\t\t\t\t\t<\/div>\n\t\t<\/div>\n\t\t\t\t<div class=\"elementor-column elementor-col-50 elementor-top-column elementor-element elementor-element-745c312a\" data-id=\"745c312a\" data-element_type=\"column\" data-e-type=\"column\">\n\t\t\t<div class=\"elementor-widget-wrap elementor-element-populated\">\n\t\t\t\t\t\t<div class=\"elementor-element elementor-element-2c9d03de elementor-widget elementor-widget-spacer\" data-id=\"2c9d03de\" data-element_type=\"widget\" data-e-type=\"widget\" data-widget_type=\"spacer.default\">\n\t\t\t\t<div class=\"elementor-widget-container\">\n\t\t\t\t\t\t\t<div class=\"elementor-spacer\">\n\t\t\t<div class=\"elementor-spacer-inner\"><\/div>\n\t\t<\/div>\n\t\t\t\t\t\t<\/div>\n\t\t\t\t<\/div>\n\t\t\t\t<div class=\"elementor-element elementor-element-7e5e2a7f elementor-widget elementor-widget-heading\" data-id=\"7e5e2a7f\" data-element_type=\"widget\" data-e-type=\"widget\" data-widget_type=\"heading.default\">\n\t\t\t\t<div class=\"elementor-widget-container\">\n\t\t\t\t\t<h5 class=\"elementor-heading-title elementor-size-default\">Talep odakl\u0131 ve k\u00fclt\u00fcre duyarl\u0131 bir konseptle Neuk\u00f6lln'deki haftal\u0131k pazarlara odaklanan projemiz, \"Reuterkiez'de Yeniden Kullan\u0131labilir Tavsiyeler \"in devam\u0131 olarak Nisan 2021'de ba\u015flad\u0131. \u015eimdiye kadar bir\u00e7ok sat\u0131c\u0131 ve pazar ziyaret\u00e7isine tek kullan\u0131ml\u0131k plastik ve yeniden kullan\u0131labilir alternatifler hakk\u0131nda tavsiyelerde bulunduk. \u00c7e\u015fitli pazarlarda Almanca-T\u00fcrk\u00e7e ve \u0130ngilizce aksiyon g\u00fcnleri d\u00fczenledik ve bir\u00e7ok ki\u015fiye ula\u015fmay\u0131 ba\u015fard\u0131k. M\u00fc\u015fteriler ve sat\u0131c\u0131larla hedef kitle odakl\u0131 ileti\u015fim, yeniden kullan\u0131labilir ambalajlar\u0131n tan\u0131t\u0131lmas\u0131 ve g\u00fcnl\u00fck hayata yerle\u015ftirilmesi i\u00e7in \u00e7ok \u00f6nemlidir.<\/h5>\t\t\t\t<\/div>\n\t\t\t\t<\/div>\n\t\t\t\t\t<\/div>\n\t\t<\/div>\n\t\t\t\t\t<\/div>\n\t\t<\/section>\n\t\t\t\t<section class=\"elementor-section elementor-top-section elementor-element elementor-element-cd7b1bc elementor-section-full_width elementor-section-content-middle qode_elementor_container_inner elementor-section-height-default elementor-section-height-default parallax_section_no\" data-id=\"cd7b1bc\" data-element_type=\"section\" data-e-type=\"section\">\n\t\t\t\t\t\t<div class=\"elementor-container elementor-column-gap-default\">\n\t\t\t\t\t<div class=\"elementor-column elementor-col-50 elementor-top-column elementor-element elementor-element-341012d\" data-id=\"341012d\" data-element_type=\"column\" data-e-type=\"column\">\n\t\t\t<div class=\"elementor-widget-wrap elementor-element-populated\">\n\t\t\t\t\t\t<div class=\"elementor-element elementor-element-d5d7f25 elementor-widget elementor-widget-heading\" data-id=\"d5d7f25\" data-element_type=\"widget\" data-e-type=\"widget\" data-widget_type=\"heading.default\">\n\t\t\t\t<div class=\"elementor-widget-container\">\n\t\t\t\t\t<h5 class=\"elementor-heading-title elementor-size-default\">Proje 14 Haziran 2022'de Maybachufer'deki pazarda plastiksiz aksiyon g\u00fcn\u00fc ve 18 Haziran 2022'de Kranoldplatz'daki haftal\u0131k pazar \"Die Dicke Linda \"da bir foto\u011fraf alb\u00fcm\u00fc aksiyonu ile tamamland\u0131.<\/h5>\t\t\t\t<\/div>\n\t\t\t\t<\/div>\n\t\t\t\t<div class=\"elementor-element elementor-element-22188b0 elementor-widget elementor-widget-spacer\" data-id=\"22188b0\" data-element_type=\"widget\" data-e-type=\"widget\" data-widget_type=\"spacer.default\">\n\t\t\t\t<div class=\"elementor-widget-container\">\n\t\t\t\t\t\t\t<div class=\"elementor-spacer\">\n\t\t\t<div class=\"elementor-spacer-inner\"><\/div>\n\t\t<\/div>\n\t\t\t\t\t\t<\/div>\n\t\t\t\t<\/div>\n\t\t\t\t\t<\/div>\n\t\t<\/div>\n\t\t\t\t<div class=\"elementor-column elementor-col-50 elementor-top-column elementor-element elementor-element-f062b3f\" data-id=\"f062b3f\" data-element_type=\"column\" data-e-type=\"column\">\n\t\t\t<div class=\"elementor-widget-wrap elementor-element-populated\">\n\t\t\t\t\t\t<div class=\"elementor-element elementor-element-72d57cd elementor-widget elementor-widget-image\" data-id=\"72d57cd\" data-element_type=\"widget\" data-e-type=\"widget\" data-widget_type=\"image.default\">\n\t\t\t\t<div class=\"elementor-widget-container\">\n\t\t\t\t\t\t\t\t\t\t\t\t\t\t\t<img fetchpriority=\"high\" decoding=\"async\" width=\"1024\" height=\"768\" src=\"https:\/\/yesilcember.eu\/wp-content\/uploads\/2022\/10\/maybachufer-neukoelln-buergermeister-1024x768.jpg\" class=\"attachment-large size-large wp-image-3476\" alt=\"\" srcset=\"https:\/\/yesilcember.eu\/wp-content\/uploads\/2022\/10\/maybachufer-neukoelln-buergermeister-1024x768.jpg 1024w, https:\/\/yesilcember.eu\/wp-content\/uploads\/2022\/10\/maybachufer-neukoelln-buergermeister-300x225.jpg 300w, https:\/\/yesilcember.eu\/wp-content\/uploads\/2022\/10\/maybachufer-neukoelln-buergermeister-768x576.jpg 768w, https:\/\/yesilcember.eu\/wp-content\/uploads\/2022\/10\/maybachufer-neukoelln-buergermeister-800x600.jpg 800w, https:\/\/yesilcember.eu\/wp-content\/uploads\/2022\/10\/maybachufer-neukoelln-buergermeister-700x525.jpg 700w, https:\/\/yesilcember.eu\/wp-content\/uploads\/2022\/10\/maybachufer-neukoelln-buergermeister.jpg 1200w\" sizes=\"(max-width: 1024px) 100vw, 1024px\" \/>\t\t\t\t\t\t\t\t\t\t\t\t\t\t\t<\/div>\n\t\t\t\t<\/div>\n\t\t\t\t\t<\/div>\n\t\t<\/div>\n\t\t\t\t\t<\/div>\n\t\t<\/section>\n\t\t\t\t<section class=\"elementor-section elementor-top-section elementor-element elementor-element-498430f elementor-section-full_width elementor-section-content-middle qode_elementor_container_inner elementor-section-height-default elementor-section-height-default parallax_section_no\" data-id=\"498430f\" data-element_type=\"section\" data-e-type=\"section\">\n\t\t\t\t\t\t<div class=\"elementor-container elementor-column-gap-default\">\n\t\t\t\t\t<div class=\"elementor-column elementor-col-50 elementor-top-column elementor-element elementor-element-a2d8761\" data-id=\"a2d8761\" data-element_type=\"column\" data-e-type=\"column\">\n\t\t\t<div class=\"elementor-widget-wrap elementor-element-populated\">\n\t\t\t\t\t\t<div class=\"elementor-element elementor-element-9b122dc elementor-widget elementor-widget-image\" data-id=\"9b122dc\" data-element_type=\"widget\" data-e-type=\"widget\" data-widget_type=\"image.default\">\n\t\t\t\t<div class=\"elementor-widget-container\">\n\t\t\t\t\t\t\t\t\t\t\t\t\t\t\t<img decoding=\"async\" width=\"1024\" height=\"678\" src=\"https:\/\/yesilcember.eu\/wp-content\/uploads\/2022\/10\/TIK_9273-1024x678.jpg\" class=\"attachment-large size-large wp-image-3470\" alt=\"\" srcset=\"https:\/\/yesilcember.eu\/wp-content\/uploads\/2022\/10\/TIK_9273-1024x678.jpg 1024w, https:\/\/yesilcember.eu\/wp-content\/uploads\/2022\/10\/TIK_9273-300x199.jpg 300w, https:\/\/yesilcember.eu\/wp-content\/uploads\/2022\/10\/TIK_9273-768x509.jpg 768w, https:\/\/yesilcember.eu\/wp-content\/uploads\/2022\/10\/TIK_9273-1536x1017.jpg 1536w, https:\/\/yesilcember.eu\/wp-content\/uploads\/2022\/10\/TIK_9273-2048x1356.jpg 2048w, https:\/\/yesilcember.eu\/wp-content\/uploads\/2022\/10\/TIK_9273-700x464.jpg 700w\" sizes=\"(max-width: 1024px) 100vw, 1024px\" \/>\t\t\t\t\t\t\t\t\t\t\t\t\t\t\t<\/div>\n\t\t\t\t<\/div>\n\t\t\t\t\t<\/div>\n\t\t<\/div>\n\t\t\t\t<div class=\"elementor-column elementor-col-50 elementor-top-column elementor-element elementor-element-d787d74\" data-id=\"d787d74\" data-element_type=\"column\" data-e-type=\"column\">\n\t\t\t<div class=\"elementor-widget-wrap elementor-element-populated\">\n\t\t\t\t\t\t<div class=\"elementor-element elementor-element-31e5909 elementor-widget elementor-widget-heading\" data-id=\"31e5909\" data-element_type=\"widget\" data-e-type=\"widget\" data-widget_type=\"heading.default\">\n\t\t\t\t<div class=\"elementor-widget-container\">\n\t\t\t\t\t<h5 class=\"elementor-heading-title elementor-size-default\"><a href=\"https:\/\/docs.google.com\/document\/d\/15z5mx2bFJbgTz0YGjbOpkP9fYWbPH8TX6u-43MuF8Gg\/edit\" target=\"_blank\">Haftal\u0131k pazar Die Dicke Linda'da Suzan \u00d6zer ile yap\u0131lan r\u00f6portaj\u0131 buradan okuyabilirsiniz.<\/a><\/h5>\t\t\t\t<\/div>\n\t\t\t\t<\/div>\n\t\t\t\t<div class=\"elementor-element elementor-element-069882b elementor-widget elementor-widget-spacer\" data-id=\"069882b\" data-element_type=\"widget\" data-e-type=\"widget\" data-widget_type=\"spacer.default\">\n\t\t\t\t<div class=\"elementor-widget-container\">\n\t\t\t\t\t\t\t<div class=\"elementor-spacer\">\n\t\t\t<div class=\"elementor-spacer-inner\"><\/div>\n\t\t<\/div>\n\t\t\t\t\t\t<\/div>\n\t\t\t\t<\/div>\n\t\t\t\t<div class=\"elementor-element elementor-element-c571813 elementor-widget elementor-widget-heading\" data-id=\"c571813\" data-element_type=\"widget\" data-e-type=\"widget\" data-widget_type=\"heading.default\">\n\t\t\t\t<div class=\"elementor-widget-container\">\n\t\t\t\t\t<h5 class=\"elementor-heading-title elementor-size-default\"><a href=\"https:\/\/www.dropbox.com\/scl\/fo\/n1fzb947jzpqsg15bycpn\/h?dl=0&#038;rlkey=my6skjfrb62rq0yhmjuznk80z\" target=\"_blank\">Daha Fazla Foto\u011fraf i\u00e7in<\/a><\/h5>\t\t\t\t<\/div>\n\t\t\t\t<\/div>\n\t\t\t\t\t<\/div>\n\t\t<\/div>\n\t\t\t\t\t<\/div>\n\t\t<\/section>\n\t\t\t\t<section class=\"elementor-section elementor-top-section elementor-element elementor-element-ed26863 qode_elementor_container_inner elementor-section-full_width elementor-section-height-default elementor-section-height-default parallax_section_no\" data-id=\"ed26863\" data-element_type=\"section\" data-e-type=\"section\">\n\t\t\t\t\t\t<div class=\"elementor-container elementor-column-gap-default\">\n\t\t\t\t\t<div class=\"elementor-column elementor-col-100 elementor-top-column elementor-element elementor-element-69c63a2\" data-id=\"69c63a2\" data-element_type=\"column\" data-e-type=\"column\">\n\t\t\t<div class=\"elementor-widget-wrap elementor-element-populated\">\n\t\t\t\t\t\t<div class=\"elementor-element elementor-element-3fffff9a elementor-widget elementor-widget-spacer\" data-id=\"3fffff9a\" data-element_type=\"widget\" data-e-type=\"widget\" data-widget_type=\"spacer.default\">\n\t\t\t\t<div class=\"elementor-widget-container\">\n\t\t\t\t\t\t\t<div class=\"elementor-spacer\">\n\t\t\t<div class=\"elementor-spacer-inner\"><\/div>\n\t\t<\/div>\n\t\t\t\t\t\t<\/div>\n\t\t\t\t<\/div>\n\t\t\t\t<div class=\"elementor-element elementor-element-71e62be0 elementor-widget elementor-widget-spacer\" data-id=\"71e62be0\" data-element_type=\"widget\" data-e-type=\"widget\" data-widget_type=\"spacer.default\">\n\t\t\t\t<div class=\"elementor-widget-container\">\n\t\t\t\t\t\t\t<div class=\"elementor-spacer\">\n\t\t\t<div class=\"elementor-spacer-inner\"><\/div>\n\t\t<\/div>\n\t\t\t\t\t\t<\/div>\n\t\t\t\t<\/div>\n\t\t\t\t<div class=\"elementor-element elementor-element-5917de94 elementor-widget elementor-widget-bridge_button\" data-id=\"5917de94\" data-element_type=\"widget\" data-e-type=\"widget\" data-widget_type=\"bridge_button.default\">\n\t\t\t\t<div class=\"elementor-widget-container\">\n\t\t\t\t\t<a  itemprop=\"url\" href=\"\/tr\/projeler\/\" target=\"_self\"  class=\"qbutton  default\" style=\"\">Genel bak\u0131\u015fa geri d\u00f6n<\/a>\t\t\t\t<\/div>\n\t\t\t\t<\/div>\n\t\t\t\t\t<\/div>\n\t\t<\/div>\n\t\t\t\t\t<\/div>\n\t\t<\/section>\n\t\t\t\t<section class=\"elementor-section elementor-top-section elementor-element elementor-element-a4a7aac elementor-section-boxed elementor-section-height-default elementor-section-height-default parallax_section_no qode_elementor_container_no\" data-id=\"a4a7aac\" data-element_type=\"section\" data-e-type=\"section\">\n\t\t\t\t\t\t<div class=\"elementor-container elementor-column-gap-default\">\n\t\t\t\t\t<div class=\"elementor-column elementor-col-100 elementor-top-column elementor-element elementor-element-6163339\" data-id=\"6163339\" data-element_type=\"column\" data-e-type=\"column\">\n\t\t\t<div class=\"elementor-widget-wrap elementor-element-populated\">\n\t\t\t\t\t\t<div class=\"elementor-element elementor-element-ab48783 elementor-widget elementor-widget-spacer\" data-id=\"ab48783\" data-element_type=\"widget\" data-e-type=\"widget\" data-widget_type=\"spacer.default\">\n\t\t\t\t<div class=\"elementor-widget-container\">\n\t\t\t\t\t\t\t<div class=\"elementor-spacer\">\n\t\t\t<div class=\"elementor-spacer-inner\"><\/div>\n\t\t<\/div>\n\t\t\t\t\t\t<\/div>\n\t\t\t\t<\/div>\n\t\t\t\t\t<\/div>\n\t\t<\/div>\n\t\t\t\t\t<\/div>\n\t\t<\/section>\n\t\t\t\t<\/div>\n\t\t","protected":false},"excerpt":{"rendered":"<p>Neuk\u00f6lln&#8217;deki haftal\u0131k pazarlarda yeniden kullan\u0131labilir sistemler hakk\u0131nda dan\u0131\u015fmanl\u0131k ve ileti\u015fim Federal \u00c7evre Ajans\u0131&#8217;na (UBA) g\u00f6re, 2018 y\u0131l\u0131nda Almanya&#8217;da 18,9 milyon ton ambalaj at\u0131\u011f\u0131 \u00fcretildi. \u015eimdiye kadarki en y\u00fcksek de\u011fere ula\u015fan bu art\u0131\u015f, temel olarak de\u011fi\u015fen ya\u015fam ko\u015fullar\u0131 ve buna ba\u011fl\u0131 t\u00fcketim al\u0131\u015fkanl\u0131klar\u0131ndan kaynaklanmaktad\u0131r. &#8220;Sch\u00f6n wie&#8230;<\/p>\n","protected":false},"author":7,"featured_media":0,"parent":6595,"menu_order":0,"comment_status":"closed","ping_status":"closed","template":"full_width.php","meta":{"footnotes":""},"class_list":["post-3209","page","type-page","status-publish","hentry"],"_links":{"self":[{"href":"https:\/\/yesilcember.eu\/tr\/wp-json\/wp\/v2\/pages\/3209","targetHints":{"allow":["GET"]}}],"collection":[{"href":"https:\/\/yesilcember.eu\/tr\/wp-json\/wp\/v2\/pages"}],"about":[{"href":"https:\/\/yesilcember.eu\/tr\/wp-json\/wp\/v2\/types\/page"}],"author":[{"embeddable":true,"href":"https:\/\/yesilcember.eu\/tr\/wp-json\/wp\/v2\/users\/7"}],"replies":[{"embeddable":true,"href":"https:\/\/yesilcember.eu\/tr\/wp-json\/wp\/v2\/comments?post=3209"}],"version-history":[{"count":0,"href":"https:\/\/yesilcember.eu\/tr\/wp-json\/wp\/v2\/pages\/3209\/revisions"}],"up":[{"embeddable":true,"href":"https:\/\/yesilcember.eu\/tr\/wp-json\/wp\/v2\/pages\/6595"}],"wp:attachment":[{"href":"https:\/\/yesilcember.eu\/tr\/wp-json\/wp\/v2\/media?parent=3209"}],"curies":[{"name":"wp","href":"https:\/\/api.w.org\/{rel}","templated":true}]}}