{"id":3229,"date":"2022-07-19T13:51:34","date_gmt":"2022-07-19T11:51:34","guid":{"rendered":"https:\/\/yesilcember.eu\/?page_id=3229"},"modified":"2022-10-06T14:46:35","modified_gmt":"2022-10-06T12:46:35","slug":"atik","status":"publish","type":"page","link":"https:\/\/yesilcember.eu\/tr\/temalar\/atik\/","title":{"rendered":"At\u0131k"},"content":{"rendered":"\t\t<div data-elementor-type=\"wp-page\" data-elementor-id=\"3229\" class=\"elementor elementor-3229 elementor-1841\">\n\t\t\t\t\t\t<section class=\"elementor-section elementor-top-section elementor-element elementor-element-91a84ae elementor-section-boxed elementor-section-height-default elementor-section-height-default parallax_section_no qode_elementor_container_no\" data-id=\"91a84ae\" data-element_type=\"section\">\n\t\t\t\t\t\t<div class=\"elementor-container elementor-column-gap-default\">\n\t\t\t\t\t<div class=\"elementor-column elementor-col-100 elementor-top-column elementor-element elementor-element-bafe398\" data-id=\"bafe398\" data-element_type=\"column\">\n\t\t\t<div class=\"elementor-widget-wrap\">\n\t\t\t\t\t\t\t<\/div>\n\t\t<\/div>\n\t\t\t\t\t<\/div>\n\t\t<\/section>\n\t\t\t\t<section class=\"elementor-section elementor-top-section elementor-element elementor-element-2db3200 elementor-section-boxed elementor-section-height-default elementor-section-height-default parallax_section_no qode_elementor_container_no\" data-id=\"2db3200\" data-element_type=\"section\">\n\t\t\t\t\t\t<div class=\"elementor-container elementor-column-gap-default\">\n\t\t\t\t\t<div class=\"elementor-column elementor-col-100 elementor-top-column elementor-element elementor-element-389f9ea\" data-id=\"389f9ea\" data-element_type=\"column\">\n\t\t\t<div class=\"elementor-widget-wrap elementor-element-populated\">\n\t\t\t\t\t\t<div class=\"elementor-element elementor-element-3f019b51 elementor-widget elementor-widget-heading\" data-id=\"3f019b51\" data-element_type=\"widget\" data-widget_type=\"heading.default\">\n\t\t\t\t<div class=\"elementor-widget-container\">\n\t\t\t\t\t<h1 class=\"elementor-heading-title elementor-size-default\">At\u0131k<\/h1>\t\t\t\t<\/div>\n\t\t\t\t<\/div>\n\t\t\t\t<div class=\"elementor-element elementor-element-0cfc07a elementor-widget elementor-widget-image\" data-id=\"0cfc07a\" data-element_type=\"widget\" data-widget_type=\"image.default\">\n\t\t\t\t<div class=\"elementor-widget-container\">\n\t\t\t\t\t\t\t\t\t\t\t\t\t\t\t<img decoding=\"async\" src=\"https:\/\/yesilcember.eu\/wp-content\/uploads\/2022\/07\/yesil-cember_projekt_rollbergkiez05-900x650.jpg\" title=\"yesil-cember_projekt_rollbergkiez05\" alt=\"yesil-cember_projekt_rollbergkiez05\" loading=\"lazy\" \/>\t\t\t\t\t\t\t\t\t\t\t\t\t\t\t<\/div>\n\t\t\t\t<\/div>\n\t\t\t\t<div class=\"elementor-element elementor-element-0cfdfd6 elementor-widget elementor-widget-text-editor\" data-id=\"0cfdfd6\" data-element_type=\"widget\" data-widget_type=\"text-editor.default\">\n\t\t\t\t<div class=\"elementor-widget-container\">\n\t\t\t\t\t\t\t\t\t<div class=\"entry-content\"><h3>Bu At\u0131lmal\u0131 m\u0131?<\/h3><p>\u00c7al\u0131\u015fmalar\u0131m\u0131z bireyler, haneler, \u015firketler ve end\u00fcstri baz\u0131nda yarat\u0131lan at\u0131klar\u0131n \u00fcretimi konusunda fark\u0131ndal\u0131k yaratmak; at\u0131klarin kayna\u011f\u0131nda yeniden d\u00fc\u015f\u00fcn\u00fclmesi, azalt\u0131lmas\u0131, yeniden d\u00f6n\u00fc\u015ft\u00fcr\u00fclmesi ya da kullan\u0131m\u0131 \u00fczerine yo\u011funla\u015f\u0131r. Bu konuda pek \u00e7ok devlet ve \u00f6zel sekt\u00f6r ortaklar\u0131m\u0131zla beraber \u00e7al\u0131\u015f\u0131yoruz. Beraber \u00f6\u011frenerek ve uygulayarak at\u0131k konusunda bireysel ve toplumsal d\u00f6n\u00fc\u015f\u00fcm ger\u00e7ekle\u015ftirebilece\u011fimizi biliyoruz!<\/p><p>\u00a0<\/p><p>At\u0131k \u00fcretimi, bir maddenin ya da enerjinin bir yerde yo\u011funla\u015farak birikmesi, i\u015flevini yerine getirememesi ya da potansiyelini tam ger\u00e7ekle\u015ftirememesinden kaynaklan\u0131r. K\u0131saca bir \u00fcr\u00fcn ya\u015fam d\u00f6ng\u00fcs\u00fcn\u00fc tamamlayamazsa at\u0131k olur. Bir \u00f6rnek evsel mutfak at\u0131klar\u0131 olabilir. Bu at\u0131klar di\u011fer \u00e7\u00f6plerle kar\u0131\u015ft\u0131r\u0131larak at\u0131l\u0131rsa potansiyellerini ger\u00e7ekle\u015ftiremez ve \u00e7evre kirlili\u011fine ve sera gaz\u0131 sal\u0131n\u0131m\u0131na sebep olurlar. Topraktan \u00fcretilen meyve, sebze ve di\u011fer yiyecek \u00fcr\u00fcnleri kompost edilerek tekrar topra\u011fa d\u00f6n\u00fc\u015ft\u00fcr\u00fcl\u00fcrse at\u0131k yerine de\u011ferli bir \u00fcr\u00fcn kazan\u0131lm\u0131\u015f olur. Bu konuda, BSR`in organik at\u0131klar\u0131 d\u00f6n\u00fc\u015ft\u00fcrme cal\u0131\u015fmalar\u0131n\u0131 fark\u0131ndal\u0131k yaratma ve bilgilendirme aktivitelerimizle destekliyoruz.<\/p><p>\u00a0<\/p><p>Di\u011fer bir \u00f6rnek de plastik paketlerin azalt\u0131lmas\u0131d\u0131r. Bu paketler, petrol \u00fcretiminin yan maddeleridir ve tekrar petrole d\u00f6n\u00fc\u015f\u00fcmleri milyonlarca yil s\u00fcrecektir. Bu durumda, bu paketlerinin kullan\u0131m\u0131n\u0131n azalt\u0131lmas\u0131 ve y\u0131kan\u0131p yeniden kullan\u0131labilecek paketlere ge\u00e7ilmesi, at\u0131k \u00fcretimini azaltmakta etkili olacaktir. Ye\u015fil \u00c7ember olarak Neuk\u00f6lln ve Kreuzberg`te plastik at\u0131klar\u0131n\u0131n azalt\u0131lmas\u0131i ve \u00e7ok kullan\u0131ml\u0131k paketlere ge\u00e7ilmesi konusunda hem belediyeler ve pazar y\u00f6netimleriyle, hem de pazardan al\u0131\u015fveri\u015f yapan vatanda\u015flarla \u00e7al\u0131\u015f\u0131yor, fark\u0131ndal\u0131k yaratma, bilgilendirme ve dan\u0131\u015fmanl\u0131k hizmetleri sunuyoruz.<\/p><p>\u00a0<\/p><p>At\u0131klar bizim ya\u015fad\u0131\u011f\u0131m\u0131z \u00e7evreyi de olumsuz etkilemektedir. \u00d6zellikle \u00e7ocuk parklar\u0131ndaki \u00e7\u00f6pler hem g\u00f6r\u00fcnt\u00fc, hem g\u00fcvenlik anlam\u0131nda istenmeyen sonu\u00e7lara yol a\u00e7arlar. \u00c7ocuk parklar\u0131n\u0131 temizledi\u011fimiz ve mahalle sakinlerine e\u011fitim ve sorumluluk verdi\u011fimiz projelerle \u00e7ocuklara temiz ve g\u00fcvenli oyun alanlar\u0131 sa\u011fl\u0131yoruz.<\/p><p>\u00a0<\/p><p>Ki\u015fisel hayat\u0131m\u0131zda \u00fcretti\u011fimiz at\u0131k miktar\u0131n\u0131i g\u00f6zden ge\u00e7irmek bizler icin ayd\u0131nlat\u0131c\u0131 olabilir. H\u0131zl\u0131\u00a0 t\u00fcketim maddelerinin yan\u0131s\u0131ra dayan\u0131kl\u0131 t\u00fcketim mallar\u0131 da \u00f6d\u00fcn\u00e7 verilerek, tamirden ge\u00e7irilerek ya da takas edilerek \u00e7\u00f6pe gitmekten ve kirlilik yaratmaktan kurtarilabilir. Bu alanda da 2018`den beri d\u00fczenledi\u011fimiz \u201cTamir Kafesi\u201d giri\u015fimiyle Neuk\u00f6lln sakinlerinin esyalar\u0131n\u0131n \u00f6m\u00fcrlerini uzatma ve tamir etmeyi \u00f6\u011frenme imkan\u0131 sunuyoruz. Ayr\u0131ca \u00e7\u00f6ps\u00fcz iftarlar, piknikler ve \u015fenlikler d\u00fczenleyerek hem mahalle k\u00fclt\u00fcr\u00fcne. hem de at\u0131klar\u0131n azalt\u0131lmas\u0131na gururla katk\u0131da bulunuyoruz.<\/p><\/div>\t\t\t\t\t\t\t\t<\/div>\n\t\t\t\t<\/div>\n\t\t\t\t\t<\/div>\n\t\t<\/div>\n\t\t\t\t\t<\/div>\n\t\t<\/section>\n\t\t\t\t<section class=\"elementor-section elementor-top-section elementor-element elementor-element-81af7a9 elementor-section-boxed elementor-section-height-default elementor-section-height-default parallax_section_no qode_elementor_container_no\" data-id=\"81af7a9\" data-element_type=\"section\">\n\t\t\t\t\t\t<div class=\"elementor-container elementor-column-gap-default\">\n\t\t\t\t\t<div class=\"elementor-column elementor-col-100 elementor-top-column elementor-element elementor-element-4ff9236\" data-id=\"4ff9236\" data-element_type=\"column\">\n\t\t\t<div class=\"elementor-widget-wrap elementor-element-populated\">\n\t\t\t\t\t\t<div class=\"elementor-element elementor-element-9d0cca8 elementor-widget elementor-widget-spacer\" data-id=\"9d0cca8\" data-element_type=\"widget\" data-widget_type=\"spacer.default\">\n\t\t\t\t<div class=\"elementor-widget-container\">\n\t\t\t\t\t\t\t<div class=\"elementor-spacer\">\n\t\t\t<div class=\"elementor-spacer-inner\"><\/div>\n\t\t<\/div>\n\t\t\t\t\t\t<\/div>\n\t\t\t\t<\/div>\n\t\t\t\t\t<\/div>\n\t\t<\/div>\n\t\t\t\t\t<\/div>\n\t\t<\/section>\n\t\t\t\t<section class=\"elementor-section elementor-top-section elementor-element elementor-element-262b37f2 qode_elementor_container_inner elementor-section-boxed elementor-section-height-default elementor-section-height-default parallax_section_no\" data-id=\"262b37f2\" data-element_type=\"section\">\n\t\t\t\t\t\t<div class=\"elementor-container elementor-column-gap-default\">\n\t\t\t\t\t<div class=\"elementor-column elementor-col-100 elementor-top-column elementor-element elementor-element-16f13f93\" data-id=\"16f13f93\" data-element_type=\"column\">\n\t\t\t<div class=\"elementor-widget-wrap elementor-element-populated\">\n\t\t\t\t\t\t<div class=\"elementor-element elementor-element-3f858085 elementor-widget elementor-widget-spacer\" data-id=\"3f858085\" data-element_type=\"widget\" data-widget_type=\"spacer.default\">\n\t\t\t\t<div class=\"elementor-widget-container\">\n\t\t\t\t\t\t\t<div class=\"elementor-spacer\">\n\t\t\t<div class=\"elementor-spacer-inner\"><\/div>\n\t\t<\/div>\n\t\t\t\t\t\t<\/div>\n\t\t\t\t<\/div>\n\t\t\t\t<div class=\"elementor-element elementor-element-4d9455a8 elementor-widget elementor-widget-spacer\" data-id=\"4d9455a8\" data-element_type=\"widget\" data-widget_type=\"spacer.default\">\n\t\t\t\t<div class=\"elementor-widget-container\">\n\t\t\t\t\t\t\t<div class=\"elementor-spacer\">\n\t\t\t<div class=\"elementor-spacer-inner\"><\/div>\n\t\t<\/div>\n\t\t\t\t\t\t<\/div>\n\t\t\t\t<\/div>\n\t\t\t\t<div class=\"elementor-element elementor-element-1948a153 elementor-widget elementor-widget-bridge_button\" data-id=\"1948a153\" data-element_type=\"widget\" data-widget_type=\"bridge_button.default\">\n\t\t\t\t<div class=\"elementor-widget-container\">\n\t\t\t\t\t<a  itemprop=\"url\" href=\"\/tr\/temalar\/\" target=\"_self\"  class=\"qbutton  default\" style=\"\">Genel bak\u0131\u015fa geri d\u00f6n<\/a>\t\t\t\t<\/div>\n\t\t\t\t<\/div>\n\t\t\t\t\t<\/div>\n\t\t<\/div>\n\t\t\t\t\t<\/div>\n\t\t<\/section>\n\t\t\t\t<section class=\"elementor-section elementor-top-section elementor-element elementor-element-3263ac1 elementor-section-boxed elementor-section-height-default elementor-section-height-default parallax_section_no qode_elementor_container_no\" data-id=\"3263ac1\" data-element_type=\"section\">\n\t\t\t\t\t\t<div class=\"elementor-container elementor-column-gap-default\">\n\t\t\t\t\t<div class=\"elementor-column elementor-col-100 elementor-top-column elementor-element elementor-element-3107424\" data-id=\"3107424\" data-element_type=\"column\">\n\t\t\t<div class=\"elementor-widget-wrap elementor-element-populated\">\n\t\t\t\t\t\t<div class=\"elementor-element elementor-element-d0f6af7 elementor-widget elementor-widget-spacer\" data-id=\"d0f6af7\" data-element_type=\"widget\" data-widget_type=\"spacer.default\">\n\t\t\t\t<div class=\"elementor-widget-container\">\n\t\t\t\t\t\t\t<div class=\"elementor-spacer\">\n\t\t\t<div class=\"elementor-spacer-inner\"><\/div>\n\t\t<\/div>\n\t\t\t\t\t\t<\/div>\n\t\t\t\t<\/div>\n\t\t\t\t\t<\/div>\n\t\t<\/div>\n\t\t\t\t\t<\/div>\n\t\t<\/section>\n\t\t\t\t<section class=\"elementor-section elementor-top-section elementor-element elementor-element-32d977c0 elementor-section-full_width qode_elementor_container_inner elementor-section-height-default elementor-section-height-default parallax_section_no\" data-id=\"32d977c0\" data-element_type=\"section\">\n\t\t\t\t\t\t<div class=\"elementor-container elementor-column-gap-default\">\n\t\t\t\t\t<div class=\"elementor-column elementor-col-100 elementor-top-column elementor-element elementor-element-6b327b07\" data-id=\"6b327b07\" data-element_type=\"column\">\n\t\t\t<div class=\"elementor-widget-wrap elementor-element-populated\">\n\t\t\t\t\t\t<div class=\"elementor-element elementor-element-66c3753 elementor-widget elementor-widget-heading\" data-id=\"66c3753\" data-element_type=\"widget\" data-widget_type=\"heading.default\">\n\t\t\t\t<div class=\"elementor-widget-container\">\n\t\t\t\t\t<h5 class=\"elementor-heading-title elementor-size-default\">\u0130lginizi \u00e7eken konular, projeler ve etkinliklerden haberdar olmak i\u00e7in Ye\u015fil \u00c7ember b\u00fcltenine abone olun<\/h5>\t\t\t\t<\/div>\n\t\t\t\t<\/div>\n\t\t\t\t<div class=\"elementor-element elementor-element-6dda748b elementor-widget elementor-widget-spacer\" data-id=\"6dda748b\" data-element_type=\"widget\" data-widget_type=\"spacer.default\">\n\t\t\t\t<div class=\"elementor-widget-container\">\n\t\t\t\t\t\t\t<div class=\"elementor-spacer\">\n\t\t\t<div class=\"elementor-spacer-inner\"><\/div>\n\t\t<\/div>\n\t\t\t\t\t\t<\/div>\n\t\t\t\t<\/div>\n\t\t\t\t<div class=\"elementor-element elementor-element-5675b4bc elementor-widget elementor-widget-bridge_cf_7\" data-id=\"5675b4bc\" data-element_type=\"widget\" data-widget_type=\"bridge_cf_7.default\">\n\t\t\t\t<div class=\"elementor-widget-container\">\n\t\t\t\t\t    <div class=\"qode-contact-form-7 qode-contact-form-7-0\">\n    \n<div class=\"wpcf7 no-js\" id=\"wpcf7-f3429-o1\" lang=\"en-US\" dir=\"ltr\" data-wpcf7-id=\"3429\">\n<div class=\"screen-reader-response\"><p role=\"status\" aria-live=\"polite\" aria-atomic=\"true\"><\/p> <ul><\/ul><\/div>\n<form action=\"\/tr\/wp-json\/wp\/v2\/pages\/3229#wpcf7-f3429-o1\" method=\"post\" class=\"wpcf7-form init cf7_custom_style_1\" aria-label=\"Contact form\" novalidate=\"novalidate\" data-status=\"init\">\n<fieldset class=\"hidden-fields-container\"><input type=\"hidden\" name=\"_wpcf7\" value=\"3429\" \/><input type=\"hidden\" name=\"_wpcf7_version\" value=\"6.1.5\" \/><input type=\"hidden\" name=\"_wpcf7_locale\" value=\"en_US\" \/><input type=\"hidden\" name=\"_wpcf7_unit_tag\" value=\"wpcf7-f3429-o1\" \/><input type=\"hidden\" name=\"_wpcf7_container_post\" value=\"0\" \/><input type=\"hidden\" name=\"_wpcf7_posted_data_hash\" value=\"\" \/><input type=\"hidden\" name=\"_wpcf7_recaptcha_response\" value=\"\" \/>\n<\/fieldset>\n<div class=\"two_columns_form_without_space\">\n\t<div class=\"column_left\">\n\t\t<p><span class=\"wpcf7-form-control-wrap\" data-name=\"your-name\"><input size=\"40\" maxlength=\"400\" class=\"wpcf7-form-control wpcf7-text wpcf7-validates-as-required\" aria-required=\"true\" aria-invalid=\"false\" placeholder=\"E-Mail-Adresiniz\" value=\"\" type=\"text\" name=\"your-name\" \/><\/span>\n\t\t<\/p>\n\t<\/div>\n\t<div class=\"column_right\">\n\t\t<p><input class=\"wpcf7-form-control wpcf7-submit has-spinner\" type=\"submit\" value=\"G\u00f6nder\" \/>\n\t\t<\/p>\n\t<\/div>\n<\/div>\n<p><span class=\"wpcf7-form-control-wrap\" data-name=\"acceptance-317\"><span class=\"wpcf7-form-control wpcf7-acceptance\"><span class=\"wpcf7-list-item\"><input type=\"checkbox\" name=\"acceptance-317\" value=\"1\" aria-invalid=\"false\" \/><\/span><\/span><\/span>\n\t<font size=\"2\">Ye\u015fil \u00c7ember'in <a href=\u201e\/tr\/gizlilik\/\" target=\"_blank\">gizlilik politikas\u0131n\u0131<\/a> okudum ve kabul ediyorum. Onay, info@yesilcember.eu e-posta adresi alt\u0131nda herhangi bir zamanda herhangi bir sebep g\u00f6sterilmeden iptal edilebilir.\n\t<\/font>\n<\/p><div class=\"wpcf7-response-output\" aria-hidden=\"true\"><\/div>\n<\/form>\n<\/div>\n    <\/div>\n\t\t\t\t<\/div>\n\t\t\t\t<\/div>\n\t\t\t\t\t<\/div>\n\t\t<\/div>\n\t\t\t\t\t<\/div>\n\t\t<\/section>\n\t\t\t\t<section class=\"elementor-section elementor-top-section elementor-element elementor-element-f69c614 elementor-section-boxed elementor-section-height-default elementor-section-height-default parallax_section_no qode_elementor_container_no\" data-id=\"f69c614\" data-element_type=\"section\">\n\t\t\t\t\t\t<div class=\"elementor-container elementor-column-gap-default\">\n\t\t\t\t\t<div class=\"elementor-column elementor-col-100 elementor-top-column elementor-element elementor-element-568677c\" data-id=\"568677c\" data-element_type=\"column\">\n\t\t\t<div class=\"elementor-widget-wrap elementor-element-populated\">\n\t\t\t\t\t\t<div class=\"elementor-element elementor-element-0124c5a elementor-widget elementor-widget-spacer\" data-id=\"0124c5a\" data-element_type=\"widget\" data-widget_type=\"spacer.default\">\n\t\t\t\t<div class=\"elementor-widget-container\">\n\t\t\t\t\t\t\t<div class=\"elementor-spacer\">\n\t\t\t<div class=\"elementor-spacer-inner\"><\/div>\n\t\t<\/div>\n\t\t\t\t\t\t<\/div>\n\t\t\t\t<\/div>\n\t\t\t\t\t<\/div>\n\t\t<\/div>\n\t\t\t\t\t<\/div>\n\t\t<\/section>\n\t\t\t\t<\/div>\n\t\t","protected":false},"excerpt":{"rendered":"<p>At\u0131k Bu At\u0131lmal\u0131 m\u0131? \u00c7al\u0131\u015fmalar\u0131m\u0131z bireyler, haneler, \u015firketler ve end\u00fcstri baz\u0131nda yarat\u0131lan at\u0131klar\u0131n \u00fcretimi konusunda fark\u0131ndal\u0131k yaratmak; at\u0131klarin kayna\u011f\u0131nda yeniden d\u00fc\u015f\u00fcn\u00fclmesi, azalt\u0131lmas\u0131, yeniden d\u00f6n\u00fc\u015ft\u00fcr\u00fclmesi ya da kullan\u0131m\u0131 \u00fczerine yo\u011funla\u015f\u0131r. Bu konuda pek \u00e7ok devlet ve \u00f6zel sekt\u00f6r ortaklar\u0131m\u0131zla beraber \u00e7al\u0131\u015f\u0131yoruz. Beraber \u00f6\u011frenerek ve uygulayarak at\u0131k&#8230;<\/p>\n","protected":false},"author":7,"featured_media":0,"parent":2799,"menu_order":0,"comment_status":"closed","ping_status":"closed","template":"full_width.php","meta":{"footnotes":""},"class_list":["post-3229","page","type-page","status-publish","hentry"],"_links":{"self":[{"href":"https:\/\/yesilcember.eu\/tr\/wp-json\/wp\/v2\/pages\/3229","targetHints":{"allow":["GET"]}}],"collection":[{"href":"https:\/\/yesilcember.eu\/tr\/wp-json\/wp\/v2\/pages"}],"about":[{"href":"https:\/\/yesilcember.eu\/tr\/wp-json\/wp\/v2\/types\/page"}],"author":[{"embeddable":true,"href":"https:\/\/yesilcember.eu\/tr\/wp-json\/wp\/v2\/users\/7"}],"replies":[{"embeddable":true,"href":"https:\/\/yesilcember.eu\/tr\/wp-json\/wp\/v2\/comments?post=3229"}],"version-history":[{"count":0,"href":"https:\/\/yesilcember.eu\/tr\/wp-json\/wp\/v2\/pages\/3229\/revisions"}],"up":[{"embeddable":true,"href":"https:\/\/yesilcember.eu\/tr\/wp-json\/wp\/v2\/pages\/2799"}],"wp:attachment":[{"href":"https:\/\/yesilcember.eu\/tr\/wp-json\/wp\/v2\/media?parent=3229"}],"curies":[{"name":"wp","href":"https:\/\/api.w.org\/{rel}","templated":true}]}}