{"id":3264,"date":"2022-07-19T14:06:28","date_gmt":"2022-07-19T12:06:28","guid":{"rendered":"https:\/\/yesilcember.eu\/?page_id=3264"},"modified":"2022-10-06T14:48:40","modified_gmt":"2022-10-06T12:48:40","slug":"doga-biyocesitlilik-ve-bahcecilik","status":"publish","type":"page","link":"https:\/\/yesilcember.eu\/tr\/temalar\/doga-biyocesitlilik-ve-bahcecilik\/","title":{"rendered":"Do\u011fa, Biyo\u00e7e\u015fitlilik ve Bah\u00e7ecilik"},"content":{"rendered":"\t\t<div data-elementor-type=\"wp-page\" data-elementor-id=\"3264\" class=\"elementor elementor-3264 elementor-1857\">\n\t\t\t\t\t\t<section class=\"elementor-section elementor-top-section elementor-element elementor-element-91a84ae elementor-section-boxed elementor-section-height-default elementor-section-height-default parallax_section_no qode_elementor_container_no\" data-id=\"91a84ae\" data-element_type=\"section\">\n\t\t\t\t\t\t<div class=\"elementor-container elementor-column-gap-default\">\n\t\t\t\t\t<div class=\"elementor-column elementor-col-100 elementor-top-column elementor-element elementor-element-bafe398\" data-id=\"bafe398\" data-element_type=\"column\">\n\t\t\t<div class=\"elementor-widget-wrap\">\n\t\t\t\t\t\t\t<\/div>\n\t\t<\/div>\n\t\t\t\t\t<\/div>\n\t\t<\/section>\n\t\t\t\t<section class=\"elementor-section elementor-top-section elementor-element elementor-element-2db3200 elementor-section-boxed elementor-section-height-default elementor-section-height-default parallax_section_no qode_elementor_container_no\" data-id=\"2db3200\" data-element_type=\"section\">\n\t\t\t\t\t\t<div class=\"elementor-container elementor-column-gap-default\">\n\t\t\t\t\t<div class=\"elementor-column elementor-col-100 elementor-top-column elementor-element elementor-element-389f9ea\" data-id=\"389f9ea\" data-element_type=\"column\">\n\t\t\t<div class=\"elementor-widget-wrap elementor-element-populated\">\n\t\t\t\t\t\t<div class=\"elementor-element elementor-element-3f019b51 elementor-widget elementor-widget-heading\" data-id=\"3f019b51\" data-element_type=\"widget\" data-widget_type=\"heading.default\">\n\t\t\t\t<div class=\"elementor-widget-container\">\n\t\t\t\t\t<h1 class=\"elementor-heading-title elementor-size-default\">Do\u011fa, Biyo\u00e7e\u015fitlilik ve Bah\u00e7ecilik<\/h1>\t\t\t\t<\/div>\n\t\t\t\t<\/div>\n\t\t\t\t<div class=\"elementor-element elementor-element-0cfc07a elementor-widget elementor-widget-image\" data-id=\"0cfc07a\" data-element_type=\"widget\" data-widget_type=\"image.default\">\n\t\t\t\t<div class=\"elementor-widget-container\">\n\t\t\t\t\t\t\t\t\t\t\t\t\t\t\t<img fetchpriority=\"high\" decoding=\"async\" width=\"768\" height=\"539\" src=\"https:\/\/yesilcember.eu\/wp-content\/uploads\/2022\/07\/yesil-cember-themen_gaertnern-768x539.jpg\" class=\"attachment-medium_large size-medium_large wp-image-2699\" alt=\"\" srcset=\"https:\/\/yesilcember.eu\/wp-content\/uploads\/2022\/07\/yesil-cember-themen_gaertnern-768x539.jpg 768w, https:\/\/yesilcember.eu\/wp-content\/uploads\/2022\/07\/yesil-cember-themen_gaertnern-300x211.jpg 300w, https:\/\/yesilcember.eu\/wp-content\/uploads\/2022\/07\/yesil-cember-themen_gaertnern-700x492.jpg 700w, https:\/\/yesilcember.eu\/wp-content\/uploads\/2022\/07\/yesil-cember-themen_gaertnern.jpg 900w\" sizes=\"(max-width: 768px) 100vw, 768px\" \/>\t\t\t\t\t\t\t\t\t\t\t\t\t\t\t<\/div>\n\t\t\t\t<\/div>\n\t\t\t\t<div class=\"elementor-element elementor-element-0cfdfd6 elementor-widget elementor-widget-text-editor\" data-id=\"0cfdfd6\" data-element_type=\"widget\" data-widget_type=\"text-editor.default\">\n\t\t\t\t<div class=\"elementor-widget-container\">\n\t\t\t\t\t\t\t\t\t<p>Nasil k\u00fclt\u00fcrel \u00e7e\u015fitlili\u011fin varl\u0131\u011f\u0131, tan\u0131nmas\u0131 ve korunmas\u0131 toplumlar i\u00e7in hayati de\u011fer ta\u015f\u0131yorsa, biyolojik \u00e7e\u015fitlilik de par\u00e7as\u0131 oldu\u011fumuz do\u011fan\u0131n dayan\u0131kl\u0131l\u0131\u011f\u0131 ve devam\u0131 i\u00e7in vazge\u00e7ilmezdir. Do\u011fan\u0131n korunmas\u0131, biyolojik \u00e7e\u015fitlili\u011fin devam\u0131ndan ayr\u0131 d\u00fc\u015f\u00fcn\u00fclemez. Ne yaz\u0131k ki, her y\u0131l pek \u00e7ok t\u00fcr\u00fcn yok olu\u015f haberlerini al\u0131yoruz. D\u00fcnyam\u0131z\u0131n do\u011fal alanlar\u0131n\u0131n tahribini geri d\u00f6nd\u00fcremeyiz ama olan\u0131n korunmas\u0131 i\u00e7in var g\u00fcc\u00fcm\u00fczle \u00e7al\u0131\u015f\u0131yoruz.\u00a0<\/p><p>\u00a0<\/p><p>Bir \u015feyi korumak i\u00e7in onu sevmek gereklidir. Bu sevgi ancak o varl\u0131\u011f\u0131n fark\u0131na vararak ve onu tan\u0131yarak olu\u015fabilir. Yola, do\u011fan\u0131n tan\u0131n\u0131p sevilmesi ve korunmas\u0131 i\u00e7in do\u011fa gezileri d\u00fczenleyerek \u00e7\u0131kt\u0131k. Vizyonumuz bu gezilerin herkes i\u00e7in ula\u015f\u0131labilir olmas\u0131d\u0131r. Brandenburg`un do\u011fa parklar\u0131n\u0131 dola\u015ft\u0131\u011f\u0131m\u0131z gezilerimizin yan\u0131 s\u0131ra bu parklar\u0131 tan\u0131tan bir bro\u015f\u00fcr de haz\u0131rlad\u0131k. Halihazirda proje ortaklar\u0131m\u0131z, \u015firketler ve end\u00fcstri temsilcileri i\u00e7in do\u011fa gezileri konseptleri haz\u0131rl\u0131yoruz.<\/p><p><a href=\"https:\/\/konzeptwerk-neue-oekonomie.org\/themen\/bildung\/gemeinsam-gerecht-global\/\">https:\/\/konzeptwerk-neue-oekonomie.org\/themen\/bildung\/gemeinsam-gerecht-global\/<\/a><\/p><p>\u00a0<\/p><p><a href=\"https:\/\/yesilcember.eu\/wp-content\/uploads\/2022\/04\/2020_Naturratgeber_DE-TR_klein.pdf\">https:\/\/yesilcember.eu\/wp-content\/uploads\/2022\/04\/2020_Naturratgeber_DE-TR_klein.pdf<\/a><\/p><p>\u00a0<\/p><p>Hem \u00e7evre dostu, hem de kapsay\u0131c\u0131 bir mahalle bah\u00e7esi nas\u0131l olurdu? Martin Gropius Binas\u0131`ndaki Parkplatzgarten`da \u015fehir bah\u00e7ecili\u011fine \u00f6rnek bir mekan olu\u015fturulmas\u0131na fikir ve aksiyonlar\u0131m\u0131zla destek olduk. Ayr\u0131ca burada kompost yap\u0131m\u0131, k\u00fclt\u00fcrlerin \u00e7e\u015fitlili\u011fi ve engelsiz topluluk bah\u00e7eleri konular\u0131nda at\u00f6lyeler d\u00fczenliyoruz.\u00a0<\/p><p>\u00a0<\/p><p><a href=\"https:\/\/www.berlinerfestspiele.de\/de\/gropiusbau\/programm\/2019\/garten-der-irdischen-freuden\/parkplatzgarten\/termine.html\">https:\/\/www.berlinerfestspiele.de\/de\/gropiusbau\/programm\/2019\/garten-der-irdischen-freuden\/parkplatzgarten\/termine.html<\/a><\/p><p>\u00a0<\/p><p>En \u00e7ok g\u00f6rd\u00fc\u011f\u00fcn\u00fcz \u015fehir agaclar\u0131n\u0131n T\u00fcrk\u00e7e ve Almanca isimlerini biliyor musunuz? Ya da toprak canl\u0131lar\u0131n\u0131n? Aziz Nesin Okulu ile beraber haz\u0131rlad\u0131\u011f\u0131m\u0131z T\u00fcrk\u00e7e-Almanca Do\u011fa S\u00f6zl\u00fc\u011f\u00fc sayesinde do\u011fan\u0131n korunmas\u0131, biyolojik \u00e7e\u015fitlilik ve s\u00fcrd\u00fcr\u00fclebilirlik ana ba\u015fl\u0131klar\u0131na dahil olan terim ve kavramlara iki dilde de hakim olman\u0131z m\u00fcmk\u00fcn! \u00c7ocuklar\u0131m\u0131z\u0131n bu konularda okuryazar olmalar\u0131na gurur ve mutlulukla katk\u0131da bulunuyoruz.<\/p><p><a href=\"http:\/\/relaunch22.yesilcember.eu\/wp-content\/uploads\/2022\/07\/Yesil-Cember_publikation_Umwelt-Woerterbuch_TR-DE.pdf\">Yesil-Cember_publikation_Umwelt-Woerterbuch_TR-DE<\/a><\/p>\t\t\t\t\t\t\t\t<\/div>\n\t\t\t\t<\/div>\n\t\t\t\t\t<\/div>\n\t\t<\/div>\n\t\t\t\t\t<\/div>\n\t\t<\/section>\n\t\t\t\t<section class=\"elementor-section elementor-top-section elementor-element elementor-element-262b37f2 qode_elementor_container_inner elementor-section-boxed elementor-section-height-default elementor-section-height-default parallax_section_no\" data-id=\"262b37f2\" data-element_type=\"section\">\n\t\t\t\t\t\t<div class=\"elementor-container elementor-column-gap-default\">\n\t\t\t\t\t<div class=\"elementor-column elementor-col-100 elementor-top-column elementor-element elementor-element-16f13f93\" data-id=\"16f13f93\" data-element_type=\"column\">\n\t\t\t<div class=\"elementor-widget-wrap elementor-element-populated\">\n\t\t\t\t\t\t<div class=\"elementor-element elementor-element-3f858085 elementor-widget elementor-widget-spacer\" data-id=\"3f858085\" data-element_type=\"widget\" data-widget_type=\"spacer.default\">\n\t\t\t\t<div class=\"elementor-widget-container\">\n\t\t\t\t\t\t\t<div class=\"elementor-spacer\">\n\t\t\t<div class=\"elementor-spacer-inner\"><\/div>\n\t\t<\/div>\n\t\t\t\t\t\t<\/div>\n\t\t\t\t<\/div>\n\t\t\t\t<div class=\"elementor-element elementor-element-4d9455a8 elementor-widget elementor-widget-spacer\" data-id=\"4d9455a8\" data-element_type=\"widget\" data-widget_type=\"spacer.default\">\n\t\t\t\t<div class=\"elementor-widget-container\">\n\t\t\t\t\t\t\t<div class=\"elementor-spacer\">\n\t\t\t<div class=\"elementor-spacer-inner\"><\/div>\n\t\t<\/div>\n\t\t\t\t\t\t<\/div>\n\t\t\t\t<\/div>\n\t\t\t\t\t<\/div>\n\t\t<\/div>\n\t\t\t\t\t<\/div>\n\t\t<\/section>\n\t\t\t\t<section class=\"elementor-section elementor-top-section elementor-element elementor-element-3263ac1 elementor-section-boxed elementor-section-height-default elementor-section-height-default parallax_section_no qode_elementor_container_no\" data-id=\"3263ac1\" data-element_type=\"section\">\n\t\t\t\t\t\t<div class=\"elementor-container elementor-column-gap-default\">\n\t\t\t\t\t<div class=\"elementor-column elementor-col-100 elementor-top-column elementor-element elementor-element-3107424\" data-id=\"3107424\" data-element_type=\"column\">\n\t\t\t<div class=\"elementor-widget-wrap elementor-element-populated\">\n\t\t\t\t\t\t<div class=\"elementor-element elementor-element-d0f6af7 elementor-widget elementor-widget-spacer\" data-id=\"d0f6af7\" data-element_type=\"widget\" data-widget_type=\"spacer.default\">\n\t\t\t\t<div class=\"elementor-widget-container\">\n\t\t\t\t\t\t\t<div class=\"elementor-spacer\">\n\t\t\t<div class=\"elementor-spacer-inner\"><\/div>\n\t\t<\/div>\n\t\t\t\t\t\t<\/div>\n\t\t\t\t<\/div>\n\t\t\t\t<div class=\"elementor-element elementor-element-1948a153 elementor-widget elementor-widget-bridge_button\" data-id=\"1948a153\" data-element_type=\"widget\" data-widget_type=\"bridge_button.default\">\n\t\t\t\t<div class=\"elementor-widget-container\">\n\t\t\t\t\t<a  itemprop=\"url\" href=\"\/tr\/temalar\/\" target=\"_self\"  class=\"qbutton  default\" style=\"\">Genel Bak\u0131\u015fa D\u00f6n<\/a>\t\t\t\t<\/div>\n\t\t\t\t<\/div>\n\t\t\t\t\t<\/div>\n\t\t<\/div>\n\t\t\t\t\t<\/div>\n\t\t<\/section>\n\t\t\t\t<section class=\"elementor-section elementor-top-section elementor-element elementor-element-7869a0b1 elementor-section-full_width qode_elementor_container_inner elementor-section-height-default elementor-section-height-default parallax_section_no\" data-id=\"7869a0b1\" data-element_type=\"section\">\n\t\t\t\t\t\t<div class=\"elementor-container elementor-column-gap-default\">\n\t\t\t\t\t<div class=\"elementor-column elementor-col-100 elementor-top-column elementor-element elementor-element-152de952\" data-id=\"152de952\" data-element_type=\"column\">\n\t\t\t<div class=\"elementor-widget-wrap elementor-element-populated\">\n\t\t\t\t\t\t<div class=\"elementor-element elementor-element-670ec91 elementor-widget elementor-widget-heading\" data-id=\"670ec91\" data-element_type=\"widget\" data-widget_type=\"heading.default\">\n\t\t\t\t<div class=\"elementor-widget-container\">\n\t\t\t\t\t<h5 class=\"elementor-heading-title elementor-size-default\">\u0130lginizi \u00e7eken konular, projeler ve etkinliklerden haberdar olmak i\u00e7in Ye\u015fil \u00c7ember b\u00fcltenine abone olun<\/h5>\t\t\t\t<\/div>\n\t\t\t\t<\/div>\n\t\t\t\t<div class=\"elementor-element elementor-element-2d9ca8bd elementor-widget elementor-widget-spacer\" data-id=\"2d9ca8bd\" data-element_type=\"widget\" data-widget_type=\"spacer.default\">\n\t\t\t\t<div class=\"elementor-widget-container\">\n\t\t\t\t\t\t\t<div class=\"elementor-spacer\">\n\t\t\t<div class=\"elementor-spacer-inner\"><\/div>\n\t\t<\/div>\n\t\t\t\t\t\t<\/div>\n\t\t\t\t<\/div>\n\t\t\t\t<div class=\"elementor-element elementor-element-24a7cf06 elementor-widget elementor-widget-bridge_cf_7\" data-id=\"24a7cf06\" data-element_type=\"widget\" data-widget_type=\"bridge_cf_7.default\">\n\t\t\t\t<div class=\"elementor-widget-container\">\n\t\t\t\t\t    <div class=\"qode-contact-form-7 qode-contact-form-7-0\">\n    \n<div class=\"wpcf7 no-js\" id=\"wpcf7-f3429-o1\" lang=\"en-US\" dir=\"ltr\" data-wpcf7-id=\"3429\">\n<div class=\"screen-reader-response\"><p role=\"status\" aria-live=\"polite\" aria-atomic=\"true\"><\/p> <ul><\/ul><\/div>\n<form action=\"\/tr\/wp-json\/wp\/v2\/pages\/3264#wpcf7-f3429-o1\" method=\"post\" class=\"wpcf7-form init cf7_custom_style_1\" aria-label=\"Contact form\" novalidate=\"novalidate\" data-status=\"init\">\n<fieldset class=\"hidden-fields-container\"><input type=\"hidden\" name=\"_wpcf7\" value=\"3429\" \/><input type=\"hidden\" name=\"_wpcf7_version\" value=\"6.1.5\" \/><input type=\"hidden\" name=\"_wpcf7_locale\" value=\"en_US\" \/><input type=\"hidden\" name=\"_wpcf7_unit_tag\" value=\"wpcf7-f3429-o1\" \/><input type=\"hidden\" name=\"_wpcf7_container_post\" value=\"0\" \/><input type=\"hidden\" name=\"_wpcf7_posted_data_hash\" value=\"\" \/><input type=\"hidden\" name=\"_wpcf7_recaptcha_response\" value=\"\" \/>\n<\/fieldset>\n<div class=\"two_columns_form_without_space\">\n\t<div class=\"column_left\">\n\t\t<p><span class=\"wpcf7-form-control-wrap\" data-name=\"your-name\"><input size=\"40\" maxlength=\"400\" class=\"wpcf7-form-control wpcf7-text wpcf7-validates-as-required\" aria-required=\"true\" aria-invalid=\"false\" placeholder=\"E-Mail-Adresiniz\" value=\"\" type=\"text\" name=\"your-name\" \/><\/span>\n\t\t<\/p>\n\t<\/div>\n\t<div class=\"column_right\">\n\t\t<p><input class=\"wpcf7-form-control wpcf7-submit has-spinner\" type=\"submit\" value=\"G\u00f6nder\" \/>\n\t\t<\/p>\n\t<\/div>\n<\/div>\n<p><span class=\"wpcf7-form-control-wrap\" data-name=\"acceptance-317\"><span class=\"wpcf7-form-control wpcf7-acceptance\"><span class=\"wpcf7-list-item\"><input type=\"checkbox\" name=\"acceptance-317\" value=\"1\" aria-invalid=\"false\" \/><\/span><\/span><\/span>\n\t<font size=\"2\">Ye\u015fil \u00c7ember'in <a href=\u201e\/tr\/gizlilik\/\" target=\"_blank\">gizlilik politikas\u0131n\u0131<\/a> okudum ve kabul ediyorum. Onay, info@yesilcember.eu e-posta adresi alt\u0131nda herhangi bir zamanda herhangi bir sebep g\u00f6sterilmeden iptal edilebilir.\n\t<\/font>\n<\/p><div class=\"wpcf7-response-output\" aria-hidden=\"true\"><\/div>\n<\/form>\n<\/div>\n    <\/div>\n\t\t\t\t<\/div>\n\t\t\t\t<\/div>\n\t\t\t\t\t<\/div>\n\t\t<\/div>\n\t\t\t\t\t<\/div>\n\t\t<\/section>\n\t\t\t\t<section class=\"elementor-section elementor-top-section elementor-element elementor-element-bda3c2a elementor-section-boxed elementor-section-height-default elementor-section-height-default parallax_section_no qode_elementor_container_no\" data-id=\"bda3c2a\" data-element_type=\"section\">\n\t\t\t\t\t\t<div class=\"elementor-container elementor-column-gap-default\">\n\t\t\t\t\t<div class=\"elementor-column elementor-col-100 elementor-top-column elementor-element elementor-element-4271c47\" data-id=\"4271c47\" data-element_type=\"column\">\n\t\t\t<div class=\"elementor-widget-wrap elementor-element-populated\">\n\t\t\t\t\t\t<div class=\"elementor-element elementor-element-32e1e6c elementor-widget elementor-widget-spacer\" data-id=\"32e1e6c\" data-element_type=\"widget\" data-widget_type=\"spacer.default\">\n\t\t\t\t<div class=\"elementor-widget-container\">\n\t\t\t\t\t\t\t<div class=\"elementor-spacer\">\n\t\t\t<div class=\"elementor-spacer-inner\"><\/div>\n\t\t<\/div>\n\t\t\t\t\t\t<\/div>\n\t\t\t\t<\/div>\n\t\t\t\t\t<\/div>\n\t\t<\/div>\n\t\t\t\t\t<\/div>\n\t\t<\/section>\n\t\t\t\t<\/div>\n\t\t","protected":false},"excerpt":{"rendered":"<p>Do\u011fa, Biyo\u00e7e\u015fitlilik ve Bah\u00e7ecilik Nasil k\u00fclt\u00fcrel \u00e7e\u015fitlili\u011fin varl\u0131\u011f\u0131, tan\u0131nmas\u0131 ve korunmas\u0131 toplumlar i\u00e7in hayati de\u011fer ta\u015f\u0131yorsa, biyolojik \u00e7e\u015fitlilik de par\u00e7as\u0131 oldu\u011fumuz do\u011fan\u0131n dayan\u0131kl\u0131l\u0131\u011f\u0131 ve devam\u0131 i\u00e7in vazge\u00e7ilmezdir. Do\u011fan\u0131n korunmas\u0131, biyolojik \u00e7e\u015fitlili\u011fin devam\u0131ndan ayr\u0131 d\u00fc\u015f\u00fcn\u00fclemez. Ne yaz\u0131k ki, her y\u0131l pek \u00e7ok t\u00fcr\u00fcn yok olu\u015f haberlerini&#8230;<\/p>\n","protected":false},"author":7,"featured_media":0,"parent":2799,"menu_order":0,"comment_status":"closed","ping_status":"closed","template":"full_width.php","meta":{"footnotes":""},"class_list":["post-3264","page","type-page","status-publish","hentry"],"_links":{"self":[{"href":"https:\/\/yesilcember.eu\/tr\/wp-json\/wp\/v2\/pages\/3264","targetHints":{"allow":["GET"]}}],"collection":[{"href":"https:\/\/yesilcember.eu\/tr\/wp-json\/wp\/v2\/pages"}],"about":[{"href":"https:\/\/yesilcember.eu\/tr\/wp-json\/wp\/v2\/types\/page"}],"author":[{"embeddable":true,"href":"https:\/\/yesilcember.eu\/tr\/wp-json\/wp\/v2\/users\/7"}],"replies":[{"embeddable":true,"href":"https:\/\/yesilcember.eu\/tr\/wp-json\/wp\/v2\/comments?post=3264"}],"version-history":[{"count":0,"href":"https:\/\/yesilcember.eu\/tr\/wp-json\/wp\/v2\/pages\/3264\/revisions"}],"up":[{"embeddable":true,"href":"https:\/\/yesilcember.eu\/tr\/wp-json\/wp\/v2\/pages\/2799"}],"wp:attachment":[{"href":"https:\/\/yesilcember.eu\/tr\/wp-json\/wp\/v2\/media?parent=3264"}],"curies":[{"name":"wp","href":"https:\/\/api.w.org\/{rel}","templated":true}]}}