{"id":3494,"date":"2022-07-25T18:38:55","date_gmt":"2022-07-25T16:38:55","guid":{"rendered":"https:\/\/yesilcember.eu\/?page_id=3494"},"modified":"2025-09-03T13:19:20","modified_gmt":"2025-09-03T11:19:20","slug":"kuenye","status":"publish","type":"page","link":"https:\/\/yesilcember.eu\/tr\/kuenye\/","title":{"rendered":"K\u00fcnye"},"content":{"rendered":"\t\t<div data-elementor-type=\"wp-page\" data-elementor-id=\"3494\" class=\"elementor elementor-3494 elementor-2301\">\n\t\t\t\t\t\t<section class=\"elementor-section elementor-top-section elementor-element elementor-element-31ee4b8 elementor-section-full_width qode_elementor_container_inner elementor-section-height-default elementor-section-height-default parallax_section_no\" data-id=\"31ee4b8\" data-element_type=\"section\">\n\t\t\t\t\t\t<div class=\"elementor-container elementor-column-gap-default\">\n\t\t\t\t\t<div class=\"elementor-column elementor-col-100 elementor-top-column elementor-element elementor-element-d0123be\" data-id=\"d0123be\" data-element_type=\"column\">\n\t\t\t<div class=\"elementor-widget-wrap\">\n\t\t\t\t\t\t\t<\/div>\n\t\t<\/div>\n\t\t\t\t\t<\/div>\n\t\t<\/section>\n\t\t\t\t<section class=\"elementor-section elementor-top-section elementor-element elementor-element-61e760e elementor-section-full_width qode_elementor_container_inner elementor-section-height-default elementor-section-height-default parallax_section_no\" data-id=\"61e760e\" data-element_type=\"section\">\n\t\t\t\t\t\t<div class=\"elementor-container elementor-column-gap-default\">\n\t\t\t\t\t<div class=\"elementor-column elementor-col-100 elementor-top-column elementor-element elementor-element-3f4f732\" data-id=\"3f4f732\" data-element_type=\"column\">\n\t\t\t<div class=\"elementor-widget-wrap elementor-element-populated\">\n\t\t\t\t\t\t<div class=\"elementor-element elementor-element-c02db75 elementor-widget elementor-widget-spacer\" data-id=\"c02db75\" data-element_type=\"widget\" data-widget_type=\"spacer.default\">\n\t\t\t\t<div class=\"elementor-widget-container\">\n\t\t\t\t\t\t\t<div class=\"elementor-spacer\">\n\t\t\t<div class=\"elementor-spacer-inner\"><\/div>\n\t\t<\/div>\n\t\t\t\t\t\t<\/div>\n\t\t\t\t<\/div>\n\t\t\t\t\t<\/div>\n\t\t<\/div>\n\t\t\t\t\t<\/div>\n\t\t<\/section>\n\t\t\t\t<section class=\"elementor-section elementor-top-section elementor-element elementor-element-008a457 elementor-section-boxed elementor-section-height-default elementor-section-height-default parallax_section_no qode_elementor_container_no\" data-id=\"008a457\" data-element_type=\"section\">\n\t\t\t\t\t\t<div class=\"elementor-container elementor-column-gap-default\">\n\t\t\t\t\t<div class=\"elementor-column elementor-col-100 elementor-top-column elementor-element elementor-element-b7bc267\" data-id=\"b7bc267\" data-element_type=\"column\">\n\t\t\t<div class=\"elementor-widget-wrap elementor-element-populated\">\n\t\t\t\t\t\t<div class=\"elementor-element elementor-element-7fde948 elementor-widget elementor-widget-text-editor\" data-id=\"7fde948\" data-element_type=\"widget\" data-widget_type=\"text-editor.default\">\n\t\t\t\t<div class=\"elementor-widget-container\">\n\t\t\t\t\t\t\t\t\t<header class=\"entry-header\"><h1 class=\"elementor-heading-title elementor-size-default elementor-inline-editing pen\" data-elementor-setting-key=\"title\" data-pen-placeholder=\"Eingabe hier...\">K\u00fcnye\u200b<\/h1><p>Ye\u015fil \u00c7ember \u2013 ekolojik k\u00fclt\u00fcrleraras\u0131 gGmbH<\/p><p>c\/o Global Village, Am Sudhaus 2, 12053 Berlin<br \/><a href=\"mailto:info@yesilcember.eu\">info@yesilcember.eu<\/a><\/p><p>\u015eirket Y\u00f6netimi: G\u00fclcan Nitsch<\/p><p>Yer: Berlin, Amtsgericht Berlin Charlottenburg| HRB 146820B<\/p><p>USt-IdNr.: DE 286 303 845<\/p><p>YE\u015e\u0130L \u00c7EMBER \u2013 ekolojik. k\u00fclt\u00fcrleraras\u0131. kar amac\u0131 g\u00fctmeyen limited \u015firket<\/p><\/header><div class=\"entry-content\"><p>Ekolojik d\u00f6n\u00fc\u015f\u00fcm i\u00e7in ki\u015fileri k\u00fclt\u00fcrleraras\u0131 harekete ge\u00e7iriyor<\/p><p>Referanslar ve ba\u011flant\u0131lar i\u00e7in sorumluluk<\/p><p>Bu web sitesindeki ba\u011flant\u0131lar\u0131n, sayfan\u0131n \u00e7er\u00e7evesinden \u00e7\u0131k\u0131ld\u0131\u011f\u0131nda ve yeni bir taray\u0131c\u0131 penceresi a\u00e7\u0131ld\u0131\u011f\u0131nda veya sayfalar ayr\u0131 ayr\u0131 i\u015faretlendi\u011finde harici sa\u011flay\u0131c\u0131lara y\u00f6nlendirdi\u011fini belirtmek isteriz. Harici sayfalar\u0131n i\u00e7eri\u011finin do\u011frulu\u011fu konusunda herhangi bir sorumluluk kabul etmiyoruz, bunun yerine ilgili sa\u011flay\u0131c\u0131lar\u0131n sorumlulu\u011funa tabidirler. Bu ayn\u0131 zamanda ba\u011flant\u0131 verilen sayfalar\u0131n yasall\u0131\u011f\u0131 veya telif hakk\u0131 d\u00fczenlemelerine uygunlu\u011fu ve g\u00fcncelli\u011fi i\u00e7in de ge\u00e7erlidir.<\/p><p>Telif hakk\u0131 bildirimi<\/p><p>Bu web sitesi ve i\u00e7eri\u011fi Alman yan telif hakk\u0131 ve telif hakk\u0131 yasas\u0131na tabidir. Telif hakk\u0131 yasas\u0131 taraf\u0131ndan izin verilmeyen her t\u00fcrl\u00fc kullan\u0131m, sa\u011flay\u0131c\u0131n\u0131n \u00f6nceden yaz\u0131l\u0131 iznini gerektirir. Web sayfalar\u0131ndan yap\u0131lan indirmelerin fotokopileri yaln\u0131zca ki\u015fisel, \u00f6zel ve ticari olmayan kullan\u0131m i\u00e7in \u00e7ekilebilir.<\/p><p>G\u00fcvenlik uyar\u0131s\u0131<\/p><p>T\u00fcm teknik ve organizasyonel \u00f6nlemleri alarak ki\u015fisel verilerinizi \u00fc\u00e7\u00fcnc\u00fc taraflar\u0131n eri\u015femeyece\u011fi \u015fekilde saklamak i\u00e7in her t\u00fcrl\u00fc \u00e7abay\u0131 g\u00f6steriyoruz. E-posta ile ileti\u015fim kurarken, tam veri g\u00fcvenli\u011fini garanti edemeyiz, bu nedenle gizli bilgileri posta yoluyla g\u00f6ndermenizi \u00f6neririz.<\/p><\/div>\t\t\t\t\t\t\t\t<\/div>\n\t\t\t\t<\/div>\n\t\t\t\t\t<\/div>\n\t\t<\/div>\n\t\t\t\t\t<\/div>\n\t\t<\/section>\n\t\t\t\t<section class=\"elementor-section elementor-top-section elementor-element elementor-element-d3e19cc elementor-section-boxed elementor-section-height-default elementor-section-height-default parallax_section_no qode_elementor_container_no\" data-id=\"d3e19cc\" data-element_type=\"section\">\n\t\t\t\t\t\t<div class=\"elementor-container elementor-column-gap-default\">\n\t\t\t\t\t<div class=\"elementor-column elementor-col-100 elementor-top-column elementor-element elementor-element-66535a0\" data-id=\"66535a0\" data-element_type=\"column\">\n\t\t\t<div class=\"elementor-widget-wrap elementor-element-populated\">\n\t\t\t\t\t\t<div class=\"elementor-element elementor-element-3d9ad93 elementor-widget elementor-widget-spacer\" data-id=\"3d9ad93\" data-element_type=\"widget\" data-widget_type=\"spacer.default\">\n\t\t\t\t<div class=\"elementor-widget-container\">\n\t\t\t\t\t\t\t<div class=\"elementor-spacer\">\n\t\t\t<div class=\"elementor-spacer-inner\"><\/div>\n\t\t<\/div>\n\t\t\t\t\t\t<\/div>\n\t\t\t\t<\/div>\n\t\t\t\t\t<\/div>\n\t\t<\/div>\n\t\t\t\t\t<\/div>\n\t\t<\/section>\n\t\t\t\t<\/div>\n\t\t","protected":false},"excerpt":{"rendered":"<p>K\u00fcnye\u200b Ye\u015fil \u00c7ember \u2013 ekolojik k\u00fclt\u00fcrleraras\u0131 gGmbH c\/o Global Village, Am Sudhaus 2, 12053 Berlininfo@yesilcember.eu \u015eirket Y\u00f6netimi: G\u00fclcan Nitsch Yer: Berlin, Amtsgericht Berlin Charlottenburg| HRB 146820B USt-IdNr.: DE 286 303 845 YE\u015e\u0130L \u00c7EMBER \u2013 ekolojik. k\u00fclt\u00fcrleraras\u0131. kar amac\u0131 g\u00fctmeyen limited \u015firket Ekolojik d\u00f6n\u00fc\u015f\u00fcm i\u00e7in ki\u015fileri&#8230;<\/p>\n","protected":false},"author":7,"featured_media":0,"parent":0,"menu_order":0,"comment_status":"closed","ping_status":"closed","template":"full_width.php","meta":{"footnotes":""},"class_list":["post-3494","page","type-page","status-publish","hentry"],"_links":{"self":[{"href":"https:\/\/yesilcember.eu\/tr\/wp-json\/wp\/v2\/pages\/3494","targetHints":{"allow":["GET"]}}],"collection":[{"href":"https:\/\/yesilcember.eu\/tr\/wp-json\/wp\/v2\/pages"}],"about":[{"href":"https:\/\/yesilcember.eu\/tr\/wp-json\/wp\/v2\/types\/page"}],"author":[{"embeddable":true,"href":"https:\/\/yesilcember.eu\/tr\/wp-json\/wp\/v2\/users\/7"}],"replies":[{"embeddable":true,"href":"https:\/\/yesilcember.eu\/tr\/wp-json\/wp\/v2\/comments?post=3494"}],"version-history":[{"count":6,"href":"https:\/\/yesilcember.eu\/tr\/wp-json\/wp\/v2\/pages\/3494\/revisions"}],"predecessor-version":[{"id":6798,"href":"https:\/\/yesilcember.eu\/tr\/wp-json\/wp\/v2\/pages\/3494\/revisions\/6798"}],"wp:attachment":[{"href":"https:\/\/yesilcember.eu\/tr\/wp-json\/wp\/v2\/media?parent=3494"}],"curies":[{"name":"wp","href":"https:\/\/api.w.org\/{rel}","templated":true}]}}