{"id":3865,"date":"2022-11-04T14:39:34","date_gmt":"2022-11-04T13:39:34","guid":{"rendered":"https:\/\/yesilcember.eu\/?page_id=3865"},"modified":"2022-11-04T15:12:38","modified_gmt":"2022-11-04T14:12:38","slug":"daha-akilli-tuket","status":"publish","type":"page","link":"https:\/\/yesilcember.eu\/tr\/bitmis-projeler\/daha-akilli-tuket\/","title":{"rendered":"Daha Ak\u0131ll\u0131 Tuket"},"content":{"rendered":"\t\t<div data-elementor-type=\"wp-page\" data-elementor-id=\"3865\" class=\"elementor elementor-3865 elementor-3841\">\n\t\t\t\t\t\t<section class=\"elementor-section elementor-top-section elementor-element elementor-element-3e7fd362 elementor-section-full_width qode_elementor_container_inner elementor-section-height-default elementor-section-height-default parallax_section_no\" data-id=\"3e7fd362\" data-element_type=\"section\">\n\t\t\t\t\t\t<div class=\"elementor-container elementor-column-gap-default\">\n\t\t\t\t\t<div class=\"elementor-column elementor-col-100 elementor-top-column elementor-element elementor-element-2b6ad0fd\" data-id=\"2b6ad0fd\" data-element_type=\"column\">\n\t\t\t<div class=\"elementor-widget-wrap elementor-element-populated\">\n\t\t\t\t\t\t<div class=\"elementor-element elementor-element-58ade62 elementor-widget elementor-widget-spacer\" data-id=\"58ade62\" data-element_type=\"widget\" data-widget_type=\"spacer.default\">\n\t\t\t\t<div class=\"elementor-widget-container\">\n\t\t\t\t\t\t\t<div class=\"elementor-spacer\">\n\t\t\t<div class=\"elementor-spacer-inner\"><\/div>\n\t\t<\/div>\n\t\t\t\t\t\t<\/div>\n\t\t\t\t<\/div>\n\t\t\t\t\t<\/div>\n\t\t<\/div>\n\t\t\t\t\t<\/div>\n\t\t<\/section>\n\t\t\t\t<section class=\"elementor-section elementor-top-section elementor-element elementor-element-a4a7aac elementor-section-boxed elementor-section-height-default elementor-section-height-default parallax_section_no qode_elementor_container_no\" data-id=\"a4a7aac\" data-element_type=\"section\">\n\t\t\t\t\t\t<div class=\"elementor-container elementor-column-gap-default\">\n\t\t\t\t\t<div class=\"elementor-column elementor-col-100 elementor-top-column elementor-element elementor-element-6163339\" data-id=\"6163339\" data-element_type=\"column\">\n\t\t\t<div class=\"elementor-widget-wrap elementor-element-populated\">\n\t\t\t\t\t\t<div class=\"elementor-element elementor-element-ab48783 elementor-widget elementor-widget-spacer\" data-id=\"ab48783\" data-element_type=\"widget\" data-widget_type=\"spacer.default\">\n\t\t\t\t<div class=\"elementor-widget-container\">\n\t\t\t\t\t\t\t<div class=\"elementor-spacer\">\n\t\t\t<div class=\"elementor-spacer-inner\"><\/div>\n\t\t<\/div>\n\t\t\t\t\t\t<\/div>\n\t\t\t\t<\/div>\n\t\t\t\t\t<\/div>\n\t\t<\/div>\n\t\t\t\t\t<\/div>\n\t\t<\/section>\n\t\t\t\t<section class=\"elementor-section elementor-top-section elementor-element elementor-element-35333a3 elementor-section-full_width qode_elementor_container_inner elementor-section-height-default elementor-section-height-default parallax_section_no\" data-id=\"35333a3\" data-element_type=\"section\">\n\t\t\t\t\t\t<div class=\"elementor-container elementor-column-gap-default\">\n\t\t\t\t\t<div class=\"elementor-column elementor-col-100 elementor-top-column elementor-element elementor-element-40868847\" data-id=\"40868847\" data-element_type=\"column\">\n\t\t\t<div class=\"elementor-widget-wrap elementor-element-populated\">\n\t\t\t\t\t\t<div class=\"elementor-element elementor-element-32571d5e elementor-widget elementor-widget-heading\" data-id=\"32571d5e\" data-element_type=\"widget\" data-widget_type=\"heading.default\">\n\t\t\t\t<div class=\"elementor-widget-container\">\n\t\t\t\t\t<h1 class=\"elementor-heading-title elementor-size-default\">Daha ak\u0131ll\u0131ca t\u00fcketin - daha keyifli ya\u015fay\u0131n<\/h1>\t\t\t\t<\/div>\n\t\t\t\t<\/div>\n\t\t\t\t<div class=\"elementor-element elementor-element-44b3b391 elementor-widget elementor-widget-heading\" data-id=\"44b3b391\" data-element_type=\"widget\" data-widget_type=\"heading.default\">\n\t\t\t\t<div class=\"elementor-widget-container\">\n\t\t\t\t\t<h4 class=\"elementor-heading-title elementor-size-default\">Projede, at\u0131k, t\u00fcketim ve e\u015fyalar\u0131n azalt\u0131lmas\u0131 ve dolay\u0131s\u0131yla k\u00fc\u00e7\u00fck bir ekolojik ayak izi yoluyla daha az stresle daha iyi, iklim ve \u00e7evreye duyarl\u0131 bir ya\u015fam\u0131n pozitif vizyonu aktar\u0131lmaktad\u0131r.\n<\/h4>\t\t\t\t<\/div>\n\t\t\t\t<\/div>\n\t\t\t\t<div class=\"elementor-element elementor-element-62a86d5a elementor-widget elementor-widget-spacer\" data-id=\"62a86d5a\" data-element_type=\"widget\" data-widget_type=\"spacer.default\">\n\t\t\t\t<div class=\"elementor-widget-container\">\n\t\t\t\t\t\t\t<div class=\"elementor-spacer\">\n\t\t\t<div class=\"elementor-spacer-inner\"><\/div>\n\t\t<\/div>\n\t\t\t\t\t\t<\/div>\n\t\t\t\t<\/div>\n\t\t\t\t\t<\/div>\n\t\t<\/div>\n\t\t\t\t\t<\/div>\n\t\t<\/section>\n\t\t\t\t<section class=\"elementor-section elementor-top-section elementor-element elementor-element-182973e0 elementor-section-full_width elementor-section-content-middle qode_elementor_container_inner elementor-section-height-default elementor-section-height-default parallax_section_no\" data-id=\"182973e0\" data-element_type=\"section\">\n\t\t\t\t\t\t<div class=\"elementor-container elementor-column-gap-default\">\n\t\t\t\t\t<div class=\"elementor-column elementor-col-50 elementor-top-column elementor-element elementor-element-555d8c3d\" data-id=\"555d8c3d\" data-element_type=\"column\">\n\t\t\t<div class=\"elementor-widget-wrap elementor-element-populated\">\n\t\t\t\t\t\t<div class=\"elementor-element elementor-element-10ddf0ca elementor-widget elementor-widget-image\" data-id=\"10ddf0ca\" data-element_type=\"widget\" data-widget_type=\"image.default\">\n\t\t\t\t<div class=\"elementor-widget-container\">\n\t\t\t\t\t\t\t\t\t\t\t\t\t\t\t<img fetchpriority=\"high\" decoding=\"async\" width=\"1024\" height=\"768\" src=\"https:\/\/yesilcember.eu\/wp-content\/uploads\/2022\/11\/WhatsApp-Image-2022-10-02-at-20.44.19-1024x768.jpeg\" class=\"attachment-large size-large wp-image-3843\" alt=\"\" srcset=\"https:\/\/yesilcember.eu\/wp-content\/uploads\/2022\/11\/WhatsApp-Image-2022-10-02-at-20.44.19-1024x768.jpeg 1024w, https:\/\/yesilcember.eu\/wp-content\/uploads\/2022\/11\/WhatsApp-Image-2022-10-02-at-20.44.19-300x225.jpeg 300w, https:\/\/yesilcember.eu\/wp-content\/uploads\/2022\/11\/WhatsApp-Image-2022-10-02-at-20.44.19-768x576.jpeg 768w, https:\/\/yesilcember.eu\/wp-content\/uploads\/2022\/11\/WhatsApp-Image-2022-10-02-at-20.44.19-1536x1152.jpeg 1536w, https:\/\/yesilcember.eu\/wp-content\/uploads\/2022\/11\/WhatsApp-Image-2022-10-02-at-20.44.19-800x600.jpeg 800w, https:\/\/yesilcember.eu\/wp-content\/uploads\/2022\/11\/WhatsApp-Image-2022-10-02-at-20.44.19-700x525.jpeg 700w, https:\/\/yesilcember.eu\/wp-content\/uploads\/2022\/11\/WhatsApp-Image-2022-10-02-at-20.44.19.jpeg 2048w\" sizes=\"(max-width: 1024px) 100vw, 1024px\" \/>\t\t\t\t\t\t\t\t\t\t\t\t\t\t\t<\/div>\n\t\t\t\t<\/div>\n\t\t\t\t\t<\/div>\n\t\t<\/div>\n\t\t\t\t<div class=\"elementor-column elementor-col-50 elementor-top-column elementor-element elementor-element-4a589ac4\" data-id=\"4a589ac4\" data-element_type=\"column\">\n\t\t\t<div class=\"elementor-widget-wrap elementor-element-populated\">\n\t\t\t\t\t\t<div class=\"elementor-element elementor-element-16f18d6e elementor-widget elementor-widget-spacer\" data-id=\"16f18d6e\" data-element_type=\"widget\" data-widget_type=\"spacer.default\">\n\t\t\t\t<div class=\"elementor-widget-container\">\n\t\t\t\t\t\t\t<div class=\"elementor-spacer\">\n\t\t\t<div class=\"elementor-spacer-inner\"><\/div>\n\t\t<\/div>\n\t\t\t\t\t\t<\/div>\n\t\t\t\t<\/div>\n\t\t\t\t<div class=\"elementor-element elementor-element-e8200f0 elementor-widget elementor-widget-heading\" data-id=\"e8200f0\" data-element_type=\"widget\" data-widget_type=\"heading.default\">\n\t\t\t\t<div class=\"elementor-widget-container\">\n\t\t\t\t\t<h5 class=\"elementor-heading-title elementor-size-default\">Ama\u00e7, uzun vadede at\u0131k miktar\u0131n\u0131 \u00f6nemli \u00f6l\u00e7\u00fcde azaltmak ve bu s\u00fcre\u00e7te CO2 tasarrufu sa\u011flamak, ayr\u0131ca kat\u0131l\u0131mc\u0131lara \u00e7evre ve c\u00fczdan dostu bir ya\u015fam tarz\u0131n\u0131n olanaklar\u0131n\u0131 g\u00f6stermektir. Somut olarak ama\u00e7, kat\u0131l\u0131mc\u0131lara d\u00fcnya \u00e7ap\u0131nda do\u011fal kaynaklar\u0131 nas\u0131l sorumlu bir \u015fekilde kullanacaklar\u0131n\u0131 ve israftan nas\u0131l ka\u00e7\u0131nacaklar\u0131n\u0131 g\u00f6stermenin yan\u0131 s\u0131ra, \u00f6zel ya\u015famlar\u0131nda fedakarl\u0131k yapmak zorunda kalmadan \u00e7evre ve mali a\u00e7\u0131dan dost bir ya\u015fam tarz\u0131n\u0131 nas\u0131l s\u00fcrd\u00fcrebileceklerini g\u00f6stermektir. \u0130\u015fe 200 haneye kendi t\u00fcketim davran\u0131\u015flar\u0131 hakk\u0131nda sorular sorarak ba\u015flayaca\u011f\u0131z ve de\u011fi\u015f toku\u015f pazar\u0131 ve elektrik tasarrufu hakk\u0131nda bilgilendirme etkinlikleri d\u00fczenleyece\u011fiz.\n<\/h5>\t\t\t\t<\/div>\n\t\t\t\t<\/div>\n\t\t\t\t\t<\/div>\n\t\t<\/div>\n\t\t\t\t\t<\/div>\n\t\t<\/section>\n\t\t\t\t<section class=\"elementor-section elementor-top-section elementor-element elementor-element-71006e56 qode_elementor_container_inner elementor-section-full_width elementor-section-height-default elementor-section-height-default parallax_section_no\" data-id=\"71006e56\" data-element_type=\"section\">\n\t\t\t\t\t\t<div class=\"elementor-container elementor-column-gap-default\">\n\t\t\t\t\t<div class=\"elementor-column elementor-col-100 elementor-top-column elementor-element elementor-element-4339eff9\" data-id=\"4339eff9\" data-element_type=\"column\">\n\t\t\t<div class=\"elementor-widget-wrap elementor-element-populated\">\n\t\t\t\t\t\t<div class=\"elementor-element elementor-element-461b4e2e elementor-widget elementor-widget-spacer\" data-id=\"461b4e2e\" data-element_type=\"widget\" data-widget_type=\"spacer.default\">\n\t\t\t\t<div class=\"elementor-widget-container\">\n\t\t\t\t\t\t\t<div class=\"elementor-spacer\">\n\t\t\t<div class=\"elementor-spacer-inner\"><\/div>\n\t\t<\/div>\n\t\t\t\t\t\t<\/div>\n\t\t\t\t<\/div>\n\t\t\t\t<div class=\"elementor-element elementor-element-4ec2132a elementor-widget elementor-widget-spacer\" data-id=\"4ec2132a\" data-element_type=\"widget\" data-widget_type=\"spacer.default\">\n\t\t\t\t<div class=\"elementor-widget-container\">\n\t\t\t\t\t\t\t<div class=\"elementor-spacer\">\n\t\t\t<div class=\"elementor-spacer-inner\"><\/div>\n\t\t<\/div>\n\t\t\t\t\t\t<\/div>\n\t\t\t\t<\/div>\n\t\t\t\t\t<\/div>\n\t\t<\/div>\n\t\t\t\t\t<\/div>\n\t\t<\/section>\n\t\t\t\t<section class=\"elementor-section elementor-top-section elementor-element elementor-element-52cda773 elementor-section-boxed elementor-section-height-default elementor-section-height-default parallax_section_no qode_elementor_container_no\" data-id=\"52cda773\" data-element_type=\"section\">\n\t\t\t\t\t\t<div class=\"elementor-container elementor-column-gap-default\">\n\t\t\t\t\t<div class=\"elementor-column elementor-col-100 elementor-top-column elementor-element elementor-element-522bf499\" data-id=\"522bf499\" data-element_type=\"column\">\n\t\t\t<div class=\"elementor-widget-wrap elementor-element-populated\">\n\t\t\t\t\t\t<div class=\"elementor-element elementor-element-38eea3e3 elementor-widget elementor-widget-spacer\" data-id=\"38eea3e3\" data-element_type=\"widget\" data-widget_type=\"spacer.default\">\n\t\t\t\t<div class=\"elementor-widget-container\">\n\t\t\t\t\t\t\t<div class=\"elementor-spacer\">\n\t\t\t<div class=\"elementor-spacer-inner\"><\/div>\n\t\t<\/div>\n\t\t\t\t\t\t<\/div>\n\t\t\t\t<\/div>\n\t\t\t\t<div class=\"elementor-element elementor-element-288f2dbb elementor-widget elementor-widget-bridge_button\" data-id=\"288f2dbb\" data-element_type=\"widget\" data-widget_type=\"bridge_button.default\">\n\t\t\t\t<div class=\"elementor-widget-container\">\n\t\t\t\t\t<a  itemprop=\"url\" href=\"\/tr\/projeler\/\" target=\"_self\"  class=\"qbutton  default\" style=\"\">Genel Bak\u0131\u015fa D\u00f6n<\/a>\t\t\t\t<\/div>\n\t\t\t\t<\/div>\n\t\t\t\t\t<\/div>\n\t\t<\/div>\n\t\t\t\t\t<\/div>\n\t\t<\/section>\n\t\t\t\t<\/div>\n\t\t","protected":false},"excerpt":{"rendered":"<p>Daha ak\u0131ll\u0131ca t\u00fcketin &#8211; daha keyifli ya\u015fay\u0131n Projede, at\u0131k, t\u00fcketim ve e\u015fyalar\u0131n azalt\u0131lmas\u0131 ve dolay\u0131s\u0131yla k\u00fc\u00e7\u00fck bir ekolojik ayak izi yoluyla daha az stresle daha iyi, iklim ve \u00e7evreye duyarl\u0131 bir ya\u015fam\u0131n pozitif vizyonu aktar\u0131lmaktad\u0131r. Ama\u00e7, uzun vadede at\u0131k miktar\u0131n\u0131 \u00f6nemli \u00f6l\u00e7\u00fcde azaltmak ve bu&#8230;<\/p>\n","protected":false},"author":7,"featured_media":0,"parent":6595,"menu_order":0,"comment_status":"closed","ping_status":"closed","template":"full_width.php","meta":{"footnotes":""},"class_list":["post-3865","page","type-page","status-publish","hentry"],"_links":{"self":[{"href":"https:\/\/yesilcember.eu\/tr\/wp-json\/wp\/v2\/pages\/3865","targetHints":{"allow":["GET"]}}],"collection":[{"href":"https:\/\/yesilcember.eu\/tr\/wp-json\/wp\/v2\/pages"}],"about":[{"href":"https:\/\/yesilcember.eu\/tr\/wp-json\/wp\/v2\/types\/page"}],"author":[{"embeddable":true,"href":"https:\/\/yesilcember.eu\/tr\/wp-json\/wp\/v2\/users\/7"}],"replies":[{"embeddable":true,"href":"https:\/\/yesilcember.eu\/tr\/wp-json\/wp\/v2\/comments?post=3865"}],"version-history":[{"count":0,"href":"https:\/\/yesilcember.eu\/tr\/wp-json\/wp\/v2\/pages\/3865\/revisions"}],"up":[{"embeddable":true,"href":"https:\/\/yesilcember.eu\/tr\/wp-json\/wp\/v2\/pages\/6595"}],"wp:attachment":[{"href":"https:\/\/yesilcember.eu\/tr\/wp-json\/wp\/v2\/media?parent=3865"}],"curies":[{"name":"wp","href":"https:\/\/api.w.org\/{rel}","templated":true}]}}