{"id":3897,"date":"2022-11-09T13:00:31","date_gmt":"2022-11-09T12:00:31","guid":{"rendered":"https:\/\/yesilcember.eu\/?page_id=3897"},"modified":"2023-02-16T14:55:09","modified_gmt":"2023-02-16T13:55:09","slug":"organizma-demokrasi","status":"publish","type":"page","link":"https:\/\/yesilcember.eu\/tr\/bitmis-projeler\/organizma-demokrasi\/","title":{"rendered":"OrganizmaDemokrasisi"},"content":{"rendered":"\t\t<div data-elementor-type=\"wp-page\" data-elementor-id=\"3897\" class=\"elementor elementor-3897 elementor-3888\">\n\t\t\t\t\t\t<section class=\"elementor-section elementor-top-section elementor-element elementor-element-3e7fd362 elementor-section-full_width qode_elementor_container_inner elementor-section-height-default elementor-section-height-default parallax_section_no\" data-id=\"3e7fd362\" data-element_type=\"section\">\n\t\t\t\t\t\t<div class=\"elementor-container elementor-column-gap-default\">\n\t\t\t\t\t<div class=\"elementor-column elementor-col-100 elementor-top-column elementor-element elementor-element-2b6ad0fd\" data-id=\"2b6ad0fd\" data-element_type=\"column\">\n\t\t\t<div class=\"elementor-widget-wrap elementor-element-populated\">\n\t\t\t\t\t\t<div class=\"elementor-element elementor-element-3f019b51 elementor-widget elementor-widget-heading\" data-id=\"3f019b51\" data-element_type=\"widget\" data-widget_type=\"heading.default\">\n\t\t\t\t<div class=\"elementor-widget-container\">\n\t\t\t\t\t<h1 class=\"elementor-heading-title elementor-size-default\">Canl\u0131lar Demokrasisi<\/h1>\t\t\t\t<\/div>\n\t\t\t\t<\/div>\n\t\t\t\t<div class=\"elementor-element elementor-element-aecc636 elementor-widget elementor-widget-heading\" data-id=\"aecc636\" data-element_type=\"widget\" data-widget_type=\"heading.default\">\n\t\t\t\t<div class=\"elementor-widget-container\">\n\t\t\t\t\t<h4 class=\"elementor-heading-title elementor-size-default\">Osloer Strasse 107\/108 adresinde bulunan Canl\u0131lar Demokrasisi projesinin hayata ge\u00e7ti\u011fi ye\u015fil alan\u0131 \u00e7evredeki T\u00fcrk-Alman, Arap-Alman topluluklar\u0131 taraf\u0131ndan bilinir hale getiriyoruz. \n<\/h4>\t\t\t\t<\/div>\n\t\t\t\t<\/div>\n\t\t\t\t<div class=\"elementor-element elementor-element-58ade62 elementor-widget elementor-widget-spacer\" data-id=\"58ade62\" data-element_type=\"widget\" data-widget_type=\"spacer.default\">\n\t\t\t\t<div class=\"elementor-widget-container\">\n\t\t\t\t\t\t\t<div class=\"elementor-spacer\">\n\t\t\t<div class=\"elementor-spacer-inner\"><\/div>\n\t\t<\/div>\n\t\t\t\t\t\t<\/div>\n\t\t\t\t<\/div>\n\t\t\t\t\t<\/div>\n\t\t<\/div>\n\t\t\t\t\t<\/div>\n\t\t<\/section>\n\t\t\t\t<section class=\"elementor-section elementor-top-section elementor-element elementor-element-1eeb0d4b elementor-section-full_width elementor-section-content-middle qode_elementor_container_inner elementor-section-height-default elementor-section-height-default parallax_section_no\" data-id=\"1eeb0d4b\" data-element_type=\"section\">\n\t\t\t\t\t\t<div class=\"elementor-container elementor-column-gap-default\">\n\t\t\t\t\t<div class=\"elementor-column elementor-col-50 elementor-top-column elementor-element elementor-element-76986e26\" data-id=\"76986e26\" data-element_type=\"column\">\n\t\t\t<div class=\"elementor-widget-wrap elementor-element-populated\">\n\t\t\t\t\t\t<div class=\"elementor-element elementor-element-1acc294 elementor-widget elementor-widget-image\" data-id=\"1acc294\" data-element_type=\"widget\" data-widget_type=\"image.default\">\n\t\t\t\t<div class=\"elementor-widget-container\">\n\t\t\t\t\t\t\t\t\t\t\t\t\t\t\t<img fetchpriority=\"high\" decoding=\"async\" width=\"640\" height=\"356\" src=\"https:\/\/yesilcember.eu\/wp-content\/uploads\/2022\/11\/GrafikSDLallgBreit2.jpeg\" class=\"attachment-large size-large wp-image-3913\" alt=\"\" srcset=\"https:\/\/yesilcember.eu\/wp-content\/uploads\/2022\/11\/GrafikSDLallgBreit2.jpeg 640w, https:\/\/yesilcember.eu\/wp-content\/uploads\/2022\/11\/GrafikSDLallgBreit2-300x167.jpeg 300w\" sizes=\"(max-width: 640px) 100vw, 640px\" \/>\t\t\t\t\t\t\t\t\t\t\t\t\t\t\t<\/div>\n\t\t\t\t<\/div>\n\t\t\t\t\t<\/div>\n\t\t<\/div>\n\t\t\t\t<div class=\"elementor-column elementor-col-50 elementor-top-column elementor-element elementor-element-745c312a\" data-id=\"745c312a\" data-element_type=\"column\">\n\t\t\t<div class=\"elementor-widget-wrap elementor-element-populated\">\n\t\t\t\t\t\t<div class=\"elementor-element elementor-element-2c9d03de elementor-widget elementor-widget-spacer\" data-id=\"2c9d03de\" data-element_type=\"widget\" data-widget_type=\"spacer.default\">\n\t\t\t\t<div class=\"elementor-widget-container\">\n\t\t\t\t\t\t\t<div class=\"elementor-spacer\">\n\t\t\t<div class=\"elementor-spacer-inner\"><\/div>\n\t\t<\/div>\n\t\t\t\t\t\t<\/div>\n\t\t\t\t<\/div>\n\t\t\t\t<div class=\"elementor-element elementor-element-7e5e2a7f elementor-widget elementor-widget-heading\" data-id=\"7e5e2a7f\" data-element_type=\"widget\" data-widget_type=\"heading.default\">\n\t\t\t\t<div class=\"elementor-widget-container\">\n\t\t\t\t\t<h5 class=\"elementor-heading-title elementor-size-default\">\"Organism Democracy Osloer Stra\u00dfe\", T\u00fcrk-Alman ve Arap-Alman mahalle topluluklar\u0131ndan insanlarla birlikte, insanlar ve insan olmayan \u015fehir sakinlerinin alg\u0131lanmas\u0131, kar\u015f\u0131la\u015fmas\u0131 ve bir arada ya\u015famas\u0131 i\u00e7in yeni formatlar geli\u015ftiriyor. Genel olarak ama\u00e7, yerle\u015fik uygulamalar\u0131m\u0131z olan \"Canl\u0131 Varl\u0131klar Parlamentosu\", \"Bah\u00e7e Y\u00f6netimi\" ve \"Canl\u0131 Varl\u0131klar Adalet Saray\u0131 \"na eri\u015fimi daha engelsiz hale getirmektir. \n<\/h5>\t\t\t\t<\/div>\n\t\t\t\t<\/div>\n\t\t\t\t\t<\/div>\n\t\t<\/div>\n\t\t\t\t\t<\/div>\n\t\t<\/section>\n\t\t\t\t<section class=\"elementor-section elementor-top-section elementor-element elementor-element-cd7b1bc elementor-section-full_width elementor-section-content-middle qode_elementor_container_inner elementor-section-height-default elementor-section-height-default parallax_section_no\" data-id=\"cd7b1bc\" data-element_type=\"section\">\n\t\t\t\t\t\t<div class=\"elementor-container elementor-column-gap-default\">\n\t\t\t\t\t<div class=\"elementor-column elementor-col-50 elementor-top-column elementor-element elementor-element-341012d\" data-id=\"341012d\" data-element_type=\"column\">\n\t\t\t<div class=\"elementor-widget-wrap elementor-element-populated\">\n\t\t\t\t\t\t<div class=\"elementor-element elementor-element-d5d7f25 elementor-widget elementor-widget-heading\" data-id=\"d5d7f25\" data-element_type=\"widget\" data-widget_type=\"heading.default\">\n\t\t\t\t<div class=\"elementor-widget-container\">\n\t\t\t\t\t<h5 class=\"elementor-heading-title elementor-size-default\">+ Osloer Stra\u00dfe Canl\u0131lar Demokrasisini T\u00fcrk-Alman ve Arap-Alman mahalle topluluklar\u0131 i\u00e7in daha eri\u015filebilir k\u0131lmak.\n<br>\n+ Bu topluluklar\u0131n deneyimleri ve uzmanl\u0131klar\u0131 arac\u0131l\u0131\u011f\u0131yla bir\u00e7ok t\u00fcr i\u00e7in ortak ya\u015fam alanlar\u0131 olan konutlar, sokaklar ve parklar hakk\u0131nda yeni perspektifler a\u00e7mak. \n<br>+ Proje kat\u0131l\u0131mc\u0131lar\u0131n\u0131n \u00e7evresini ortak alan bak\u0131\u015f a\u00e7\u0131s\u0131yla ayd\u0131nlatmak ve di\u011fer canl\u0131larla ili\u015fkileri diyalojik bir \u015fekilde \u015fekillendirmeye \u00e7al\u0131\u015fmak.\n<br>+ G\u00fcndelik ya\u015famda insan olmayan kent sakinlerini g\u00f6r\u00fcn\u00fcr k\u0131lma, temsil etme ve dahil etme prati\u011fini ortakla\u015fa geli\u015ftirmek.\n<br>+ 2023 y\u0131l\u0131nda ger\u00e7ekle\u015fecek olan 6. Canl\u0131lar Parlamentosu'nu T\u00fcrk\u00e7e, Almanca ve \u0130ngilizce olarak haz\u0131rlamak\n<\/h5>\t\t\t\t<\/div>\n\t\t\t\t<\/div>\n\t\t\t\t<div class=\"elementor-element elementor-element-22188b0 elementor-widget elementor-widget-spacer\" data-id=\"22188b0\" data-element_type=\"widget\" data-widget_type=\"spacer.default\">\n\t\t\t\t<div class=\"elementor-widget-container\">\n\t\t\t\t\t\t\t<div class=\"elementor-spacer\">\n\t\t\t<div class=\"elementor-spacer-inner\"><\/div>\n\t\t<\/div>\n\t\t\t\t\t\t<\/div>\n\t\t\t\t<\/div>\n\t\t\t\t\t<\/div>\n\t\t<\/div>\n\t\t\t\t<div class=\"elementor-column elementor-col-50 elementor-top-column elementor-element elementor-element-f062b3f\" data-id=\"f062b3f\" data-element_type=\"column\">\n\t\t\t<div class=\"elementor-widget-wrap elementor-element-populated\">\n\t\t\t\t\t\t<div class=\"elementor-element elementor-element-cb0ad95 elementor-widget elementor-widget-image\" data-id=\"cb0ad95\" data-element_type=\"widget\" data-widget_type=\"image.default\">\n\t\t\t\t<div class=\"elementor-widget-container\">\n\t\t\t\t\t\t\t\t\t\t\t\t\t\t\t<img decoding=\"async\" width=\"1024\" height=\"768\" src=\"https:\/\/yesilcember.eu\/wp-content\/uploads\/2022\/11\/StandartenundPultWEBBerlin-1024x768.jpg\" class=\"attachment-large size-large wp-image-3915\" alt=\"\" srcset=\"https:\/\/yesilcember.eu\/wp-content\/uploads\/2022\/11\/StandartenundPultWEBBerlin-1024x768.jpg 1024w, https:\/\/yesilcember.eu\/wp-content\/uploads\/2022\/11\/StandartenundPultWEBBerlin-300x225.jpg 300w, https:\/\/yesilcember.eu\/wp-content\/uploads\/2022\/11\/StandartenundPultWEBBerlin-768x576.jpg 768w, https:\/\/yesilcember.eu\/wp-content\/uploads\/2022\/11\/StandartenundPultWEBBerlin-800x600.jpg 800w, https:\/\/yesilcember.eu\/wp-content\/uploads\/2022\/11\/StandartenundPultWEBBerlin-700x525.jpg 700w, https:\/\/yesilcember.eu\/wp-content\/uploads\/2022\/11\/StandartenundPultWEBBerlin.jpg 1181w\" sizes=\"(max-width: 1024px) 100vw, 1024px\" \/>\t\t\t\t\t\t\t\t\t\t\t\t\t\t\t<\/div>\n\t\t\t\t<\/div>\n\t\t\t\t\t<\/div>\n\t\t<\/div>\n\t\t\t\t\t<\/div>\n\t\t<\/section>\n\t\t\t\t<section class=\"elementor-section elementor-top-section elementor-element elementor-element-498430f elementor-section-full_width elementor-section-content-middle qode_elementor_container_inner elementor-section-height-default elementor-section-height-default parallax_section_no\" data-id=\"498430f\" data-element_type=\"section\">\n\t\t\t\t\t\t<div class=\"elementor-container elementor-column-gap-default\">\n\t\t\t\t\t<div class=\"elementor-column elementor-col-50 elementor-top-column elementor-element elementor-element-a2d8761\" data-id=\"a2d8761\" data-element_type=\"column\">\n\t\t\t<div class=\"elementor-widget-wrap elementor-element-populated\">\n\t\t\t\t\t\t<div class=\"elementor-element elementor-element-2590c02 elementor-widget elementor-widget-image\" data-id=\"2590c02\" data-element_type=\"widget\" data-widget_type=\"image.default\">\n\t\t\t\t<div class=\"elementor-widget-container\">\n\t\t\t\t\t\t\t\t\t\t\t\t\t\t\t<img decoding=\"async\" width=\"1024\" height=\"682\" src=\"https:\/\/yesilcember.eu\/wp-content\/uploads\/2022\/11\/DSC_6568JundStandartenKopieweb-1024x682.jpg\" class=\"attachment-large size-large wp-image-3917\" alt=\"\" srcset=\"https:\/\/yesilcember.eu\/wp-content\/uploads\/2022\/11\/DSC_6568JundStandartenKopieweb-1024x682.jpg 1024w, https:\/\/yesilcember.eu\/wp-content\/uploads\/2022\/11\/DSC_6568JundStandartenKopieweb-300x200.jpg 300w, https:\/\/yesilcember.eu\/wp-content\/uploads\/2022\/11\/DSC_6568JundStandartenKopieweb-768x512.jpg 768w, https:\/\/yesilcember.eu\/wp-content\/uploads\/2022\/11\/DSC_6568JundStandartenKopieweb-700x466.jpg 700w, https:\/\/yesilcember.eu\/wp-content\/uploads\/2022\/11\/DSC_6568JundStandartenKopieweb.jpg 1181w\" sizes=\"(max-width: 1024px) 100vw, 1024px\" \/>\t\t\t\t\t\t\t\t\t\t\t\t\t\t\t<\/div>\n\t\t\t\t<\/div>\n\t\t\t\t\t<\/div>\n\t\t<\/div>\n\t\t\t\t<div class=\"elementor-column elementor-col-50 elementor-top-column elementor-element elementor-element-d787d74\" data-id=\"d787d74\" data-element_type=\"column\">\n\t\t\t<div class=\"elementor-widget-wrap elementor-element-populated\">\n\t\t\t\t\t\t<div class=\"elementor-element elementor-element-31e5909 elementor-widget elementor-widget-heading\" data-id=\"31e5909\" data-element_type=\"widget\" data-widget_type=\"heading.default\">\n\t\t\t\t<div class=\"elementor-widget-container\">\n\t\t\t\t\t<h5 class=\"elementor-heading-title elementor-size-default\">Birbirinizi tan\u0131mak i\u00e7in sorular Evinizde hangi yarat\u0131klarla kar\u015f\u0131la\u015f\u0131yorsunuz ve insan olmayan ev arkada\u015flar\u0131n\u0131zla ili\u015fkiniz nedir? G\u00fcnl\u00fck ya\u015fam\u0131n\u0131zda hangi canl\u0131lar\u0131 yiyor ya da kullan\u0131yorsunuz veya hangi tabulara uyuyorsunuz? \nDi\u011fer canl\u0131lar r\u00fcyalar\u0131n\u0131zda, benlik alg\u0131n\u0131zda, \u0130yi Ya\u015fam fikrinizde, anlatt\u0131\u011f\u0131n\u0131z hikayelerde nas\u0131l bir rol oynuyor? Ailenizin veya kendi memleketinden tan\u0131d\u0131\u011f\u0131n\u0131z ve \u00f6zledi\u011finiz ba\u015fka hangi t\u00fcrler var? Berlin'de hangi t\u00fcrlerle tan\u0131\u015ft\u0131n\u0131z ve onlarla ili\u015fkiniz nedir?\n<\/h5>\t\t\t\t<\/div>\n\t\t\t\t<\/div>\n\t\t\t\t<div class=\"elementor-element elementor-element-069882b elementor-widget elementor-widget-spacer\" data-id=\"069882b\" data-element_type=\"widget\" data-widget_type=\"spacer.default\">\n\t\t\t\t<div class=\"elementor-widget-container\">\n\t\t\t\t\t\t\t<div class=\"elementor-spacer\">\n\t\t\t<div class=\"elementor-spacer-inner\"><\/div>\n\t\t<\/div>\n\t\t\t\t\t\t<\/div>\n\t\t\t\t<\/div>\n\t\t\t\t\t<\/div>\n\t\t<\/div>\n\t\t\t\t\t<\/div>\n\t\t<\/section>\n\t\t\t\t<section class=\"elementor-section elementor-top-section elementor-element elementor-element-484a8d2 elementor-section-full_width elementor-section-content-middle qode_elementor_container_inner elementor-section-height-default elementor-section-height-default parallax_section_no\" data-id=\"484a8d2\" data-element_type=\"section\">\n\t\t\t\t\t\t<div class=\"elementor-container elementor-column-gap-default\">\n\t\t\t\t\t<div class=\"elementor-column elementor-col-50 elementor-top-column elementor-element elementor-element-7c97819\" data-id=\"7c97819\" data-element_type=\"column\">\n\t\t\t<div class=\"elementor-widget-wrap elementor-element-populated\">\n\t\t\t\t\t\t<div class=\"elementor-element elementor-element-89f8287 elementor-widget elementor-widget-heading\" data-id=\"89f8287\" data-element_type=\"widget\" data-widget_type=\"heading.default\">\n\t\t\t\t<div class=\"elementor-widget-container\">\n\t\t\t\t\t<h5 class=\"elementor-heading-title elementor-size-default\">G\u00f6\u00e7\u00fc bir \u00f6r\u00fcmce\u011fin bak\u0131\u015f a\u00e7\u0131s\u0131ndan d\u00fc\u015f\u00fcnd\u00fc\u011f\u00fcmde alg\u0131m nas\u0131l de\u011fi\u015fiyor? G\u00fcnl\u00fck hayat\u0131mda kar\u015f\u0131la\u015ft\u0131\u011f\u0131m canl\u0131lar\u0131n ne gibi \u00e7at\u0131\u015fmalar\u0131 var ve hangi \u00e7at\u0131\u015fma \u00e7\u00f6z\u00fcmleri ilham verici? Hangi kullan\u0131m ili\u015fkileri diyalojik veya simbiyotik, hangileri tek tarafl\u0131d\u0131r? Di\u011fer t\u00fcrlerin perspektifinden bakarsak \u015fehir nas\u0131l de\u011fi\u015fiyor ve gelecekte nas\u0131l de\u011fi\u015fmesi gerekiyor?\nProje s\u00fcresince yapaca\u011f\u0131m\u0131z \u00e7al\u0131\u015fma at\u00f6lyelerinde biraraya gelece\u011fimiz farkl\u0131 gruplarda bu sorular\u0131n cevaplar\u0131n\u0131 arayaca\u011f\u0131z.\n\n\n<a href=\"https:\/\/organismendemokratie.org\/wo\/berlin-osloer-str\/sdl\/\">lhttps:\/\/organismendemokratie.org\/wo\/berlin-osloer-str\/sdl\/<\/a>\n\n<\/h5>\t\t\t\t<\/div>\n\t\t\t\t<\/div>\n\t\t\t\t<div class=\"elementor-element elementor-element-d377d91 elementor-widget elementor-widget-spacer\" data-id=\"d377d91\" data-element_type=\"widget\" data-widget_type=\"spacer.default\">\n\t\t\t\t<div class=\"elementor-widget-container\">\n\t\t\t\t\t\t\t<div class=\"elementor-spacer\">\n\t\t\t<div class=\"elementor-spacer-inner\"><\/div>\n\t\t<\/div>\n\t\t\t\t\t\t<\/div>\n\t\t\t\t<\/div>\n\t\t\t\t\t<\/div>\n\t\t<\/div>\n\t\t\t\t<div class=\"elementor-column elementor-col-50 elementor-top-column elementor-element elementor-element-01a7847\" data-id=\"01a7847\" data-element_type=\"column\">\n\t\t\t<div class=\"elementor-widget-wrap elementor-element-populated\">\n\t\t\t\t\t\t<div class=\"elementor-element elementor-element-456cca6 elementor-widget elementor-widget-image\" data-id=\"456cca6\" data-element_type=\"widget\" data-widget_type=\"image.default\">\n\t\t\t\t<div class=\"elementor-widget-container\">\n\t\t\t\t\t\t\t\t\t\t\t\t\t\t\t<img loading=\"lazy\" decoding=\"async\" width=\"480\" height=\"480\" src=\"https:\/\/yesilcember.eu\/wp-content\/uploads\/2022\/11\/ORGANISMSDEMOCRACYrotweis.jpeg\" class=\"attachment-large size-large wp-image-3908\" alt=\"\" srcset=\"https:\/\/yesilcember.eu\/wp-content\/uploads\/2022\/11\/ORGANISMSDEMOCRACYrotweis.jpeg 480w, https:\/\/yesilcember.eu\/wp-content\/uploads\/2022\/11\/ORGANISMSDEMOCRACYrotweis-300x300.jpeg 300w, https:\/\/yesilcember.eu\/wp-content\/uploads\/2022\/11\/ORGANISMSDEMOCRACYrotweis-150x150.jpeg 150w\" sizes=\"(max-width: 480px) 100vw, 480px\" \/>\t\t\t\t\t\t\t\t\t\t\t\t\t\t\t<\/div>\n\t\t\t\t<\/div>\n\t\t\t\t\t<\/div>\n\t\t<\/div>\n\t\t\t\t\t<\/div>\n\t\t<\/section>\n\t\t\t\t<section class=\"elementor-section elementor-top-section elementor-element elementor-element-ed26863 qode_elementor_container_inner elementor-section-full_width elementor-section-height-default elementor-section-height-default parallax_section_no\" data-id=\"ed26863\" data-element_type=\"section\">\n\t\t\t\t\t\t<div class=\"elementor-container elementor-column-gap-default\">\n\t\t\t\t\t<div class=\"elementor-column elementor-col-100 elementor-top-column elementor-element elementor-element-69c63a2\" data-id=\"69c63a2\" data-element_type=\"column\">\n\t\t\t<div class=\"elementor-widget-wrap elementor-element-populated\">\n\t\t\t\t\t\t<div class=\"elementor-element elementor-element-3fffff9a elementor-widget elementor-widget-spacer\" data-id=\"3fffff9a\" data-element_type=\"widget\" data-widget_type=\"spacer.default\">\n\t\t\t\t<div class=\"elementor-widget-container\">\n\t\t\t\t\t\t\t<div class=\"elementor-spacer\">\n\t\t\t<div class=\"elementor-spacer-inner\"><\/div>\n\t\t<\/div>\n\t\t\t\t\t\t<\/div>\n\t\t\t\t<\/div>\n\t\t\t\t<div class=\"elementor-element elementor-element-71e62be0 elementor-widget elementor-widget-spacer\" data-id=\"71e62be0\" data-element_type=\"widget\" data-widget_type=\"spacer.default\">\n\t\t\t\t<div class=\"elementor-widget-container\">\n\t\t\t\t\t\t\t<div class=\"elementor-spacer\">\n\t\t\t<div class=\"elementor-spacer-inner\"><\/div>\n\t\t<\/div>\n\t\t\t\t\t\t<\/div>\n\t\t\t\t<\/div>\n\t\t\t\t<div class=\"elementor-element elementor-element-5917de94 elementor-widget elementor-widget-bridge_button\" data-id=\"5917de94\" data-element_type=\"widget\" data-widget_type=\"bridge_button.default\">\n\t\t\t\t<div class=\"elementor-widget-container\">\n\t\t\t\t\t<a  itemprop=\"url\" href=\"\/projekte\/\" target=\"_self\"  class=\"qbutton  default\" style=\"\">Geri<\/a>\t\t\t\t<\/div>\n\t\t\t\t<\/div>\n\t\t\t\t\t<\/div>\n\t\t<\/div>\n\t\t\t\t\t<\/div>\n\t\t<\/section>\n\t\t\t\t<section class=\"elementor-section elementor-top-section elementor-element elementor-element-a4a7aac elementor-section-boxed elementor-section-height-default elementor-section-height-default parallax_section_no qode_elementor_container_no\" data-id=\"a4a7aac\" data-element_type=\"section\">\n\t\t\t\t\t\t<div class=\"elementor-container elementor-column-gap-default\">\n\t\t\t\t\t<div class=\"elementor-column elementor-col-100 elementor-top-column elementor-element elementor-element-6163339\" data-id=\"6163339\" data-element_type=\"column\">\n\t\t\t<div class=\"elementor-widget-wrap elementor-element-populated\">\n\t\t\t\t\t\t<div class=\"elementor-element elementor-element-ab48783 elementor-widget elementor-widget-spacer\" data-id=\"ab48783\" data-element_type=\"widget\" data-widget_type=\"spacer.default\">\n\t\t\t\t<div class=\"elementor-widget-container\">\n\t\t\t\t\t\t\t<div class=\"elementor-spacer\">\n\t\t\t<div class=\"elementor-spacer-inner\"><\/div>\n\t\t<\/div>\n\t\t\t\t\t\t<\/div>\n\t\t\t\t<\/div>\n\t\t\t\t\t<\/div>\n\t\t<\/div>\n\t\t\t\t\t<\/div>\n\t\t<\/section>\n\t\t\t\t<\/div>\n\t\t","protected":false},"excerpt":{"rendered":"<p>Canl\u0131lar Demokrasisi Osloer Strasse 107\/108 adresinde bulunan Canl\u0131lar Demokrasisi projesinin hayata ge\u00e7ti\u011fi ye\u015fil alan\u0131 \u00e7evredeki T\u00fcrk-Alman, Arap-Alman topluluklar\u0131 taraf\u0131ndan bilinir hale getiriyoruz. &#8220;Organism Democracy Osloer Stra\u00dfe&#8221;, T\u00fcrk-Alman ve Arap-Alman mahalle topluluklar\u0131ndan insanlarla birlikte, insanlar ve insan olmayan \u015fehir sakinlerinin alg\u0131lanmas\u0131, kar\u015f\u0131la\u015fmas\u0131 ve bir arada ya\u015famas\u0131&#8230;<\/p>\n","protected":false},"author":7,"featured_media":0,"parent":6595,"menu_order":0,"comment_status":"closed","ping_status":"closed","template":"full_width.php","meta":{"footnotes":""},"class_list":["post-3897","page","type-page","status-publish","hentry"],"_links":{"self":[{"href":"https:\/\/yesilcember.eu\/tr\/wp-json\/wp\/v2\/pages\/3897","targetHints":{"allow":["GET"]}}],"collection":[{"href":"https:\/\/yesilcember.eu\/tr\/wp-json\/wp\/v2\/pages"}],"about":[{"href":"https:\/\/yesilcember.eu\/tr\/wp-json\/wp\/v2\/types\/page"}],"author":[{"embeddable":true,"href":"https:\/\/yesilcember.eu\/tr\/wp-json\/wp\/v2\/users\/7"}],"replies":[{"embeddable":true,"href":"https:\/\/yesilcember.eu\/tr\/wp-json\/wp\/v2\/comments?post=3897"}],"version-history":[{"count":0,"href":"https:\/\/yesilcember.eu\/tr\/wp-json\/wp\/v2\/pages\/3897\/revisions"}],"up":[{"embeddable":true,"href":"https:\/\/yesilcember.eu\/tr\/wp-json\/wp\/v2\/pages\/6595"}],"wp:attachment":[{"href":"https:\/\/yesilcember.eu\/tr\/wp-json\/wp\/v2\/media?parent=3897"}],"curies":[{"name":"wp","href":"https:\/\/api.w.org\/{rel}","templated":true}]}}