{"id":5073,"date":"2023-04-04T13:44:23","date_gmt":"2023-04-04T11:44:23","guid":{"rendered":"https:\/\/yesilcember.eu\/?page_id=5073"},"modified":"2025-01-22T13:57:06","modified_gmt":"2025-01-22T12:57:06","slug":"ycgonullusu","status":"publish","type":"page","link":"https:\/\/yesilcember.eu\/tr\/ycgonullusu\/","title":{"rendered":"Gonulluluk"},"content":{"rendered":"\t\t<div data-elementor-type=\"wp-page\" data-elementor-id=\"5073\" class=\"elementor elementor-5073\">\n\t\t\t\t\t\t<section class=\"elementor-section elementor-top-section elementor-element elementor-element-91a84ae elementor-section-boxed elementor-section-height-default elementor-section-height-default parallax_section_no qode_elementor_container_no\" data-id=\"91a84ae\" data-element_type=\"section\">\n\t\t\t\t\t\t<div class=\"elementor-container elementor-column-gap-default\">\n\t\t\t\t\t<div class=\"elementor-column elementor-col-100 elementor-top-column elementor-element elementor-element-bafe398\" data-id=\"bafe398\" data-element_type=\"column\">\n\t\t\t<div class=\"elementor-widget-wrap\">\n\t\t\t\t\t\t\t<\/div>\n\t\t<\/div>\n\t\t\t\t\t<\/div>\n\t\t<\/section>\n\t\t\t\t<section class=\"elementor-section elementor-top-section elementor-element elementor-element-3e7fd362 elementor-section-full_width qode_elementor_container_inner elementor-section-height-default elementor-section-height-default parallax_section_no\" data-id=\"3e7fd362\" data-element_type=\"section\">\n\t\t\t\t\t\t<div class=\"elementor-container elementor-column-gap-default\">\n\t\t\t\t\t<div class=\"elementor-column elementor-col-100 elementor-top-column elementor-element elementor-element-2b6ad0fd\" data-id=\"2b6ad0fd\" data-element_type=\"column\">\n\t\t\t<div class=\"elementor-widget-wrap elementor-element-populated\">\n\t\t\t\t\t\t<div class=\"elementor-element elementor-element-3f019b51 elementor-widget elementor-widget-heading\" data-id=\"3f019b51\" data-element_type=\"widget\" data-widget_type=\"heading.default\">\n\t\t\t\t<div class=\"elementor-widget-container\">\n\t\t\t\t\t<h1 class=\"elementor-heading-title elementor-size-default\">Ye\u015fil \u00c7ember'de G\u00f6n\u00fcll\u00fcl\u00fck<\/h1>\t\t\t\t<\/div>\n\t\t\t\t<\/div>\n\t\t\t\t<div class=\"elementor-element elementor-element-58ade62 elementor-widget elementor-widget-spacer\" data-id=\"58ade62\" data-element_type=\"widget\" data-widget_type=\"spacer.default\">\n\t\t\t\t<div class=\"elementor-widget-container\">\n\t\t\t\t\t\t\t<div class=\"elementor-spacer\">\n\t\t\t<div class=\"elementor-spacer-inner\"><\/div>\n\t\t<\/div>\n\t\t\t\t\t\t<\/div>\n\t\t\t\t<\/div>\n\t\t\t\t\t<\/div>\n\t\t<\/div>\n\t\t\t\t\t<\/div>\n\t\t<\/section>\n\t\t\t\t<section class=\"elementor-section elementor-top-section elementor-element elementor-element-2db3200 elementor-section-boxed elementor-section-height-default elementor-section-height-default parallax_section_no qode_elementor_container_no\" data-id=\"2db3200\" data-element_type=\"section\">\n\t\t\t\t\t\t<div class=\"elementor-container elementor-column-gap-default\">\n\t\t\t\t\t<div class=\"elementor-column elementor-col-100 elementor-top-column elementor-element elementor-element-389f9ea\" data-id=\"389f9ea\" data-element_type=\"column\">\n\t\t\t<div class=\"elementor-widget-wrap elementor-element-populated\">\n\t\t\t\t\t\t<div class=\"elementor-element elementor-element-0cfdfd6 elementor-widget elementor-widget-text-editor\" data-id=\"0cfdfd6\" data-element_type=\"widget\" data-widget_type=\"text-editor.default\">\n\t\t\t\t<div class=\"elementor-widget-container\">\n\t\t\t\t\t\t\t\t\t<h5 style=\"text-align: center\" data-canvas-width=\"589.0133333333335\">E\u011fer sen de bizim gibi do\u011fay\u0131 seviyorsan, bozulan e\u015fyalar\u0131n\u0131 tamir etmekten ho\u015flan\u0131yorsan, daha az<\/h5><h5 style=\"text-align: center\" data-canvas-width=\"603.2253333333338\">t\u00fcketerek daha az at\u0131k \u00fcretmekten ve \u00e7evreye kar\u015f\u0131 sorumlu davranmaktan haz ediyorsan, nas\u0131l daha<\/h5><h5 style=\"text-align: center\" data-canvas-width=\"538.5893333333333\">sa\u011fl\u0131kl\u0131 beslenebilece\u011fine dair kafa yoruyor ve ona g\u00f6re yemek yapmaya ba\u015flad\u0131ysan, iklim<\/h5><h5 style=\"text-align: center\" data-canvas-width=\"600.8639999999997\">de\u011fi\u015fikli\u011finin gelecek ku\u015faklar\u0131n ya\u015fam\u0131n\u0131 etkileyece\u011finin fark\u0131ndaysan, hi\u00e7 kimseye ve hi\u00e7bir canl\u0131ya zarar vermeden ya\u015fam\u0131n\u0131 s\u00fcrd\u00fcrmek istiyor ve \u00e7evrendekileri<\/h5><h5 style=\"text-align: center\" data-canvas-width=\"595.0706666666665\">de bu y\u00f6nde etkilemek istiyorsan do\u011fru yerdesin. Biz d\u00fc\u015f\u00fcnd\u00fcklerini ya\u015fama ge\u00e7iriyor ve bu konuda<\/h5><h5 style=\"text-align: center\" data-canvas-width=\"534.1453333333334\">hareket ediyoruz.<\/h5><p>\u00a0<\/p><p style=\"text-align: center\"><strong>K\u00fc\u00e7\u00fck bir ad\u0131m atarak b\u00fcy\u00fck bir de\u011fi\u015fim yaratabilirsin. Sen de bize kat\u0131l ve gelece\u011fimizi birlikte koruyal\u0131m!<br \/><\/strong><\/p><p>\u00a0<\/p>\t\t\t\t\t\t\t\t<\/div>\n\t\t\t\t<\/div>\n\t\t\t\t\t<\/div>\n\t\t<\/div>\n\t\t\t\t\t<\/div>\n\t\t<\/section>\n\t\t\t\t<section class=\"elementor-section elementor-top-section elementor-element elementor-element-3151336 elementor-section-boxed elementor-section-height-default elementor-section-height-default parallax_section_no qode_elementor_container_no\" data-id=\"3151336\" data-element_type=\"section\">\n\t\t\t\t\t\t<div class=\"elementor-container elementor-column-gap-default\">\n\t\t\t\t\t<div class=\"elementor-column elementor-col-100 elementor-top-column elementor-element elementor-element-5dca288\" data-id=\"5dca288\" data-element_type=\"column\">\n\t\t\t<div class=\"elementor-widget-wrap elementor-element-populated\">\n\t\t\t\t\t\t<div class=\"elementor-element elementor-element-d17a396 elementor-widget elementor-widget-text-editor\" data-id=\"d17a396\" data-element_type=\"widget\" data-widget_type=\"text-editor.default\">\n\t\t\t\t<div class=\"elementor-widget-container\">\n\t\t\t\t\t\t\t\t\t<p>\n<div class=\"wpcf7 no-js\" id=\"wpcf7-f5077-o1\" lang=\"de-DE\" dir=\"ltr\" data-wpcf7-id=\"5077\">\n<div class=\"screen-reader-response\"><p role=\"status\" aria-live=\"polite\"><\/p> <ul><\/ul><\/div>\n<form action=\"\/tr\/wp-json\/wp\/v2\/pages\/5073#wpcf7-f5077-o1\" method=\"post\" class=\"wpcf7-form init\" novalidate=\"novalidate\" data-status=\"init\">\n<fieldset class=\"hidden-fields-container\"><input type=\"hidden\" name=\"_wpcf7\" value=\"5077\" \/><input type=\"hidden\" name=\"_wpcf7_version\" value=\"6.1.5\" \/><input type=\"hidden\" name=\"_wpcf7_locale\" value=\"de_DE\" \/><input type=\"hidden\" name=\"_wpcf7_unit_tag\" value=\"wpcf7-f5077-o1\" \/><input type=\"hidden\" name=\"_wpcf7_container_post\" value=\"0\" \/><input type=\"hidden\" name=\"_wpcf7_posted_data_hash\" value=\"\" \/><input type=\"hidden\" name=\"_wpcf7_recaptcha_response\" value=\"\" \/>\n<\/fieldset>\n<div class=\"two_columns_50_50 clearfix\">\n\t<div class=\"column1\">\n\t\t<div class=\"column_inner\">\n\t\t\t<p><label> \u0130sim*<br \/>\n<span class=\"wpcf7-form-control-wrap\" data-name=\"first-name\"><input size=\"40\" maxlength=\"400\" class=\"wpcf7-form-control wpcf7-text wpcf7-validates-as-required\" value=\"\" type=\"text\" name=\"first-name\" \/><\/span><\/label>\n\t\t\t<\/p>\n\t\t<\/div>\n\t<\/div>\n\t<div class=\"column2\">\n\t\t<div class=\"column_inner\">\n\t\t\t<p><label> Soyisim*<br \/>\n<span class=\"wpcf7-form-control-wrap\" data-name=\"last-name\"><input size=\"40\" maxlength=\"400\" class=\"wpcf7-form-control wpcf7-text wpcf7-validates-as-required\" value=\"\" type=\"text\" name=\"last-name\" \/><\/span><\/label>\n\t\t\t<\/p>\n\t\t<\/div>\n\t<\/div>\n\t<div class=\"column1\">\n\t\t<div class=\"column_inner\">\n\t\t\t<p><label> E-Mail-Adresi*<br \/>\n<span class=\"wpcf7-form-control-wrap\" data-name=\"your-email\"><input size=\"40\" maxlength=\"400\" class=\"wpcf7-form-control wpcf7-email wpcf7-validates-as-required wpcf7-text wpcf7-validates-as-email\" value=\"\" type=\"email\" name=\"your-email\" \/><\/span><\/label>\n\t\t\t<\/p>\n\t\t<\/div>\n\t<\/div>\n\t<div class=\"column2\">\n\t\t<div class=\"column_inner\">\n\t\t\t<p><label> Telefon Numaras\u0131 (iste\u011fe ba\u011fl\u0131)<br \/>\n<span class=\"wpcf7-form-control-wrap\" data-name=\"Telefonnummer\"><input size=\"40\" maxlength=\"400\" class=\"wpcf7-form-control wpcf7-tel wpcf7-text wpcf7-validates-as-tel\" value=\"\" type=\"tel\" name=\"Telefonnummer\" \/><\/span><\/label>\n\t\t\t<\/p>\n\t\t<\/div>\n\t<\/div>\n<\/div>\n<p><label> Mesaj\u0131n\u0131z<br \/>\n<span class=\"wpcf7-form-control-wrap\" data-name=\"your-message\"><textarea cols=\"40\" rows=\"10\" maxlength=\"2000\" class=\"wpcf7-form-control wpcf7-textarea\" name=\"your-message\"><\/textarea><\/span> <\/label>\n<\/p>\n<p><label><span class=\"wpcf7-form-control-wrap\" data-name=\"acceptance-317\"><span class=\"wpcf7-form-control wpcf7-acceptance\"><span class=\"wpcf7-list-item\"><input type=\"checkbox\" name=\"acceptance-317\" value=\"1\" \/><\/span><\/span><\/span> Ki\u015fisel verilerimin Ye\u015fil \u00c7ember taraf\u0131ndan a\u00e7\u0131klanan <a href=\"\/datenschutz\/\" target=\"_blank\">beyana<\/a> uygun olarak saklanmas\u0131n\u0131 ve kullan\u0131lmas\u0131n\u0131 kabul ediyorum. Saklanan ki\u015fisel veriler hakk\u0131nda her zaman info@yesilcember.eu adresine e-posta g\u00f6ndererek bilgi al\u0131nabilir. Verilerin saklanmas\u0131na ili\u015fkin onay, ayn\u0131 ileti\u015fim bilgileri kullan\u0131larak herhangi bir zamanda serbest\u00e7e iptal edilebilir.<\/label>\n<\/p>\n\n\t<p><input class=\"wpcf7-form-control wpcf7-submit has-spinner\" type=\"submit\" value=\"G\u00f6nder\" \/>\n\t<\/p>\n<div class=\"wpcf7-response-output\" aria-hidden=\"true\"><\/div>\n<\/form>\n<\/div>\n<\/p>\t\t\t\t\t\t\t\t<\/div>\n\t\t\t\t<\/div>\n\t\t\t\t\t<\/div>\n\t\t<\/div>\n\t\t\t\t\t<\/div>\n\t\t<\/section>\n\t\t\t\t<\/div>\n\t\t","protected":false},"excerpt":{"rendered":"<p>Ye\u015fil \u00c7ember&#8217;de G\u00f6n\u00fcll\u00fcl\u00fck E\u011fer sen de bizim gibi do\u011fay\u0131 seviyorsan, bozulan e\u015fyalar\u0131n\u0131 tamir etmekten ho\u015flan\u0131yorsan, daha az t\u00fcketerek daha az at\u0131k \u00fcretmekten ve \u00e7evreye kar\u015f\u0131 sorumlu davranmaktan haz ediyorsan, nas\u0131l daha sa\u011fl\u0131kl\u0131 beslenebilece\u011fine dair kafa yoruyor ve ona g\u00f6re yemek yapmaya ba\u015flad\u0131ysan, iklim de\u011fi\u015fikli\u011finin gelecek&#8230;<\/p>\n","protected":false},"author":7,"featured_media":0,"parent":0,"menu_order":0,"comment_status":"closed","ping_status":"closed","template":"full_width.php","meta":{"footnotes":""},"class_list":["post-5073","page","type-page","status-publish","hentry"],"_links":{"self":[{"href":"https:\/\/yesilcember.eu\/tr\/wp-json\/wp\/v2\/pages\/5073","targetHints":{"allow":["GET"]}}],"collection":[{"href":"https:\/\/yesilcember.eu\/tr\/wp-json\/wp\/v2\/pages"}],"about":[{"href":"https:\/\/yesilcember.eu\/tr\/wp-json\/wp\/v2\/types\/page"}],"author":[{"embeddable":true,"href":"https:\/\/yesilcember.eu\/tr\/wp-json\/wp\/v2\/users\/7"}],"replies":[{"embeddable":true,"href":"https:\/\/yesilcember.eu\/tr\/wp-json\/wp\/v2\/comments?post=5073"}],"version-history":[{"count":3,"href":"https:\/\/yesilcember.eu\/tr\/wp-json\/wp\/v2\/pages\/5073\/revisions"}],"predecessor-version":[{"id":6432,"href":"https:\/\/yesilcember.eu\/tr\/wp-json\/wp\/v2\/pages\/5073\/revisions\/6432"}],"wp:attachment":[{"href":"https:\/\/yesilcember.eu\/tr\/wp-json\/wp\/v2\/media?parent=5073"}],"curies":[{"name":"wp","href":"https:\/\/api.w.org\/{rel}","templated":true}]}}