{"id":6053,"date":"2023-12-13T15:25:18","date_gmt":"2023-12-13T14:25:18","guid":{"rendered":"https:\/\/yesilcember.eu\/?page_id=6053"},"modified":"2025-06-17T22:50:52","modified_gmt":"2025-06-17T20:50:52","slug":"doga-gezileri","status":"publish","type":"page","link":"https:\/\/yesilcember.eu\/tr\/projeler\/doga-gezileri\/","title":{"rendered":"G\u00f6\u00e7men aileler i\u00e7in do\u011fa gezileri ve \u00e7evre e\u011fitimi"},"content":{"rendered":"\t\t<div data-elementor-type=\"wp-page\" data-elementor-id=\"6053\" class=\"elementor elementor-6053 elementor-6038\">\n\t\t\t\t\t\t<section class=\"elementor-section elementor-top-section elementor-element elementor-element-9f9d063 elementor-section-boxed elementor-section-height-default elementor-section-height-default parallax_section_no qode_elementor_container_no\" data-id=\"9f9d063\" data-element_type=\"section\">\n\t\t\t\t\t\t<div class=\"elementor-container elementor-column-gap-default\">\n\t\t\t\t\t<div class=\"elementor-column elementor-col-100 elementor-top-column elementor-element elementor-element-b0c0f31\" data-id=\"b0c0f31\" data-element_type=\"column\">\n\t\t\t<div class=\"elementor-widget-wrap elementor-element-populated\">\n\t\t\t\t\t\t<div class=\"elementor-element elementor-element-6e9e054 elementor-widget elementor-widget-spacer\" data-id=\"6e9e054\" data-element_type=\"widget\" data-widget_type=\"spacer.default\">\n\t\t\t\t<div class=\"elementor-widget-container\">\n\t\t\t\t\t\t\t<div class=\"elementor-spacer\">\n\t\t\t<div class=\"elementor-spacer-inner\"><\/div>\n\t\t<\/div>\n\t\t\t\t\t\t<\/div>\n\t\t\t\t<\/div>\n\t\t\t\t\t<\/div>\n\t\t<\/div>\n\t\t\t\t\t<\/div>\n\t\t<\/section>\n\t\t\t\t<section class=\"elementor-section elementor-top-section elementor-element elementor-element-3e7fd362 elementor-section-full_width qode_elementor_container_inner elementor-section-height-default elementor-section-height-default parallax_section_no\" data-id=\"3e7fd362\" data-element_type=\"section\">\n\t\t\t\t\t\t<div class=\"elementor-container elementor-column-gap-default\">\n\t\t\t\t\t<div class=\"elementor-column elementor-col-100 elementor-top-column elementor-element elementor-element-2b6ad0fd\" data-id=\"2b6ad0fd\" data-element_type=\"column\">\n\t\t\t<div class=\"elementor-widget-wrap elementor-element-populated\">\n\t\t\t\t\t\t<div class=\"elementor-element elementor-element-3f019b51 elementor-widget elementor-widget-heading\" data-id=\"3f019b51\" data-element_type=\"widget\" data-widget_type=\"heading.default\">\n\t\t\t\t<div class=\"elementor-widget-container\">\n\t\t\t\t\t<h1 class=\"elementor-heading-title elementor-size-default\">G\u00f6\u00e7men aileler i\u00e7in do\u011fa gezileri ve \u00e7evre e\u011fitimi\n\n<\/h1>\t\t\t\t<\/div>\n\t\t\t\t<\/div>\n\t\t\t\t<div class=\"elementor-element elementor-element-aecc636 elementor-widget elementor-widget-heading\" data-id=\"aecc636\" data-element_type=\"widget\" data-widget_type=\"heading.default\">\n\t\t\t\t<div class=\"elementor-widget-container\">\n\t\t\t\t\t<h4 class=\"elementor-heading-title elementor-size-default\">\n<\/h4>\t\t\t\t<\/div>\n\t\t\t\t<\/div>\n\t\t\t\t\t<\/div>\n\t\t<\/div>\n\t\t\t\t\t<\/div>\n\t\t<\/section>\n\t\t\t\t<section class=\"elementor-section elementor-top-section elementor-element elementor-element-1eeb0d4b elementor-section-full_width elementor-section-content-middle qode_elementor_container_inner elementor-section-height-default elementor-section-height-default parallax_section_no\" data-id=\"1eeb0d4b\" data-element_type=\"section\">\n\t\t\t\t\t\t<div class=\"elementor-container elementor-column-gap-default\">\n\t\t\t\t\t<div class=\"elementor-column elementor-col-50 elementor-top-column elementor-element elementor-element-76986e26\" data-id=\"76986e26\" data-element_type=\"column\">\n\t\t\t<div class=\"elementor-widget-wrap elementor-element-populated\">\n\t\t\t\t\t\t<div class=\"elementor-element elementor-element-104d1bb elementor-widget elementor-widget-image\" data-id=\"104d1bb\" data-element_type=\"widget\" data-widget_type=\"image.default\">\n\t\t\t\t<div class=\"elementor-widget-container\">\n\t\t\t\t\t\t\t\t\t\t\t\t\t\t\t<img fetchpriority=\"high\" decoding=\"async\" width=\"1024\" height=\"681\" src=\"https:\/\/yesilcember.eu\/wp-content\/uploads\/2023\/12\/IMG_5542-1024x681.jpg\" class=\"attachment-large size-large wp-image-6043\" alt=\"\" srcset=\"https:\/\/yesilcember.eu\/wp-content\/uploads\/2023\/12\/IMG_5542-1024x681.jpg 1024w, https:\/\/yesilcember.eu\/wp-content\/uploads\/2023\/12\/IMG_5542-300x200.jpg 300w, https:\/\/yesilcember.eu\/wp-content\/uploads\/2023\/12\/IMG_5542-768x511.jpg 768w, https:\/\/yesilcember.eu\/wp-content\/uploads\/2023\/12\/IMG_5542-1536x1022.jpg 1536w, https:\/\/yesilcember.eu\/wp-content\/uploads\/2023\/12\/IMG_5542-700x466.jpg 700w, https:\/\/yesilcember.eu\/wp-content\/uploads\/2023\/12\/IMG_5542.jpg 1936w\" sizes=\"(max-width: 1024px) 100vw, 1024px\" \/>\t\t\t\t\t\t\t\t\t\t\t\t\t\t\t<\/div>\n\t\t\t\t<\/div>\n\t\t\t\t\t<\/div>\n\t\t<\/div>\n\t\t\t\t<div class=\"elementor-column elementor-col-50 elementor-top-column elementor-element elementor-element-745c312a\" data-id=\"745c312a\" data-element_type=\"column\">\n\t\t\t<div class=\"elementor-widget-wrap elementor-element-populated\">\n\t\t\t\t\t\t<div class=\"elementor-element elementor-element-2c9d03de elementor-widget elementor-widget-spacer\" data-id=\"2c9d03de\" data-element_type=\"widget\" data-widget_type=\"spacer.default\">\n\t\t\t\t<div class=\"elementor-widget-container\">\n\t\t\t\t\t\t\t<div class=\"elementor-spacer\">\n\t\t\t<div class=\"elementor-spacer-inner\"><\/div>\n\t\t<\/div>\n\t\t\t\t\t\t<\/div>\n\t\t\t\t<\/div>\n\t\t\t\t<div class=\"elementor-element elementor-element-7e5e2a7f elementor-widget elementor-widget-heading\" data-id=\"7e5e2a7f\" data-element_type=\"widget\" data-widget_type=\"heading.default\">\n\t\t\t\t<div class=\"elementor-widget-container\">\n\t\t\t\t\t<h5 class=\"elementor-heading-title elementor-size-default\">Berlin\u2019deki bir\u00e7ok insan art\u0131k yerel hayvanlar ve bitkiler hakk\u0131nda ki\u015fisel deneyimlerden maalesef yoksun. \u00d6zellikle g\u00f6\u00e7men aileler aras\u0131nda, yerel flora ve fauna ile bu canl\u0131lar\u0131n ya\u015fam alanlar\u0131na dair bilgi eksikli\u011fi ve ekolojik ili\u015fkilerin anla\u015f\u0131lmas\u0131 olduk\u00e7a s\u0131n\u0131rl\u0131.G\u00f6\u00e7men aileleri Berlin\u2019de nadiren ziyaret ettikleri do\u011fa alanlar\u0131na, rehber e\u015fli\u011finde \u00e7evre e\u011fitimi gezilerine g\u00f6t\u00fcr\u00fcyoruz. Bu sayede kat\u0131l\u0131mc\u0131lar aras\u0131nda do\u011fal alanlara ili\u015fkin bir fark\u0131ndal\u0131k yarat\u0131yor ve f\u0131rsat e\u015fitli\u011fi sa\u011fl\u0131yoruz. \n<\/h5>\t\t\t\t<\/div>\n\t\t\t\t<\/div>\n\t\t\t\t\t<\/div>\n\t\t<\/div>\n\t\t\t\t\t<\/div>\n\t\t<\/section>\n\t\t\t\t<section class=\"elementor-section elementor-top-section elementor-element elementor-element-cd7b1bc elementor-section-full_width elementor-section-content-middle qode_elementor_container_inner elementor-section-height-default elementor-section-height-default parallax_section_no\" data-id=\"cd7b1bc\" data-element_type=\"section\">\n\t\t\t\t\t\t<div class=\"elementor-container elementor-column-gap-default\">\n\t\t\t\t\t<div class=\"elementor-column elementor-col-50 elementor-top-column elementor-element elementor-element-341012d\" data-id=\"341012d\" data-element_type=\"column\">\n\t\t\t<div class=\"elementor-widget-wrap elementor-element-populated\">\n\t\t\t\t\t\t<div class=\"elementor-element elementor-element-d5d7f25 elementor-widget elementor-widget-heading\" data-id=\"d5d7f25\" data-element_type=\"widget\" data-widget_type=\"heading.default\">\n\t\t\t\t<div class=\"elementor-widget-container\">\n\t\t\t\t\t<h5 class=\"elementor-heading-title elementor-size-default\">Projemiz arac\u0131l\u0131\u011f\u0131yla, do\u011faya ilgi duyan bu hedef grup i\u00e7in do\u011fal d\u00fcnyay\u0131 ke\u015ffetme f\u0131rsat\u0131 sunarak ekolojik bilin\u00e7lerini artt\u0131r\u0131yoruz. Kat\u0131l\u0131mc\u0131lar\u0131m\u0131z do\u011fa ile daha yak\u0131n bir ili\u015fki kurarak do\u011fay\u0131 koruma konusundaki daha sa\u011flam bir temel olu\u015fturuyor ve \u00e7evreye kar\u015f\u0131 sorumluluklar\u0131n\u0131 art\u0131rmay\u0131 hedefliyoruz.\n\n<\/h5>\t\t\t\t<\/div>\n\t\t\t\t<\/div>\n\t\t\t\t<div class=\"elementor-element elementor-element-22188b0 elementor-widget elementor-widget-spacer\" data-id=\"22188b0\" data-element_type=\"widget\" data-widget_type=\"spacer.default\">\n\t\t\t\t<div class=\"elementor-widget-container\">\n\t\t\t\t\t\t\t<div class=\"elementor-spacer\">\n\t\t\t<div class=\"elementor-spacer-inner\"><\/div>\n\t\t<\/div>\n\t\t\t\t\t\t<\/div>\n\t\t\t\t<\/div>\n\t\t\t\t\t<\/div>\n\t\t<\/div>\n\t\t\t\t<div class=\"elementor-column elementor-col-50 elementor-top-column elementor-element elementor-element-f062b3f\" data-id=\"f062b3f\" data-element_type=\"column\">\n\t\t\t<div class=\"elementor-widget-wrap elementor-element-populated\">\n\t\t\t\t\t\t<div class=\"elementor-element elementor-element-8482f3a elementor-widget elementor-widget-image\" data-id=\"8482f3a\" data-element_type=\"widget\" data-widget_type=\"image.default\">\n\t\t\t\t<div class=\"elementor-widget-container\">\n\t\t\t\t\t\t\t\t\t\t\t\t\t\t\t<img decoding=\"async\" width=\"1024\" height=\"768\" src=\"https:\/\/yesilcember.eu\/wp-content\/uploads\/2023\/12\/4-1024x768.jpg\" class=\"attachment-large size-large wp-image-6046\" alt=\"\" srcset=\"https:\/\/yesilcember.eu\/wp-content\/uploads\/2023\/12\/4-1024x768.jpg 1024w, https:\/\/yesilcember.eu\/wp-content\/uploads\/2023\/12\/4-300x225.jpg 300w, https:\/\/yesilcember.eu\/wp-content\/uploads\/2023\/12\/4-768x576.jpg 768w, https:\/\/yesilcember.eu\/wp-content\/uploads\/2023\/12\/4-1536x1152.jpg 1536w, https:\/\/yesilcember.eu\/wp-content\/uploads\/2023\/12\/4-2048x1536.jpg 2048w, https:\/\/yesilcember.eu\/wp-content\/uploads\/2023\/12\/4-800x600.jpg 800w, https:\/\/yesilcember.eu\/wp-content\/uploads\/2023\/12\/4-700x525.jpg 700w\" sizes=\"(max-width: 1024px) 100vw, 1024px\" \/>\t\t\t\t\t\t\t\t\t\t\t\t\t\t\t<\/div>\n\t\t\t\t<\/div>\n\t\t\t\t\t<\/div>\n\t\t<\/div>\n\t\t\t\t\t<\/div>\n\t\t<\/section>\n\t\t\t\t<section class=\"elementor-section elementor-top-section elementor-element elementor-element-498430f elementor-section-full_width elementor-section-content-middle qode_elementor_container_inner elementor-section-height-default elementor-section-height-default parallax_section_no\" data-id=\"498430f\" data-element_type=\"section\">\n\t\t\t\t\t\t<div class=\"elementor-container elementor-column-gap-default\">\n\t\t\t\t\t<div class=\"elementor-column elementor-col-50 elementor-top-column elementor-element elementor-element-a2d8761\" data-id=\"a2d8761\" data-element_type=\"column\">\n\t\t\t<div class=\"elementor-widget-wrap elementor-element-populated\">\n\t\t\t\t\t\t<div class=\"elementor-element elementor-element-d43f802 elementor-widget elementor-widget-image\" data-id=\"d43f802\" data-element_type=\"widget\" data-widget_type=\"image.default\">\n\t\t\t\t<div class=\"elementor-widget-container\">\n\t\t\t\t\t\t\t\t\t\t\t\t\t\t\t<img decoding=\"async\" width=\"1024\" height=\"681\" src=\"https:\/\/yesilcember.eu\/wp-content\/uploads\/2023\/12\/1-1024x681.jpg\" class=\"attachment-large size-large wp-image-6049\" alt=\"\" srcset=\"https:\/\/yesilcember.eu\/wp-content\/uploads\/2023\/12\/1-1024x681.jpg 1024w, https:\/\/yesilcember.eu\/wp-content\/uploads\/2023\/12\/1-300x200.jpg 300w, https:\/\/yesilcember.eu\/wp-content\/uploads\/2023\/12\/1-768x511.jpg 768w, https:\/\/yesilcember.eu\/wp-content\/uploads\/2023\/12\/1-1536x1022.jpg 1536w, https:\/\/yesilcember.eu\/wp-content\/uploads\/2023\/12\/1-700x466.jpg 700w, https:\/\/yesilcember.eu\/wp-content\/uploads\/2023\/12\/1.jpg 1936w\" sizes=\"(max-width: 1024px) 100vw, 1024px\" \/>\t\t\t\t\t\t\t\t\t\t\t\t\t\t\t<\/div>\n\t\t\t\t<\/div>\n\t\t\t\t\t<\/div>\n\t\t<\/div>\n\t\t\t\t<div class=\"elementor-column elementor-col-50 elementor-top-column elementor-element elementor-element-d787d74\" data-id=\"d787d74\" data-element_type=\"column\">\n\t\t\t<div class=\"elementor-widget-wrap elementor-element-populated\">\n\t\t\t\t\t\t<div class=\"elementor-element elementor-element-31e5909 elementor-widget elementor-widget-heading\" data-id=\"31e5909\" data-element_type=\"widget\" data-widget_type=\"heading.default\">\n\t\t\t\t<div class=\"elementor-widget-container\">\n\t\t\t\t\t<h5 class=\"elementor-heading-title elementor-size-default\">Bug\u00fcne kadar Botanik Bah\u00e7esi, Potsdam Biyosferi, Berlin Tierpark, Dom\u00e4ne Dahlem ve G\u00e4rten der Welt gibi yerleri ziyaret ettik. Bunlara ek Berlin ve \u00e7evresinde heyecan verici daha bir\u00e7ok gezi planlamaktay\u0131z.\n\n<\/h5>\t\t\t\t<\/div>\n\t\t\t\t<\/div>\n\t\t\t\t\t<\/div>\n\t\t<\/div>\n\t\t\t\t\t<\/div>\n\t\t<\/section>\n\t\t\t\t<section class=\"elementor-section elementor-top-section elementor-element elementor-element-d5ca9ab elementor-section-boxed elementor-section-height-default elementor-section-height-default parallax_section_no qode_elementor_container_no\" data-id=\"d5ca9ab\" data-element_type=\"section\">\n\t\t\t\t\t\t<div class=\"elementor-container elementor-column-gap-default\">\n\t\t\t\t\t<div class=\"elementor-column elementor-col-100 elementor-top-column elementor-element elementor-element-95610ff\" data-id=\"95610ff\" data-element_type=\"column\">\n\t\t\t<div class=\"elementor-widget-wrap\">\n\t\t\t\t\t\t\t<\/div>\n\t\t<\/div>\n\t\t\t\t\t<\/div>\n\t\t<\/section>\n\t\t\t\t<\/div>\n\t\t","protected":false},"excerpt":{"rendered":"<p>G\u00f6\u00e7men aileler i\u00e7in do\u011fa gezileri ve \u00e7evre e\u011fitimi Berlin\u2019deki bir\u00e7ok insan art\u0131k yerel hayvanlar ve bitkiler hakk\u0131nda ki\u015fisel deneyimlerden maalesef yoksun. \u00d6zellikle g\u00f6\u00e7men aileler aras\u0131nda, yerel flora ve fauna ile bu canl\u0131lar\u0131n ya\u015fam alanlar\u0131na dair bilgi eksikli\u011fi ve ekolojik ili\u015fkilerin anla\u015f\u0131lmas\u0131 olduk\u00e7a s\u0131n\u0131rl\u0131.G\u00f6\u00e7men aileleri Berlin\u2019de&#8230;<\/p>\n","protected":false},"author":7,"featured_media":6043,"parent":2795,"menu_order":0,"comment_status":"closed","ping_status":"closed","template":"full_width.php","meta":{"footnotes":""},"class_list":["post-6053","page","type-page","status-publish","has-post-thumbnail","hentry"],"_links":{"self":[{"href":"https:\/\/yesilcember.eu\/tr\/wp-json\/wp\/v2\/pages\/6053","targetHints":{"allow":["GET"]}}],"collection":[{"href":"https:\/\/yesilcember.eu\/tr\/wp-json\/wp\/v2\/pages"}],"about":[{"href":"https:\/\/yesilcember.eu\/tr\/wp-json\/wp\/v2\/types\/page"}],"author":[{"embeddable":true,"href":"https:\/\/yesilcember.eu\/tr\/wp-json\/wp\/v2\/users\/7"}],"replies":[{"embeddable":true,"href":"https:\/\/yesilcember.eu\/tr\/wp-json\/wp\/v2\/comments?post=6053"}],"version-history":[{"count":1,"href":"https:\/\/yesilcember.eu\/tr\/wp-json\/wp\/v2\/pages\/6053\/revisions"}],"predecessor-version":[{"id":6671,"href":"https:\/\/yesilcember.eu\/tr\/wp-json\/wp\/v2\/pages\/6053\/revisions\/6671"}],"up":[{"embeddable":true,"href":"https:\/\/yesilcember.eu\/tr\/wp-json\/wp\/v2\/pages\/2795"}],"wp:featuredmedia":[{"embeddable":true,"href":"https:\/\/yesilcember.eu\/tr\/wp-json\/wp\/v2\/media\/6043"}],"wp:attachment":[{"href":"https:\/\/yesilcember.eu\/tr\/wp-json\/wp\/v2\/media?parent=6053"}],"curies":[{"name":"wp","href":"https:\/\/api.w.org\/{rel}","templated":true}]}}