{"id":6295,"date":"2024-05-17T11:18:13","date_gmt":"2024-05-17T09:18:13","guid":{"rendered":"https:\/\/yesilcember.eu\/?page_id=6295"},"modified":"2025-01-23T14:40:33","modified_gmt":"2025-01-23T13:40:33","slug":"saglikli-ve-suerdueruelebilir-bir-beslenme-icin-gueclendirme","status":"publish","type":"page","link":"https:\/\/yesilcember.eu\/tr\/projeler\/saglikli-ve-suerdueruelebilir-bir-beslenme-icin-gueclendirme\/","title":{"rendered":"Sa\u011fl\u0131kl\u0131 ve s\u00fcrd\u00fcr\u00fclebilir bir beslenme i\u00e7in g\u00fc\u00e7lendirme"},"content":{"rendered":"\t\t<div data-elementor-type=\"wp-page\" data-elementor-id=\"6295\" class=\"elementor elementor-6295 elementor-6290\">\n\t\t\t\t\t\t<section class=\"elementor-section elementor-top-section elementor-element elementor-element-9f9d063 elementor-section-boxed elementor-section-height-default elementor-section-height-default parallax_section_no qode_elementor_container_no\" data-id=\"9f9d063\" data-element_type=\"section\">\n\t\t\t\t\t\t<div class=\"elementor-container elementor-column-gap-default\">\n\t\t\t\t\t<div class=\"elementor-column elementor-col-100 elementor-top-column elementor-element elementor-element-b0c0f31\" data-id=\"b0c0f31\" data-element_type=\"column\">\n\t\t\t<div class=\"elementor-widget-wrap elementor-element-populated\">\n\t\t\t\t\t\t<div class=\"elementor-element elementor-element-6e9e054 elementor-widget elementor-widget-spacer\" data-id=\"6e9e054\" data-element_type=\"widget\" data-widget_type=\"spacer.default\">\n\t\t\t\t<div class=\"elementor-widget-container\">\n\t\t\t\t\t\t\t<div class=\"elementor-spacer\">\n\t\t\t<div class=\"elementor-spacer-inner\"><\/div>\n\t\t<\/div>\n\t\t\t\t\t\t<\/div>\n\t\t\t\t<\/div>\n\t\t\t\t\t<\/div>\n\t\t<\/div>\n\t\t\t\t\t<\/div>\n\t\t<\/section>\n\t\t\t\t<section class=\"elementor-section elementor-top-section elementor-element elementor-element-3e7fd362 elementor-section-full_width qode_elementor_container_inner elementor-section-height-default elementor-section-height-default parallax_section_no\" data-id=\"3e7fd362\" data-element_type=\"section\">\n\t\t\t\t\t\t<div class=\"elementor-container elementor-column-gap-default\">\n\t\t\t\t\t<div class=\"elementor-column elementor-col-100 elementor-top-column elementor-element elementor-element-2b6ad0fd\" data-id=\"2b6ad0fd\" data-element_type=\"column\">\n\t\t\t<div class=\"elementor-widget-wrap elementor-element-populated\">\n\t\t\t\t\t\t<div class=\"elementor-element elementor-element-3f019b51 elementor-widget elementor-widget-heading\" data-id=\"3f019b51\" data-element_type=\"widget\" data-widget_type=\"heading.default\">\n\t\t\t\t<div class=\"elementor-widget-container\">\n\t\t\t\t\t<h1 class=\"elementor-heading-title elementor-size-default\">Glasower Stra\u00dfe QM b\u00f6lgesinde sa\u011fl\u0131kl\u0131 ve s\u00fcrd\u00fcr\u00fclebilir bir beslenme<\/h1>\t\t\t\t<\/div>\n\t\t\t\t<\/div>\n\t\t\t\t\t<\/div>\n\t\t<\/div>\n\t\t\t\t\t<\/div>\n\t\t<\/section>\n\t\t\t\t<section class=\"elementor-section elementor-top-section elementor-element elementor-element-ff75342 elementor-section-boxed elementor-section-height-default elementor-section-height-default parallax_section_no qode_elementor_container_no\" data-id=\"ff75342\" data-element_type=\"section\">\n\t\t\t\t\t\t<div class=\"elementor-container elementor-column-gap-default\">\n\t\t\t\t\t<div class=\"elementor-column elementor-col-100 elementor-top-column elementor-element elementor-element-857215d\" data-id=\"857215d\" data-element_type=\"column\">\n\t\t\t<div class=\"elementor-widget-wrap elementor-element-populated\">\n\t\t\t\t\t\t<div class=\"elementor-element elementor-element-2bc9a41 elementor-widget elementor-widget-text-editor\" data-id=\"2bc9a41\" data-element_type=\"widget\" data-widget_type=\"text-editor.default\">\n\t\t\t\t<div class=\"elementor-widget-container\">\n\t\t\t\t\t\t\t\t\t<p lang=\"tr-TR\">\u201eSa\u011fl\u0131kl\u0131 ve S\u00fcrd\u00fcr\u00fclebilir Beslenme i\u00e7in G\u00fc\u00e7lendirme\u201c projesi, \u201eGlasower Stra\u00dfe\u201c Mahalle Y\u00f6netimi (QM) b\u00f6lgesinde daha sa\u011fl\u0131kl\u0131 ve s\u00fcrd\u00fcr\u00fclebilir bir beslenme yolunu a\u00e7may\u0131 hedefliyor.<\/p>\n<p lang=\"tr-TR\">G\u00f6n\u00fcll\u00fc kat\u0131l\u0131mc\u0131lar, bilgi ve deneyimlerini mahallede payla\u015fmalar\u0131 i\u00e7in beslenme el\u00e7ileri olarak e\u011fitilecek. Okullarda ve kre\u015flerde proje g\u00fcnleri, at\u00f6lye \u00e7al\u0131\u015fmalar\u0131, mahalle y\u00fcr\u00fcy\u00fc\u015fleri ve \u00e7iftlik gezileri gibi \u00e7e\u015fitli etkinlikler planlanmaktad\u0131r. Bu aktiviteler, sa\u011fl\u0131kl\u0131 beslenme ile ilgili canl\u0131 bir etkile\u015fim sa\u011flamaktad\u0131r.<\/p>\n<p lang=\"tr-TR\">Projenin amac\u0131, mahalle sakinlerinin sa\u011fl\u0131kl\u0131 beslenme konusundaki bilin\u00e7lerini kal\u0131c\u0131 olarak art\u0131rmak ve uygulamal\u0131 etkinliklerle g\u00fc\u00e7lendirmektir.<\/p>\n<p lang=\"tr-TR\"><b>\u0130leti\u015fim Bilgileri:<br><\/b>E-posta: <u>glasower@yesilcember.eu<\/u><br><\/p>\n<p lang=\"tr-TR\"><b>Proje S\u00fcresi:<\/b> 01.01.2024 \u2013 30.06.2026<\/p>\n<p lang=\"tr-TR\">Bu proje, QM Glasower Stra\u00dfe taraf\u0131ndan desteklenmektedir.<\/p>\n<p lang=\"tr-TR\">\n<\/p>\t\t\t\t\t\t\t\t<\/div>\n\t\t\t\t<\/div>\n\t\t\t\t\t<\/div>\n\t\t<\/div>\n\t\t\t\t\t<\/div>\n\t\t<\/section>\n\t\t\t\t<\/div>\n\t\t","protected":false},"excerpt":{"rendered":"<p>Glasower Stra\u00dfe QM b\u00f6lgesinde sa\u011fl\u0131kl\u0131 ve s\u00fcrd\u00fcr\u00fclebilir bir beslenme \u201eSa\u011fl\u0131kl\u0131 ve S\u00fcrd\u00fcr\u00fclebilir Beslenme i\u00e7in G\u00fc\u00e7lendirme\u201c projesi, \u201eGlasower Stra\u00dfe\u201c Mahalle Y\u00f6netimi (QM) b\u00f6lgesinde daha sa\u011fl\u0131kl\u0131 ve s\u00fcrd\u00fcr\u00fclebilir bir beslenme yolunu a\u00e7may\u0131 hedefliyor. G\u00f6n\u00fcll\u00fc kat\u0131l\u0131mc\u0131lar, bilgi ve deneyimlerini mahallede payla\u015fmalar\u0131 i\u00e7in beslenme el\u00e7ileri olarak e\u011fitilecek. Okullarda ve&#8230;<\/p>\n","protected":false},"author":11,"featured_media":4637,"parent":2795,"menu_order":0,"comment_status":"closed","ping_status":"closed","template":"full_width.php","meta":{"footnotes":""},"class_list":["post-6295","page","type-page","status-publish","has-post-thumbnail","hentry"],"_links":{"self":[{"href":"https:\/\/yesilcember.eu\/tr\/wp-json\/wp\/v2\/pages\/6295","targetHints":{"allow":["GET"]}}],"collection":[{"href":"https:\/\/yesilcember.eu\/tr\/wp-json\/wp\/v2\/pages"}],"about":[{"href":"https:\/\/yesilcember.eu\/tr\/wp-json\/wp\/v2\/types\/page"}],"author":[{"embeddable":true,"href":"https:\/\/yesilcember.eu\/tr\/wp-json\/wp\/v2\/users\/11"}],"replies":[{"embeddable":true,"href":"https:\/\/yesilcember.eu\/tr\/wp-json\/wp\/v2\/comments?post=6295"}],"version-history":[{"count":13,"href":"https:\/\/yesilcember.eu\/tr\/wp-json\/wp\/v2\/pages\/6295\/revisions"}],"predecessor-version":[{"id":6489,"href":"https:\/\/yesilcember.eu\/tr\/wp-json\/wp\/v2\/pages\/6295\/revisions\/6489"}],"up":[{"embeddable":true,"href":"https:\/\/yesilcember.eu\/tr\/wp-json\/wp\/v2\/pages\/2795"}],"wp:featuredmedia":[{"embeddable":true,"href":"https:\/\/yesilcember.eu\/tr\/wp-json\/wp\/v2\/media\/4637"}],"wp:attachment":[{"href":"https:\/\/yesilcember.eu\/tr\/wp-json\/wp\/v2\/media?parent=6295"}],"curies":[{"name":"wp","href":"https:\/\/api.w.org\/{rel}","templated":true}]}}